{"id":228179,"date":"2021-05-20T22:45:34","date_gmt":"2021-05-20T20:45:34","guid":{"rendered":"https:\/\/livha.org\/?page_id=228179"},"modified":"2021-06-30T19:57:07","modified_gmt":"2021-06-30T17:57:07","slug":"cercles-de-lumiere","status":"publish","type":"page","link":"https:\/\/livha.org\/fr\/cercles-de-lumiere\/","title":{"rendered":"Cercles de lumi\u00e8re"},"content":{"rendered":"<p>[et_pb_section fb_built=\u00a0\u00bb1&Prime; _builder_version=\u00a0\u00bb4.9.4&Prime; _module_preset=\u00a0\u00bbdefault\u00a0\u00bb custom_padding=\u00a0\u00bb41px|||||\u00a0\u00bb top_divider_style=\u00a0\u00bbwave2&Prime; top_divider_color=\u00a0\u00bbrgba(127,203,219,0.3)\u00a0\u00bb top_divider_height=\u00a0\u00bb40px\u00a0\u00bb top_divider_flip=\u00a0\u00bbhorizontal|vertical\u00a0\u00bb bottom_divider_style=\u00a0\u00bbwave2&Prime; bottom_divider_color=\u00a0\u00bbrgba(127,203,219,0.3)\u00a0\u00bb bottom_divider_height=\u00a0\u00bb40px\u00a0\u00bb bottom_divider_flip=\u00a0\u00bbhorizontal\u00a0\u00bb][et_pb_row _builder_version=\u00a0\u00bb4.9.4&Prime; _module_preset=\u00a0\u00bbdefault\u00a0\u00bb max_width=\u00a0\u00bb940px\u00a0\u00bb][et_pb_column type=\u00a0\u00bb4_4&Prime; _builder_version=\u00a0\u00bb4.8.1&Prime; _module_preset=\u00a0\u00bbdefault\u00a0\u00bb][et_pb_image src=\u00a0\u00bbhttps:\/\/livha.org\/wp-content\/uploads\/2021\/05\/cercle_01-small.jpg\u00a0\u00bb _builder_version=\u00a0\u00bb4.9.4&Prime; _module_preset=\u00a0\u00bbdefault\u00a0\u00bb width=\u00a0\u00bb70%\u00a0\u00bb width_tablet=\u00a0\u00bb70%\u00a0\u00bb width_phone=\u00a0\u00bb100%\u00a0\u00bb width_last_edited=\u00a0\u00bbon|phone\u00a0\u00bb module_alignment=\u00a0\u00bbcenter\u00a0\u00bb hover_enabled=\u00a0\u00bb0&Prime; border_radii=\u00a0\u00bbon|2px|2px|2px|2px\u00a0\u00bb alt=\u00a0\u00bbcercle de lumi\u00e8re\u00a0\u00bb sticky_enabled=\u00a0\u00bb0&Prime;][\/et_pb_image][\/et_pb_column][\/et_pb_row][et_pb_row _builder_version=\u00a0\u00bb4.9.4&Prime; _module_preset=\u00a0\u00bbdefault\u00a0\u00bb max_width=\u00a0\u00bb940px\u00a0\u00bb custom_padding=\u00a0\u00bb||66px|||\u00a0\u00bb][et_pb_column type=\u00a0\u00bb4_4&Prime; _builder_version=\u00a0\u00bb4.8.1&Prime; _module_preset=\u00a0\u00bbdefault\u00a0\u00bb][et_pb_text _builder_version=\u00a0\u00bb4.9.4&Prime; text_font=\u00a0\u00bbPoppins||||||||\u00a0\u00bb link_font=\u00a0\u00bbChivo||||||||\u00a0\u00bb header_font=\u00a0\u00bb||||||||\u00a0\u00bb header_3_font=\u00a0\u00bbBelleza|700||on|||||\u00a0\u00bb header_3_text_align=\u00a0\u00bbcenter\u00a0\u00bb header_3_text_color=\u00a0\u00bb#2b2b2b\u00a0\u00bb header_3_font_size=\u00a0\u00bb26px\u00a0\u00bb header_3_letter_spacing=\u00a0\u00bb2px\u00a0\u00bb header_3_line_height=\u00a0\u00bb2em\u00a0\u00bb min_height=\u00a0\u00bb33px\u00a0\u00bb custom_margin=\u00a0\u00bb-25px||5px||false|false\u00a0\u00bb custom_padding=\u00a0\u00bb||0px|||\u00a0\u00bb animation_style=\u00a0\u00bbnone\u00a0\u00bb header_font_size_tablet=\u00a0\u00bb25px\u00a0\u00bb header_font_size_phone=\u00a0\u00bb\u00a0\u00bb header_font_size_last_edited=\u00a0\u00bbon|phone\u00a0\u00bb header_3_font_size_tablet=\u00a0\u00bb24px\u00a0\u00bb header_3_font_size_phone=\u00a0\u00bb22px\u00a0\u00bb header_3_font_size_last_edited=\u00a0\u00bbon|desktop\u00a0\u00bb]<\/p>\n<h3>Les cercles de Lumi\u00e8re<\/h3>\n<p>[\/et_pb_text][et_pb_text _builder_version=\u00a0\u00bb4.9.4&Prime; _module_preset=\u00a0\u00bb0076d6eb-5595-4dd1-a096-31982f9ed001&Prime; text_font=\u00a0\u00bb||||||||\u00a0\u00bb]<\/p>\n<p>Les \u00ab cercles de lumi\u00e8re \u00bb sont fond\u00e9s sur les enseignements apport\u00e9s par Quentin. Ils sont organis\u00e9s par des \u00eatres de la communaut\u00e9 qui ont d\u00e9j\u00e0 d\u00e9couvert ces enseignements. Ces cercles sont des portes ouvertes sur la communaut\u00e9 du c\u0153ur et ils donnent l\u2019occasion aux \u00eatres touch\u00e9s de rencontrer d\u2019autres belles \u00e2mes qui r\u00e9sonnent avec eux dans la joie de se retrouver.<\/p>\n<p>Ils sont ouverts \u00e0 tout \u00eatre qui ressent l&rsquo;appel d&rsquo;y participer. Ils sont constitu\u00e9s de moments de m\u00e9ditation, de partages du c\u0153ur et d&rsquo;approfondissement de certains aspects de l&rsquo;enseignement.<\/p>\n<p>Vous pouvez regarder s&rsquo;il existe un cercle pr\u00e8s de chez vous ou vous pouvez participer \u00e0 un cercle de lumi\u00e8re en ligne en vous rendant sur <a href=\"https:\/\/livha.org\/fr\/calendrier\/\">cette page<\/a>.<\/p>\n<p>[\/et_pb_text][et_pb_image src=\u00a0\u00bbhttps:\/\/livha.org\/wp-content\/uploads\/2021\/05\/cercle_01-1.jpg\u00a0\u00bb _builder_version=\u00a0\u00bb4.9.4&Prime; _module_preset=\u00a0\u00bbdefault\u00a0\u00bb width=\u00a0\u00bb70%\u00a0\u00bb width_tablet=\u00a0\u00bb70%\u00a0\u00bb width_phone=\u00a0\u00bb100%\u00a0\u00bb width_last_edited=\u00a0\u00bbon|phone\u00a0\u00bb module_alignment=\u00a0\u00bbcenter\u00a0\u00bb custom_padding=\u00a0\u00bb5px||10px||false|false\u00a0\u00bb hover_enabled=\u00a0\u00bb0&Prime; border_radii=\u00a0\u00bbon|2px|2px|2px|2px\u00a0\u00bb alt=\u00a0\u00bbcercle de lumi\u00e8re 2&Prime; sticky_enabled=\u00a0\u00bb0&Prime;][\/et_pb_image][et_pb_text content_tablet=\u00a0\u00bb\u00a0\u00bb content_phone=\u00a0\u00bb<\/p>\n<h3 style=%22text-align: center;%22>Les cercles de lumi\u00e8re avanc\u00e9s &#8211; approfondissement et partages<\/h3>\n<h4 style=%22text-align: center;%22> (accessible dans l&rsquo;abonnement <br \/>\u00ab mylivha + \u00bb)<\/h4>\n<p>\u00a0\u00bb content_last_edited=\u00a0\u00bbon|phone\u00a0\u00bb _builder_version=\u00a0\u00bb4.9.4&Prime; text_font=\u00a0\u00bbPoppins||||||||\u00a0\u00bb link_font=\u00a0\u00bbChivo||||||||\u00a0\u00bb header_font=\u00a0\u00bb|||on|||||\u00a0\u00bb header_3_font=\u00a0\u00bbBelleza|700||on|||||\u00a0\u00bb header_3_text_align=\u00a0\u00bbcenter\u00a0\u00bb header_3_text_color=\u00a0\u00bb#2b2b2b\u00a0\u00bb header_3_font_size=\u00a0\u00bb24px\u00a0\u00bb header_3_letter_spacing=\u00a0\u00bb2px\u00a0\u00bb header_3_line_height=\u00a0\u00bb1.6em\u00a0\u00bb header_4_font=\u00a0\u00bbBelleza|700|||||||\u00a0\u00bb header_4_font_size=\u00a0\u00bb21px\u00a0\u00bb min_height=\u00a0\u00bb33px\u00a0\u00bb custom_margin=\u00a0\u00bb-55px||20px||false|false\u00a0\u00bb custom_padding=\u00a0\u00bb60px|||||\u00a0\u00bb animation_style=\u00a0\u00bbnone\u00a0\u00bb header_3_font_size_tablet=\u00a0\u00bb\u00a0\u00bb header_3_font_size_phone=\u00a0\u00bb22px\u00a0\u00bb header_3_font_size_last_edited=\u00a0\u00bbon|phone\u00a0\u00bb header_4_line_height_tablet=\u00a0\u00bb\u00a0\u00bb header_4_line_height_phone=\u00a0\u00bb1.2em\u00a0\u00bb header_4_line_height_last_edited=\u00a0\u00bbon|phone\u00a0\u00bb]<\/p>\n<h3 style=\"text-align: center;\">Les cercles de lumi\u00e8re avanc\u00e9s &#8211; approfondissement et partages<\/h3>\n<h4 style=\"text-align: center;\">\u00a0(accessible dans l&rsquo;abonnement \u00ab mylivha + \u00bb)<\/h4>\n<p>[\/et_pb_text][et_pb_text _builder_version=\u00a0\u00bb4.9.4&Prime; _module_preset=\u00a0\u00bb0076d6eb-5595-4dd1-a096-31982f9ed001&Prime; text_font=\u00a0\u00bb||||||||\u00a0\u00bb]Cette forme de cercle de lumi\u00e8re peut se d\u00e9rouler par internet ou physiquement. Ce sont des rassemblements de groupes de 3 \u00e0 20 personnes qui se d\u00e9roulent plusieurs fois par mois.<br \/>\nIls regroupent les \u00eatres les plus impliqu\u00e9s de la communaut\u00e9 et permettent d\u2019installer une relation de confiance solide et des r\u00e9sonnances du c\u0153ur tr\u00e8s puissantes. Ces cercles permettent d\u2019accompagner, voire de surmonter et de d\u00e9passer tous les obstacles qui peuvent se trouver sur un chemin de vie. C\u2019est un des piliers les plus profonds et puissants pour vous soutenir et vous accompagner dans votre d\u00e9marche int\u00e9rieure.<\/p>\n<p>Le cercle de lumi\u00e8re avanc\u00e9 est un vrai joyau qui a pris forme naturellement gr\u00e2ce au fruit de plusieurs ann\u00e9es de travail avec la communaut\u00e9. La fa\u00e7on dont il est mis en place permet de rendre accessible un service d\u2019une qualit\u00e9 rare, consacr\u00e9 au bien-\u00eatre et \u00e0 l\u2019accompagnement fructueux de chaque \u00eatre sinc\u00e8rement d\u00e9sireux d\u2019avancer sur son chemin de vie et de construire ensemble un monde plus conscient.<\/p>\n<p>Naturellement, pour que vous puissiez en tirer tous les fruits, cela doit venir de vous-m\u00eame et de votre aspiration int\u00e9rieure. Cet acc\u00e8s est donc facultatif car cela ne peut \u00eatre utile que si cela part de vous et que vous ressentez l\u2019int\u00e9r\u00eat et le b\u00e9n\u00e9fice d\u2019un tel accompagnement sur votre chemin.<\/p>\n<p>\u00c9tant donn\u00e9 la valeur inestimable de ces cercles et la d\u00e9licatesse de maintenir un tel service, nous avons choisi de proposer cela exclusivement dans le cadre de l\u2019abonnement. Ceci afin de s\u2019assurer au minimum de l\u2019implication de chaque participant et ainsi garantir la qualit\u00e9, la profondeur et l\u2019authenticit\u00e9 des \u00e9changes que l\u2019on peut y trouver.<\/p>\n<p>La diff\u00e9rence entre les cercles de lumi\u00e8re ouverts \u00e0 tous et les cercles avanc\u00e9s se situe dans le niveau d&rsquo;implication des participants. Les premiers sont constitu\u00e9s principalement de moments de m\u00e9ditation et de partages autour de l&rsquo;enseignement. Dans les seconds cercles, \u00e0 ce stade, chaque participant a \u00e9mis le souhait d&rsquo;aller plus loin dans sa d\u00e9marche. Ils ne sont plus seulement dans l&rsquo;\u00e9coute, ils se sont \u00e9galement ouverts aux autres, dans la spontan\u00e9it\u00e9, l&rsquo;innocence et la sinc\u00e9rit\u00e9. Cette ouverture de chaque participant permet de mettre en place un travail plus approfondi gr\u00e2ce \u00e0 un mouvement vertueux qui soutient la d\u00e9couverte et la r\u00e9alisation de chacun. Le cercle devient alors un outil tr\u00e8s puissant pour permettre \u00e0 chacun de s&rsquo;accepter tel qu&rsquo;il est, ici et maintenant.[\/et_pb_text][et_pb_image src=\u00a0\u00bbhttps:\/\/livha.org\/wp-content\/uploads\/2021\/05\/cercle_03-small.jpg\u00a0\u00bb _builder_version=\u00a0\u00bb4.9.4&Prime; _module_preset=\u00a0\u00bbdefault\u00a0\u00bb width=\u00a0\u00bb75%\u00a0\u00bb width_tablet=\u00a0\u00bb75%\u00a0\u00bb width_phone=\u00a0\u00bb100%\u00a0\u00bb width_last_edited=\u00a0\u00bbon|phone\u00a0\u00bb module_alignment=\u00a0\u00bbcenter\u00a0\u00bb custom_padding=\u00a0\u00bb10px||||false|false\u00a0\u00bb filter_brightness=\u00a0\u00bb125%\u00a0\u00bb hover_enabled=\u00a0\u00bb0&Prime; border_radii=\u00a0\u00bbon|2px|2px|2px|2px\u00a0\u00bb width__hover_enabled=\u00a0\u00bboff|desktop\u00a0\u00bb alt=\u00a0\u00bbcercle de lumi\u00e8re 3&Prime; sticky_enabled=\u00a0\u00bb0&Prime;][\/et_pb_image][\/et_pb_column][\/et_pb_row][\/et_pb_section]<\/p>\n","protected":false},"excerpt":{"rendered":"<p>Les cercles de Lumi\u00e8reLes \u00ab cercles de lumi\u00e8re \u00bb sont fond\u00e9s sur les enseignements apport\u00e9s par Quentin. Ils sont organis\u00e9s par des \u00eatres de la communaut\u00e9 qui ont d\u00e9j\u00e0 d\u00e9couvert ces enseignements. Ces cercles sont des portes ouvertes sur la communaut\u00e9 du c\u0153ur et ils donnent l\u2019occasion aux \u00eatres touch\u00e9s de rencontrer d\u2019autres belles \u00e2mes qui r\u00e9sonnent avec eux dans la joie de se retrouver. Ils sont ouverts \u00e0 tout \u00eatre qui ressent l&rsquo;appel d&rsquo;y participer. Ils sont constitu\u00e9s de moments de m\u00e9ditation, de partages du c\u0153ur et d&rsquo;approfondissement de certains aspects de l&rsquo;enseignement. Vous pouvez regarder s&rsquo;il existe un cercle pr\u00e8s de chez vous ou vous pouvez participer \u00e0 un cercle de lumi\u00e8re en ligne en vous rendant sur cette page.Les cercles de lumi\u00e8re avanc\u00e9s &#8211; approfondissement et partages \u00a0(accessible dans l&rsquo;abonnement \u00ab mylivha + \u00bb)Cette forme de cercle de lumi\u00e8re peut se d\u00e9rouler par internet ou physiquement. Ce sont des rassemblements de groupes de 3 \u00e0 20 personnes qui se d\u00e9roulent plusieurs fois par mois. Ils regroupent les \u00eatres les plus impliqu\u00e9s de la communaut\u00e9 et permettent d\u2019installer une relation de confiance solide et des r\u00e9sonnances du c\u0153ur tr\u00e8s puissantes. Ces cercles permettent d\u2019accompagner, voire de surmonter et [&hellip;]<\/p>\n","protected":false},"author":1,"featured_media":0,"parent":0,"menu_order":0,"comment_status":"closed","ping_status":"closed","template":"","meta":{"_et_pb_use_builder":"on","_et_pb_old_content":"","_et_gb_content_width":"","footnotes":""},"class_list":["post-228179","page","type-page","status-publish","hentry"],"_links":{"self":[{"href":"https:\/\/livha.org\/fr\/wp-json\/wp\/v2\/pages\/228179","targetHints":{"allow":["GET"]}}],"collection":[{"href":"https:\/\/livha.org\/fr\/wp-json\/wp\/v2\/pages"}],"about":[{"href":"https:\/\/livha.org\/fr\/wp-json\/wp\/v2\/types\/page"}],"author":[{"embeddable":true,"href":"https:\/\/livha.org\/fr\/wp-json\/wp\/v2\/users\/1"}],"replies":[{"embeddable":true,"href":"https:\/\/livha.org\/fr\/wp-json\/wp\/v2\/comments?post=228179"}],"version-history":[{"count":35,"href":"https:\/\/livha.org\/fr\/wp-json\/wp\/v2\/pages\/228179\/revisions"}],"predecessor-version":[{"id":233739,"href":"https:\/\/livha.org\/fr\/wp-json\/wp\/v2\/pages\/228179\/revisions\/233739"}],"wp:attachment":[{"href":"https:\/\/livha.org\/fr\/wp-json\/wp\/v2\/media?parent=228179"}],"curies":[{"name":"wp","href":"https:\/\/api.w.org\/{rel}","templated":true}]}}