{"id":228240,"date":"2021-05-20T23:15:32","date_gmt":"2021-05-20T21:15:32","guid":{"rendered":"https:\/\/livha.org\/?page_id=228240"},"modified":"2021-06-30T19:51:46","modified_gmt":"2021-06-30T17:51:46","slug":"rencontres-et-retraites","status":"publish","type":"page","link":"https:\/\/livha.org\/fr\/rencontres-et-retraites\/","title":{"rendered":"Rencontres et Retraites"},"content":{"rendered":"<p>[et_pb_section fb_built=\u00a0\u00bb1&Prime; _builder_version=\u00a0\u00bb4.9.4&Prime; _module_preset=\u00a0\u00bbdefault\u00a0\u00bb custom_padding=\u00a0\u00bb41px|||||\u00a0\u00bb top_divider_style=\u00a0\u00bbwave2&Prime; top_divider_color=\u00a0\u00bbrgba(127,203,219,0.3)\u00a0\u00bb top_divider_height=\u00a0\u00bb40px\u00a0\u00bb top_divider_flip=\u00a0\u00bbhorizontal|vertical\u00a0\u00bb bottom_divider_style=\u00a0\u00bbwave2&Prime; bottom_divider_color=\u00a0\u00bbrgba(127,203,219,0.3)\u00a0\u00bb bottom_divider_height=\u00a0\u00bb40px\u00a0\u00bb bottom_divider_flip=\u00a0\u00bbhorizontal\u00a0\u00bb][et_pb_row _builder_version=\u00a0\u00bb4.9.4&Prime; _module_preset=\u00a0\u00bbdefault\u00a0\u00bb max_width=\u00a0\u00bb940px\u00a0\u00bb][et_pb_column type=\u00a0\u00bb4_4&Prime; _builder_version=\u00a0\u00bb4.8.1&Prime; _module_preset=\u00a0\u00bbdefault\u00a0\u00bb][et_pb_image src=\u00a0\u00bbhttps:\/\/livha.org\/wp-content\/uploads\/2021\/05\/events_01-small.jpg\u00a0\u00bb _builder_version=\u00a0\u00bb4.9.4&Prime; _module_preset=\u00a0\u00bbdefault\u00a0\u00bb hover_enabled=\u00a0\u00bb0&Prime; border_radii=\u00a0\u00bbon|2px|2px|2px|2px\u00a0\u00bb alt=\u00a0\u00bb\u00e9v\u00e9nements\u00a0\u00bb sticky_enabled=\u00a0\u00bb0&Prime;][\/et_pb_image][\/et_pb_column][\/et_pb_row][et_pb_row custom_padding_last_edited=\u00a0\u00bbon|phone\u00a0\u00bb _builder_version=\u00a0\u00bb4.9.4&Prime; _module_preset=\u00a0\u00bbdefault\u00a0\u00bb max_width=\u00a0\u00bb940px\u00a0\u00bb custom_padding=\u00a0\u00bb||66px|||\u00a0\u00bb custom_padding_tablet=\u00a0\u00bb\u00a0\u00bb custom_padding_phone=\u00a0\u00bb||35px||false|false\u00a0\u00bb][et_pb_column type=\u00a0\u00bb4_4&Prime; _builder_version=\u00a0\u00bb4.8.1&Prime; _module_preset=\u00a0\u00bbdefault\u00a0\u00bb][et_pb_text _builder_version=\u00a0\u00bb4.9.4&Prime; text_font=\u00a0\u00bbPoppins||||||||\u00a0\u00bb link_font=\u00a0\u00bbChivo||||||||\u00a0\u00bb header_font=\u00a0\u00bb||||||||\u00a0\u00bb header_3_font=\u00a0\u00bbBelleza|700||on|||||\u00a0\u00bb header_3_text_align=\u00a0\u00bbcenter\u00a0\u00bb header_3_text_color=\u00a0\u00bb#2b2b2b\u00a0\u00bb header_3_font_size=\u00a0\u00bb26px\u00a0\u00bb header_3_letter_spacing=\u00a0\u00bb2px\u00a0\u00bb header_3_line_height=\u00a0\u00bb2em\u00a0\u00bb min_height=\u00a0\u00bb33px\u00a0\u00bb custom_margin=\u00a0\u00bb-30px||0px||false|false\u00a0\u00bb animation_style=\u00a0\u00bbnone\u00a0\u00bb]<\/p>\n<h3>Rencontres et retraites<\/h3>\n<p>[\/et_pb_text][et_pb_text _builder_version=\u00a0\u00bb4.9.4&Prime; _module_preset=\u00a0\u00bb0076d6eb-5595-4dd1-a096-31982f9ed001&Prime; text_font=\u00a0\u00bb||||||||\u00a0\u00bb]Les rencontres et retraites sont des moments hors du temps, profond\u00e9ment ressour\u00e7ants, qui s&rsquo;adressent \u00e0 l&rsquo;\u00e2me et au c\u0153ur de l&rsquo;\u00eatre. C&rsquo;est une exp\u00e9rience vivante, de laquelle vous pouvez ressortir grandi int\u00e9rieurement, le c\u0153ur plus ouvert et le regard plus \u00e9clair\u00e9.<\/p>\n<p>Les \u00e9v\u00e9nements sont organis\u00e9s afin de pouvoir diffuser un enseignement qui permet de mieux comprendre la nature de la r\u00e9alit\u00e9 et de pouvoir d\u00e9velopper la notion d\u2019int\u00e9riorit\u00e9 qui m\u00e8ne a r\u00e9v\u00e9ler ce qu\u2019il y a de v\u00e9ritable en chacun. Cet enseignement est propos\u00e9 lors de partages, d\u2019activit\u00e9s, d\u2019ateliers et de pratiques qui permettent de d\u00e9couvrir ou d\u2019approfondir la notion de Pr\u00e9sence (l\u2019attention consciente) et de pouvoir la cultiver au sein de votre quotidien.[\/et_pb_text][et_pb_image src=\u00a0\u00bbhttps:\/\/livha.org\/wp-content\/uploads\/2021\/05\/events_02-small.jpg\u00a0\u00bb _builder_version=\u00a0\u00bb4.9.4&Prime; _module_preset=\u00a0\u00bbdefault\u00a0\u00bb hover_enabled=\u00a0\u00bb0&Prime; border_radii=\u00a0\u00bbon|2px|2px|2px|2px\u00a0\u00bb alt=\u00a0\u00bb\u00e9v\u00e9nements 2&Prime; sticky_enabled=\u00a0\u00bb0&Prime;][\/et_pb_image][et_pb_text _builder_version=\u00a0\u00bb4.9.4&Prime; _module_preset=\u00a0\u00bb0076d6eb-5595-4dd1-a096-31982f9ed001&Prime; text_font=\u00a0\u00bb||||||||\u00a0\u00bb]<\/p>\n<p>Il y a plusieurs types de rencontres, elles peuvent se d\u00e9rouler lors d\u2019un weekend ou d\u2019une semaine. Elles s\u2019organisent dans des lieux propices au ressourcement, souvent entour\u00e9s de nature. Ces rencontres permettent de d\u00e9couvrir ou d\u2019approfondir l\u2019enseignement apport\u00e9 par Quentin et le mouvement et il peut y avoir plusieurs autres intervenants. Il y a aussi des rencontres propos\u00e9es par le biais d\u2019internet, elles se passent enti\u00e8rement en ligne, certaines ouvertes \u00e0 tous et d&rsquo;autres uniquement accessibles aux membres de l\u2019abonnement \u00ab <span style=\"color: #333333;\">my<\/span>livha <span style=\"color: #333333;\">+<\/span> \u00bb.<\/p>\n<p>Quentin souhaite diffuser de la beaut\u00e9 \u00e0 travers ces \u00e9v\u00e9nements, il parle d\u2019amour v\u00e9ritable, d\u2019harmonie, de paix, d\u2019ouverture du c\u0153ur, il diffuse un message qui nourrit l\u2019\u00e2me et qui peut profond\u00e9ment toucher les \u00eatres sensibles.<\/p>\n<p>[\/et_pb_text][et_pb_image src=\u00a0\u00bbhttps:\/\/livha.org\/wp-content\/uploads\/2021\/05\/events_03-small.jpg\u00a0\u00bb _builder_version=\u00a0\u00bb4.9.4&Prime; _module_preset=\u00a0\u00bbdefault\u00a0\u00bb filter_saturate=\u00a0\u00bb122%\u00a0\u00bb filter_brightness=\u00a0\u00bb113%\u00a0\u00bb hover_enabled=\u00a0\u00bb0&Prime; border_radii=\u00a0\u00bbon|2px|2px|2px|2px\u00a0\u00bb alt=\u00a0\u00bb\u00e9v\u00e9nements 3&Prime; sticky_enabled=\u00a0\u00bb0&Prime;][\/et_pb_image][\/et_pb_column][\/et_pb_row][\/et_pb_section]<\/p>\n","protected":false},"excerpt":{"rendered":"<p>Rencontres et retraitesLes rencontres et retraites sont des moments hors du temps, profond\u00e9ment ressour\u00e7ants, qui s&rsquo;adressent \u00e0 l&rsquo;\u00e2me et au c\u0153ur de l&rsquo;\u00eatre. C&rsquo;est une exp\u00e9rience vivante, de laquelle vous pouvez ressortir grandi int\u00e9rieurement, le c\u0153ur plus ouvert et le regard plus \u00e9clair\u00e9. Les \u00e9v\u00e9nements sont organis\u00e9s afin de pouvoir diffuser un enseignement qui permet de mieux comprendre la nature de la r\u00e9alit\u00e9 et de pouvoir d\u00e9velopper la notion d\u2019int\u00e9riorit\u00e9 qui m\u00e8ne a r\u00e9v\u00e9ler ce qu\u2019il y a de v\u00e9ritable en chacun. Cet enseignement est propos\u00e9 lors de partages, d\u2019activit\u00e9s, d\u2019ateliers et de pratiques qui permettent de d\u00e9couvrir ou d\u2019approfondir la notion de Pr\u00e9sence (l\u2019attention consciente) et de pouvoir la cultiver au sein de votre quotidien.Il y a plusieurs types de rencontres, elles peuvent se d\u00e9rouler lors d\u2019un weekend ou d\u2019une semaine. Elles s\u2019organisent dans des lieux propices au ressourcement, souvent entour\u00e9s de nature. Ces rencontres permettent de d\u00e9couvrir ou d\u2019approfondir l\u2019enseignement apport\u00e9 par Quentin et le mouvement et il peut y avoir plusieurs autres intervenants. Il y a aussi des rencontres propos\u00e9es par le biais d\u2019internet, elles se passent enti\u00e8rement en ligne, certaines ouvertes \u00e0 tous et d&rsquo;autres uniquement accessibles aux membres de l\u2019abonnement \u00ab mylivha + \u00bb. Quentin [&hellip;]<\/p>\n","protected":false},"author":1,"featured_media":0,"parent":0,"menu_order":0,"comment_status":"closed","ping_status":"closed","template":"","meta":{"_et_pb_use_builder":"on","_et_pb_old_content":"","_et_gb_content_width":"","footnotes":""},"class_list":["post-228240","page","type-page","status-publish","hentry"],"_links":{"self":[{"href":"https:\/\/livha.org\/fr\/wp-json\/wp\/v2\/pages\/228240","targetHints":{"allow":["GET"]}}],"collection":[{"href":"https:\/\/livha.org\/fr\/wp-json\/wp\/v2\/pages"}],"about":[{"href":"https:\/\/livha.org\/fr\/wp-json\/wp\/v2\/types\/page"}],"author":[{"embeddable":true,"href":"https:\/\/livha.org\/fr\/wp-json\/wp\/v2\/users\/1"}],"replies":[{"embeddable":true,"href":"https:\/\/livha.org\/fr\/wp-json\/wp\/v2\/comments?post=228240"}],"version-history":[{"count":11,"href":"https:\/\/livha.org\/fr\/wp-json\/wp\/v2\/pages\/228240\/revisions"}],"predecessor-version":[{"id":233736,"href":"https:\/\/livha.org\/fr\/wp-json\/wp\/v2\/pages\/228240\/revisions\/233736"}],"wp:attachment":[{"href":"https:\/\/livha.org\/fr\/wp-json\/wp\/v2\/media?parent=228240"}],"curies":[{"name":"wp","href":"https:\/\/api.w.org\/{rel}","templated":true}]}}