{"id":233959,"date":"2021-07-09T14:02:13","date_gmt":"2021-07-09T12:02:13","guid":{"rendered":"https:\/\/livha.org\/?page_id=233959"},"modified":"2021-07-09T16:03:59","modified_gmt":"2021-07-09T14:03:59","slug":"acces-par-internet-retraite-orgiva-4-au-14-aout-2021","status":"publish","type":"page","link":"https:\/\/livha.org\/fr\/acces-par-internet-retraite-orgiva-4-au-14-aout-2021\/","title":{"rendered":"Acc\u00e8s par Internet \u2013 retraite d\u2019Orgiva du 4 au 14 ao\u00fbt 2021"},"content":{"rendered":"<p>[et_pb_section fb_built=\u00a0\u00bb1&Prime; _builder_version=\u00a0\u00bb4.9.4&Prime; _module_preset=\u00a0\u00bbdefault\u00a0\u00bb custom_padding=\u00a0\u00bb41px|||||\u00a0\u00bb top_divider_style=\u00a0\u00bbwave2&Prime; top_divider_color=\u00a0\u00bbrgba(127,203,219,0.3)\u00a0\u00bb top_divider_height=\u00a0\u00bb40px\u00a0\u00bb top_divider_flip=\u00a0\u00bbhorizontal|vertical\u00a0\u00bb bottom_divider_style=\u00a0\u00bbwave2&Prime; bottom_divider_color=\u00a0\u00bbrgba(127,203,219,0.3)\u00a0\u00bb bottom_divider_height=\u00a0\u00bb40px\u00a0\u00bb bottom_divider_flip=\u00a0\u00bbhorizontal\u00a0\u00bb][et_pb_row _builder_version=\u00a0\u00bb4.9.4&Prime; _module_preset=\u00a0\u00bbdefault\u00a0\u00bb max_width=\u00a0\u00bb940px\u00a0\u00bb][et_pb_column type=\u00a0\u00bb4_4&Prime; _builder_version=\u00a0\u00bb4.8.1&Prime; _module_preset=\u00a0\u00bbdefault\u00a0\u00bb][et_pb_image src=\u00a0\u00bbhttps:\/\/livha.org\/wp-content\/uploads\/2021\/07\/IMG_20200806_113559-scaled-e1625832835224.jpg\u00a0\u00bb alt=\u00a0\u00bbcercle de lumi\u00e8re\u00a0\u00bb title_text=\u00a0\u00bbIMG_20200806_113559&Prime; _builder_version=\u00a0\u00bb4.9.4&Prime; _module_preset=\u00a0\u00bbdefault\u00a0\u00bb width=\u00a0\u00bb70%\u00a0\u00bb width_tablet=\u00a0\u00bb70%\u00a0\u00bb width_phone=\u00a0\u00bb100%\u00a0\u00bb width_last_edited=\u00a0\u00bbon|phone\u00a0\u00bb module_alignment=\u00a0\u00bbcenter\u00a0\u00bb border_radii=\u00a0\u00bbon|2px|2px|2px|2px\u00a0\u00bb][\/et_pb_image][\/et_pb_column][\/et_pb_row][et_pb_row _builder_version=\u00a0\u00bb4.9.4&Prime; _module_preset=\u00a0\u00bbdefault\u00a0\u00bb max_width=\u00a0\u00bb940px\u00a0\u00bb custom_padding=\u00a0\u00bb||10px|||\u00a0\u00bb][et_pb_column type=\u00a0\u00bb4_4&Prime; _builder_version=\u00a0\u00bb4.8.1&Prime; _module_preset=\u00a0\u00bbdefault\u00a0\u00bb][et_pb_text _builder_version=\u00a0\u00bb4.9.4&Prime; text_font=\u00a0\u00bbPoppins||||||||\u00a0\u00bb link_font=\u00a0\u00bbChivo||||||||\u00a0\u00bb header_font=\u00a0\u00bb||||||||\u00a0\u00bb header_3_font=\u00a0\u00bbBelleza|700||on|||||\u00a0\u00bb header_3_text_align=\u00a0\u00bbcenter\u00a0\u00bb header_3_text_color=\u00a0\u00bb#2b2b2b\u00a0\u00bb header_3_font_size=\u00a0\u00bb26px\u00a0\u00bb header_3_letter_spacing=\u00a0\u00bb2px\u00a0\u00bb header_3_line_height=\u00a0\u00bb2em\u00a0\u00bb min_height=\u00a0\u00bb33px\u00a0\u00bb custom_margin=\u00a0\u00bb-25px||5px||false|false\u00a0\u00bb custom_padding=\u00a0\u00bb||0px|||\u00a0\u00bb animation_style=\u00a0\u00bbnone\u00a0\u00bb header_font_size_tablet=\u00a0\u00bb25px\u00a0\u00bb header_font_size_phone=\u00a0\u00bb\u00a0\u00bb header_font_size_last_edited=\u00a0\u00bbon|phone\u00a0\u00bb header_3_font_size_tablet=\u00a0\u00bb24px\u00a0\u00bb header_3_font_size_phone=\u00a0\u00bb22px\u00a0\u00bb header_3_font_size_last_edited=\u00a0\u00bbon|desktop\u00a0\u00bb]<\/p>\n<h3>Acc\u00e8s par Internet &#8211; retraite \u00e0 Tijola du 4 au 14 ao\u00fbt<\/h3>\n<p>[\/et_pb_text][et_pb_text _builder_version=\u00a0\u00bb4.9.4&Prime; _module_preset=\u00a0\u00bb0076d6eb-5595-4dd1-a096-31982f9ed001&Prime; text_font=\u00a0\u00bb||||||||\u00a0\u00bb hover_enabled=\u00a0\u00bb0&Prime; sticky_enabled=\u00a0\u00bb0&Prime;]<\/p>\n<p>Bonjour \u00e0 tous,<\/p>\n<p>C&rsquo;est avec joie que nous vous proposons de vivre ce s\u00e9jour \u00e0 Tijola en direct depuis chez vous, et de se rassembler ainsi pour une retraite au d\u00e9but du mois d&rsquo;ao\u00fbt.<\/p>\n<p>Le s\u00e9jour se d\u00e9roule du 4 ao\u00fbt soir au 14 ao\u00fbt matin, et des sessions auront lieu en g\u00e9n\u00e9ral chaque matin, \u00e9ventuellement le soir, plus de temps en temps des sessions l&rsquo;apr\u00e8s-midi.<\/p>\n<p>Concernant les horaires pr\u00e9vus pour les partages, nous avons pr\u00e9vu des horaires, mais ceux-ci pourraient l\u00e9g\u00e8rement \u00e9voluer dans le vivant. Nous vous tiendrons au courant en cas de changement via la page affichant les liens du direct. Voici ce que nous envisageons pour l&rsquo;instant :<\/p>\n<p>Le matin : entre 10h\/10h30 et 12h30\/13h environ (heure fran\u00e7aise)<br \/>Le soir (au cas par cas) : potentiellement entre 21h15\/21h30 et 23h environ (heure fran\u00e7aise).<\/p>\n<p>Pour vous y joindre, vous pouvez choisir le montant de votre participation ci-dessous, et vous recevrez le lien d&rsquo;acc\u00e8s peu avant l&rsquo;\u00e9v\u00e9nement.<\/p>\n<p>A tr\u00e8s bient\u00f4t &lt;3<\/p>\n<p>[\/et_pb_text][\/et_pb_column][\/et_pb_row][et_pb_row column_structure=\u00a0\u00bb1_3,1_3,1_3&Prime; use_custom_gutter=\u00a0\u00bbon\u00a0\u00bb gutter_width=\u00a0\u00bb2&Prime; _builder_version=\u00a0\u00bb4.9.4&Prime; _module_preset=\u00a0\u00bbdefault\u00a0\u00bb width=\u00a0\u00bb90%\u00a0\u00bb max_width=\u00a0\u00bb1200px\u00a0\u00bb custom_padding=\u00a0\u00bb27px||10px|||\u00a0\u00bb][et_pb_column type=\u00a0\u00bb1_3&Prime; _builder_version=\u00a0\u00bb4.9.4&Prime; _module_preset=\u00a0\u00bbdefault\u00a0\u00bb][et_pb_cta title=\u00a0\u00bbParticipation normale\u00a0\u00bb button_url=\u00a0\u00bbhttps:\/\/my.livha.org\/fr\/produit\/diffusion-en-direct-par-internet-du-sejour-a-tijola-4-au-14-aout-2021-normale\/\u00a0\u00bb button_text=\u00a0\u00bbParticipation normale : 250\u20ac (+tva)\u00a0\u00bb _builder_version=\u00a0\u00bb4.9.4&Prime; _module_preset=\u00a0\u00bbdefault\u00a0\u00bb header_font=\u00a0\u00bbBelleza||||||||\u00a0\u00bb header_text_color=\u00a0\u00bb#12487a\u00a0\u00bb body_text_color=\u00a0\u00bb#494949&Prime; body_font_size=\u00a0\u00bb15px\u00a0\u00bb background_color=\u00a0\u00bbRGBA(0,0,0,0)\u00a0\u00bb use_background_color_gradient=\u00a0\u00bbon\u00a0\u00bb background_color_gradient_start=\u00a0\u00bbrgba(255,255,255,0.58)\u00a0\u00bb background_color_gradient_end=\u00a0\u00bb#cee2e8&Prime; custom_button=\u00a0\u00bbon\u00a0\u00bb button_text_size=\u00a0\u00bb15px\u00a0\u00bb button_text_color=\u00a0\u00bb#fff5e8&Prime; button_bg_use_color_gradient=\u00a0\u00bbon\u00a0\u00bb button_bg_color_gradient_start=\u00a0\u00bb#dcb253&Prime; button_bg_color_gradient_end=\u00a0\u00bb#db9900&Prime; button_border_width=\u00a0\u00bb0px\u00a0\u00bb button_letter_spacing=\u00a0\u00bb2px\u00a0\u00bb button_font=\u00a0\u00bbBelleza|700||on|||||\u00a0\u00bb button_use_icon=\u00a0\u00bboff\u00a0\u00bb button_alignment=\u00a0\u00bbcenter\u00a0\u00bb button_custom_padding=\u00a0\u00bb6px|15px|6px|15px|false|false\u00a0\u00bb button_alignment_tablet=\u00a0\u00bb\u00a0\u00bb button_alignment_phone=\u00a0\u00bbcenter\u00a0\u00bb button_alignment_last_edited=\u00a0\u00bbon|phone\u00a0\u00bb border_radii=\u00a0\u00bbon|21px|21px|21px|21px\u00a0\u00bb border_width_all=\u00a0\u00bb1px\u00a0\u00bb border_color_all=\u00a0\u00bbrgba(138,211,247,0.46)\u00a0\u00bb button_text_shadow_style=\u00a0\u00bbpreset3&Prime; box_shadow_style=\u00a0\u00bbpreset1&Prime; box_shadow_style_button=\u00a0\u00bbpreset1&Prime; button_bg_color__hover_enabled=\u00a0\u00bbon|hover\u00a0\u00bb]<\/p>\n<p>Lien pour montant \u00ab\u00a0participation normale\u00a0\u00bb. Vous aurez besoin de vous connecter \u00e0 votre compte mylivha (ou en cr\u00e9er un) pour effectuer le paiement. En cas de difficult\u00e9, n&rsquo;h\u00e9sitez pas \u00e0 nous contacter.<\/p>\n<p>[\/et_pb_cta][\/et_pb_column][et_pb_column type=\u00a0\u00bb1_3&Prime; _builder_version=\u00a0\u00bb4.9.4&Prime; _module_preset=\u00a0\u00bbdefault\u00a0\u00bb][et_pb_cta title=\u00a0\u00bbParticipation bienfaiteur\u00a0\u00bb button_url=\u00a0\u00bbhttps:\/\/my.livha.org\/fr\/produit\/acces-par-internet-au-sejour-a-tijola-du-4-au-14-aout-bienfaiteur\/\u00a0\u00bb button_text=\u00a0\u00bbParticipation Bienfaiteur : 300\u20ac ou + (+tva)\u00a0\u00bb _builder_version=\u00a0\u00bb4.9.4&Prime; _module_preset=\u00a0\u00bbdefault\u00a0\u00bb header_font=\u00a0\u00bbBelleza||||||||\u00a0\u00bb header_text_color=\u00a0\u00bb#12487a\u00a0\u00bb body_text_color=\u00a0\u00bb#494949&Prime; body_font_size=\u00a0\u00bb15px\u00a0\u00bb background_color=\u00a0\u00bbRGBA(0,0,0,0)\u00a0\u00bb use_background_color_gradient=\u00a0\u00bbon\u00a0\u00bb background_color_gradient_start=\u00a0\u00bbrgba(255,255,255,0.58)\u00a0\u00bb background_color_gradient_end=\u00a0\u00bb#cee2e8&Prime; custom_button=\u00a0\u00bbon\u00a0\u00bb button_text_size=\u00a0\u00bb15px\u00a0\u00bb button_text_color=\u00a0\u00bb#fff5e8&Prime; button_bg_use_color_gradient=\u00a0\u00bbon\u00a0\u00bb button_bg_color_gradient_start=\u00a0\u00bb#dcb253&Prime; button_bg_color_gradient_end=\u00a0\u00bb#db9900&Prime; button_border_width=\u00a0\u00bb0px\u00a0\u00bb button_letter_spacing=\u00a0\u00bb2px\u00a0\u00bb button_font=\u00a0\u00bbBelleza|700||on|||||\u00a0\u00bb button_use_icon=\u00a0\u00bboff\u00a0\u00bb button_alignment=\u00a0\u00bbcenter\u00a0\u00bb button_custom_padding=\u00a0\u00bb6px|15px|6px|15px|false|false\u00a0\u00bb hover_enabled=\u00a0\u00bb0&Prime; button_alignment_tablet=\u00a0\u00bb\u00a0\u00bb button_alignment_phone=\u00a0\u00bbcenter\u00a0\u00bb button_alignment_last_edited=\u00a0\u00bbon|phone\u00a0\u00bb border_radii=\u00a0\u00bbon|21px|21px|21px|21px\u00a0\u00bb border_width_all=\u00a0\u00bb1px\u00a0\u00bb border_color_all=\u00a0\u00bbrgba(138,211,247,0.46)\u00a0\u00bb button_text_shadow_style=\u00a0\u00bbpreset3&Prime; box_shadow_style=\u00a0\u00bbpreset1&Prime; box_shadow_style_button=\u00a0\u00bbpreset1&Prime; button_bg_color__hover_enabled=\u00a0\u00bbon|hover\u00a0\u00bb sticky_enabled=\u00a0\u00bb0&Prime;]<\/p>\n<p>Lien pour montant \u00ab\u00a0participation bienfaiteur\u00a0\u00bb. Vous aurez besoin de vous connecter \u00e0 votre compte mylivha (ou en cr\u00e9er un) pour effectuer le paiement. En cas de difficult\u00e9, n&rsquo;h\u00e9sitez pas \u00e0 nous contacter.<\/p>\n<p>[\/et_pb_cta][\/et_pb_column][et_pb_column type=\u00a0\u00bb1_3&Prime; _builder_version=\u00a0\u00bb4.8.1&Prime; _module_preset=\u00a0\u00bbdefault\u00a0\u00bb][et_pb_cta title=\u00a0\u00bbParticipation en cas de difficult\u00e9 financi\u00e8re\u00a0\u00bb button_url=\u00a0\u00bbhttps:\/\/my.livha.org\/fr\/produit\/acces-par-internet-au-sejour-a-tijola-du-4-au-14-aout-reduction-diff-fin\/\u00a0\u00bb button_text=\u00a0\u00bbParticipation diff. finan. : 180\u20ac (+tva)\u00a0\u00bb _builder_version=\u00a0\u00bb4.9.4&Prime; _module_preset=\u00a0\u00bbdefault\u00a0\u00bb header_font=\u00a0\u00bbBelleza||||||||\u00a0\u00bb header_text_color=\u00a0\u00bb#12487a\u00a0\u00bb body_text_color=\u00a0\u00bb#494949&Prime; body_font_size=\u00a0\u00bb15px\u00a0\u00bb background_color=\u00a0\u00bbRGBA(0,0,0,0)\u00a0\u00bb use_background_color_gradient=\u00a0\u00bbon\u00a0\u00bb background_color_gradient_start=\u00a0\u00bbrgba(255,255,255,0.58)\u00a0\u00bb background_color_gradient_end=\u00a0\u00bb#cee2e8&Prime; custom_button=\u00a0\u00bbon\u00a0\u00bb button_text_size=\u00a0\u00bb15px\u00a0\u00bb button_text_color=\u00a0\u00bb#fff5e8&Prime; button_bg_use_color_gradient=\u00a0\u00bbon\u00a0\u00bb button_bg_color_gradient_start=\u00a0\u00bb#dcb253&Prime; button_bg_color_gradient_end=\u00a0\u00bb#db9900&Prime; button_border_width=\u00a0\u00bb0px\u00a0\u00bb button_letter_spacing=\u00a0\u00bb2px\u00a0\u00bb button_font=\u00a0\u00bbBelleza|700||on|||||\u00a0\u00bb button_use_icon=\u00a0\u00bboff\u00a0\u00bb button_alignment=\u00a0\u00bbcenter\u00a0\u00bb button_custom_padding=\u00a0\u00bb6px|15px|6px|15px|false|false\u00a0\u00bb hover_enabled=\u00a0\u00bb0&Prime; button_alignment_tablet=\u00a0\u00bb\u00a0\u00bb button_alignment_phone=\u00a0\u00bbcenter\u00a0\u00bb button_alignment_last_edited=\u00a0\u00bbon|phone\u00a0\u00bb border_radii=\u00a0\u00bbon|21px|21px|21px|21px\u00a0\u00bb border_width_all=\u00a0\u00bb1px\u00a0\u00bb border_color_all=\u00a0\u00bbrgba(138,211,247,0.46)\u00a0\u00bb button_text_shadow_style=\u00a0\u00bbpreset3&Prime; box_shadow_style=\u00a0\u00bbpreset1&Prime; box_shadow_style_button=\u00a0\u00bbpreset1&Prime; button_bg_color__hover_enabled=\u00a0\u00bbon|hover\u00a0\u00bb sticky_enabled=\u00a0\u00bb0&Prime;]<\/p>\n<p>Lien pour montant \u00ab\u00a0participation en cas de difficult\u00e9 financi\u00e8re\u00a0\u00bb. Vous aurez besoin de vous connecter \u00e0 votre compte mylivha (ou en cr\u00e9er un) pour effectuer le paiement. En cas de difficult\u00e9, n&rsquo;h\u00e9sitez pas \u00e0 nous contacter.<\/p>\n<p>[\/et_pb_cta][\/et_pb_column][\/et_pb_row][et_pb_row use_custom_gutter=\u00a0\u00bbon\u00a0\u00bb gutter_width=\u00a0\u00bb1&Prime; _builder_version=\u00a0\u00bb4.9.4&Prime; _module_preset=\u00a0\u00bbdefault\u00a0\u00bb max_width=\u00a0\u00bb940px\u00a0\u00bb custom_padding=\u00a0\u00bb58px||33px|||\u00a0\u00bb][et_pb_column type=\u00a0\u00bb4_4&Prime; _builder_version=\u00a0\u00bb4.8.1&Prime; _module_preset=\u00a0\u00bbdefault\u00a0\u00bb][et_pb_gallery gallery_ids=\u00a0\u00bb233969,233974,233979,233984,233989,233994,233999,234004,234009,234014,234019,234024,234029,234034,234039&Prime; posts_number=\u00a0\u00bb8&Prime; show_title_and_caption=\u00a0\u00bboff\u00a0\u00bb _builder_version=\u00a0\u00bb4.9.4&Prime; _module_preset=\u00a0\u00bbdefault\u00a0\u00bb border_width_all_image=\u00a0\u00bb3px\u00a0\u00bb border_color_all_image=\u00a0\u00bb#ffffff\u00a0\u00bb][\/et_pb_gallery][\/et_pb_column][\/et_pb_row][\/et_pb_section]<\/p>\n","protected":false},"excerpt":{"rendered":"<p>Acc\u00e8s par Internet &#8211; retraite \u00e0 Tijola du 4 au 14 ao\u00fbtBonjour \u00e0 tous, C&rsquo;est avec joie que nous vous proposons de vivre ce s\u00e9jour \u00e0 Tijola en direct depuis chez vous, et de se rassembler ainsi pour une retraite au d\u00e9but du mois d&rsquo;ao\u00fbt. Le s\u00e9jour se d\u00e9roule du 4 ao\u00fbt soir au 14 ao\u00fbt matin, et des sessions auront lieu en g\u00e9n\u00e9ral chaque matin, \u00e9ventuellement le soir, plus de temps en temps des sessions l&rsquo;apr\u00e8s-midi. Concernant les horaires pr\u00e9vus pour les partages, nous avons pr\u00e9vu des horaires, mais ceux-ci pourraient l\u00e9g\u00e8rement \u00e9voluer dans le vivant. Nous vous tiendrons au courant en cas de changement via la page affichant les liens du direct. Voici ce que nous envisageons pour l&rsquo;instant : Le matin : entre 10h\/10h30 et 12h30\/13h environ (heure fran\u00e7aise)Le soir (au cas par cas) : potentiellement entre 21h15\/21h30 et 23h environ (heure fran\u00e7aise). Pour vous y joindre, vous pouvez choisir le montant de votre participation ci-dessous, et vous recevrez le lien d&rsquo;acc\u00e8s peu avant l&rsquo;\u00e9v\u00e9nement. A tr\u00e8s bient\u00f4t &lt;3Lien pour montant \u00ab\u00a0participation normale\u00a0\u00bb. Vous aurez besoin de vous connecter \u00e0 votre compte mylivha (ou en cr\u00e9er un) pour effectuer le paiement. En cas de difficult\u00e9, n&rsquo;h\u00e9sitez pas [&hellip;]<\/p>\n","protected":false},"author":1,"featured_media":0,"parent":0,"menu_order":0,"comment_status":"closed","ping_status":"closed","template":"","meta":{"_et_pb_use_builder":"on","_et_pb_old_content":"","_et_gb_content_width":"","footnotes":""},"class_list":["post-233959","page","type-page","status-publish","hentry"],"_links":{"self":[{"href":"https:\/\/livha.org\/fr\/wp-json\/wp\/v2\/pages\/233959","targetHints":{"allow":["GET"]}}],"collection":[{"href":"https:\/\/livha.org\/fr\/wp-json\/wp\/v2\/pages"}],"about":[{"href":"https:\/\/livha.org\/fr\/wp-json\/wp\/v2\/types\/page"}],"author":[{"embeddable":true,"href":"https:\/\/livha.org\/fr\/wp-json\/wp\/v2\/users\/1"}],"replies":[{"embeddable":true,"href":"https:\/\/livha.org\/fr\/wp-json\/wp\/v2\/comments?post=233959"}],"version-history":[{"count":6,"href":"https:\/\/livha.org\/fr\/wp-json\/wp\/v2\/pages\/233959\/revisions"}],"predecessor-version":[{"id":234046,"href":"https:\/\/livha.org\/fr\/wp-json\/wp\/v2\/pages\/233959\/revisions\/234046"}],"wp:attachment":[{"href":"https:\/\/livha.org\/fr\/wp-json\/wp\/v2\/media?parent=233959"}],"curies":[{"name":"wp","href":"https:\/\/api.w.org\/{rel}","templated":true}]}}