{"id":234693,"date":"2022-04-18T11:53:18","date_gmt":"2022-04-18T09:53:18","guid":{"rendered":"https:\/\/livha.org\/?page_id=234693"},"modified":"2022-05-28T17:52:26","modified_gmt":"2022-05-28T15:52:26","slug":"rencontre-avec-quentin-disneur-17-au-19-juin-2022","status":"publish","type":"page","link":"https:\/\/livha.org\/fr\/rencontre-avec-quentin-disneur-17-au-19-juin-2022\/","title":{"rendered":"Rencontre avec Quentin Disneur &#8211; 17 au 19 juin 2022 &#8211; Fontanil Cornillon"},"content":{"rendered":"<p>[et_pb_section fb_built=\u00a0\u00bb1&Prime; _builder_version=\u00a0\u00bb4.16&Prime; _module_preset=\u00a0\u00bbdefault\u00a0\u00bb custom_padding=\u00a0\u00bb41px|||||\u00a0\u00bb top_divider_style=\u00a0\u00bbwave2&Prime; top_divider_color=\u00a0\u00bbrgba(127,203,219,0.3)\u00a0\u00bb top_divider_height=\u00a0\u00bb40px\u00a0\u00bb top_divider_flip=\u00a0\u00bbhorizontal|vertical\u00a0\u00bb bottom_divider_style=\u00a0\u00bbwave2&Prime; bottom_divider_color=\u00a0\u00bbrgba(127,203,219,0.3)\u00a0\u00bb bottom_divider_height=\u00a0\u00bb40px\u00a0\u00bb bottom_divider_flip=\u00a0\u00bbhorizontal\u00a0\u00bb global_colors_info=\u00a0\u00bb{}\u00a0\u00bb][et_pb_row _builder_version=\u00a0\u00bb4.16&Prime; _module_preset=\u00a0\u00bbdefault\u00a0\u00bb max_width=\u00a0\u00bb940px\u00a0\u00bb global_colors_info=\u00a0\u00bb{}\u00a0\u00bb][et_pb_column type=\u00a0\u00bb4_4&Prime; _builder_version=\u00a0\u00bb4.16&Prime; _module_preset=\u00a0\u00bbdefault\u00a0\u00bb global_colors_info=\u00a0\u00bb{}\u00a0\u00bb][et_pb_image src=\u00a0\u00bbhttps:\/\/livha.org\/wp-content\/uploads\/2022\/04\/image-presentation-rencontre-grenoble-v2.jpg\u00a0\u00bb alt=\u00a0\u00bbcercle de lumi\u00e8re\u00a0\u00bb title_text=\u00a0\u00bbimage-presentation-rencontre-grenoble&#8212;v2&Prime; _builder_version=\u00a0\u00bb4.16&Prime; _module_preset=\u00a0\u00bbdefault\u00a0\u00bb width=\u00a0\u00bb70%\u00a0\u00bb width_tablet=\u00a0\u00bb70%\u00a0\u00bb width_phone=\u00a0\u00bb100%\u00a0\u00bb width_last_edited=\u00a0\u00bbon|phone\u00a0\u00bb module_alignment=\u00a0\u00bbcenter\u00a0\u00bb border_radii=\u00a0\u00bbon|2px|2px|2px|2px\u00a0\u00bb global_colors_info=\u00a0\u00bb{}\u00a0\u00bb][\/et_pb_image][\/et_pb_column][\/et_pb_row][et_pb_row _builder_version=\u00a0\u00bb4.16&Prime; _module_preset=\u00a0\u00bbdefault\u00a0\u00bb max_width=\u00a0\u00bb940px\u00a0\u00bb custom_padding=\u00a0\u00bb||10px|||\u00a0\u00bb global_colors_info=\u00a0\u00bb{}\u00a0\u00bb][et_pb_column type=\u00a0\u00bb4_4&Prime; _builder_version=\u00a0\u00bb4.16&Prime; _module_preset=\u00a0\u00bbdefault\u00a0\u00bb global_colors_info=\u00a0\u00bb{}\u00a0\u00bb][et_pb_text _builder_version=\u00a0\u00bb4.16&Prime; text_font=\u00a0\u00bbPoppins||||||||\u00a0\u00bb link_font=\u00a0\u00bbChivo||||||||\u00a0\u00bb header_font=\u00a0\u00bb||||||||\u00a0\u00bb header_3_font=\u00a0\u00bbBelleza|700||on|||||\u00a0\u00bb header_3_text_align=\u00a0\u00bbcenter\u00a0\u00bb header_3_text_color=\u00a0\u00bb#2b2b2b\u00a0\u00bb header_3_font_size=\u00a0\u00bb26px\u00a0\u00bb header_3_letter_spacing=\u00a0\u00bb2px\u00a0\u00bb header_3_line_height=\u00a0\u00bb2em\u00a0\u00bb min_height=\u00a0\u00bb33px\u00a0\u00bb custom_margin=\u00a0\u00bb-25px||5px||false|false\u00a0\u00bb custom_padding=\u00a0\u00bb||0px|||\u00a0\u00bb animation_style=\u00a0\u00bbnone\u00a0\u00bb header_font_size_tablet=\u00a0\u00bb25px\u00a0\u00bb header_font_size_phone=\u00a0\u00bb\u00a0\u00bb header_font_size_last_edited=\u00a0\u00bbon|phone\u00a0\u00bb header_3_font_size_tablet=\u00a0\u00bb24px\u00a0\u00bb header_3_font_size_phone=\u00a0\u00bb22px\u00a0\u00bb header_3_font_size_last_edited=\u00a0\u00bbon|desktop\u00a0\u00bb global_colors_info=\u00a0\u00bb{}\u00a0\u00bb]<\/p>\n<h3>RENCONTRE avec Quentin disneur\u00a0<\/h3>\n<h3>&#8211; 17 au 19 juin \u00e0 Fontanil Cornillon (pres de grenoble) &#8211;<\/h3>\n<p>[\/et_pb_text][et_pb_text _builder_version=\u00a0\u00bb4.16&Prime; _module_preset=\u00a0\u00bb0076d6eb-5595-4dd1-a096-31982f9ed001&Prime; text_font=\u00a0\u00bb||||||||\u00a0\u00bb global_colors_info=\u00a0\u00bb{}\u00a0\u00bb]<\/p>\n<p>Bonjour \u00e0 tous,<\/p>\n<p>C&rsquo;est avec joie que nous vous proposons de vivre ensemble une rencontre en pr\u00e9sentiel pr\u00e8s de Grenoble, du 17 juin soir au dimanche 19 en fin d&rsquo;apr\u00e8s-midi. Vous trouverez tous les d\u00e9tails concernant l&rsquo;\u00e9v\u00e9nement ci-dessous et les informations concernant l&rsquo;<strong>inscription en bas de cette page<\/strong>.\u00a0<\/p>\n<p>&nbsp;<\/p>\n<p>[\/et_pb_text][et_pb_text _builder_version=\u00a0\u00bb4.16&Prime; _module_preset=\u00a0\u00bb0076d6eb-5595-4dd1-a096-31982f9ed001&Prime; text_font=\u00a0\u00bb||||||||\u00a0\u00bb global_colors_info=\u00a0\u00bb{}\u00a0\u00bb]<\/p>\n<p><span style=\"font-size: x-large;\"><strong>Quelques mots de Quentin \u00e0 propos de cette rencontre<\/strong><\/span><\/p>\n<p><em>Chers \u00eatres du coeur,<\/em><\/p>\n<p><em>C&rsquo;est avec beaucoup de bonheur que nous souhaitons vous retrouver pour cette belle rencontre de Grenoble.<\/em><\/p>\n<p><em>Cette rencontre est ouverte \u00e0 tous ceux qui ressentent l&rsquo;appel r\u00e9g\u00e9n\u00e9rant de d\u00e9couvrir leur v\u00e9ritable nature, au c\u0153ur de la pr\u00e9sence, du silence, de l&rsquo;Amour et de la Lumi\u00e8re.<\/em><\/p>\n<p><em>C&rsquo;est une rencontre de coeur \u00e0 coeur qui vous est propos\u00e9e, o\u00f9 ce qu&rsquo;il s&rsquo;y passe a lieu bien au del\u00e0 des mots.<\/em><\/p>\n<p><em>Dans la spontan\u00e9it\u00e9 du vivant, des moments de partage d&rsquo;enseignement sur la nature de l&rsquo;\u00eatre et de la r\u00e9alit\u00e9 seront rythm\u00e9s naturellement avec des moments de silence et de m\u00e9ditation, des temps d\u00e9di\u00e9s pour r\u00e9pondre \u00e0 vos questions, et peut-\u00eatre des possibilit\u00e9s de se ressourcer en nature si le temps s&rsquo;y pr\u00eate.<\/em><\/p>\n<p><em>Cette rencontre est aussi l&rsquo;occasion pour chacun de vivre une communion profonde entre les \u00eatres, dans un espace de profond ressourcement qui nourrit l&rsquo;\u00e2me, apaise le coeur et \u00e9claire l&rsquo;esprit.<\/em><\/p>\n<p><em>Finalement, il est bon de vous dire que l&rsquo;essentiel de ce qui peut \u00eatre partag\u00e9 et re\u00e7u durant cette rencontre ne se trouve pas dans les mots et les formes, cela est bien au-del\u00e0. Il s&rsquo;agit d&rsquo;un toucher vivant en votre coeur et vos cellules qui se reconna\u00eet dans la plus profonde intimit\u00e9 de votre \u00eatre.<\/em><\/p>\n<p><em>Si cela r\u00e9sonne en votre \u00eatre, vous \u00eates chaleureusement les bienvenus.<\/em><\/p>\n<p><em>Dans la joie de vous rencontrer bient\u00f4t,<\/em><\/p>\n<p><em>De coeur \u00e0 coeur, <\/em><br \/><em>Quentin et toute l&rsquo;\u00e9quipe<\/em><\/p>\n<p>&nbsp;<\/p>\n<p>[\/et_pb_text][et_pb_text _builder_version=\u00a0\u00bb4.16&Prime; _module_preset=\u00a0\u00bb0076d6eb-5595-4dd1-a096-31982f9ed001&Prime; text_font=\u00a0\u00bb||||||||\u00a0\u00bb global_colors_info=\u00a0\u00bb{}\u00a0\u00bb]<\/p>\n<p><span style=\"font-size: x-large;\"><strong>Programme<\/strong><\/span><\/p>\n<p>Les diff\u00e9rentes sessions seront rythm\u00e9es de partages, de moments de r\u00e9ponses aux questions, de p\u00e9riodes de m\u00e9ditation, ainsi que de moments en nature dans les environs tr\u00e8s proches si le temps le permet.\u00a0<\/p>\n<p>Le d\u00e9roulement se fera dans le vivant, permettant \u00e0 chacun de s&rsquo;immerger dans un climat favorisant le ressourcement, l&rsquo;introspection, le partage et de d\u00e9voiler la beaut\u00e9 qui r\u00e9side d\u00e9j\u00e0 en chacun.\u00a0<\/p>\n<p>&nbsp;<\/p>\n<p><span style=\"font-size: x-large;\"><\/span><\/p>\n<p><span style=\"font-size: x-large;\">Vendredi 17 juin soir<\/span><\/p>\n<p>(session facultative, ouverte \u00e0 tous)<\/p>\n<p>De 18h \u00e0 20h<\/p>\n<p>&nbsp;<\/p>\n<p><span style=\"font-size: x-large;\">Samedi 18 juin<\/span><\/p>\n<p>(sur inscription)<\/p>\n<p>Matin : de 9h15 \u00e0 12h30<\/p>\n<p>Pause d\u00e9jeuner (pique-nique partag\u00e9)<\/p>\n<p>Apr\u00e8s-midi : de 14h30 \u00e0 18h30<\/p>\n<p>&nbsp;<\/p>\n<p><span style=\"font-size: x-large;\">Dimanche 19 juin<\/span><\/p>\n<p>(sur inscription)<\/p>\n<p>Matin : de 9h15 \u00e0 12h30<\/p>\n<p>Pause d\u00e9jeuner (pique-nique partag\u00e9)<\/p>\n<p>Apr\u00e8s-midi : de 14h30 \u00e0 18h30<\/p>\n<p>&nbsp;<\/p>\n<p><span style=\"font-size: x-large;\">A propos des d\u00e9jeuners<\/span> : Lors de la pause du midi, le samedi et le dimanche, nous proposons de partager un pique-nique convivial tous ensemble, chacun est ainsi invit\u00e9 \u00e0 apporter ce qu&rsquo;il souhaite pour ces repas (il y a aussi des restaurants et sup\u00e9rettes dans les environs pour ceux qui le souhaitent).<\/p>\n<p>&nbsp;<\/p>\n<p>[\/et_pb_text][et_pb_text _builder_version=\u00a0\u00bb4.16&Prime; _module_preset=\u00a0\u00bb0076d6eb-5595-4dd1-a096-31982f9ed001&Prime; text_font=\u00a0\u00bb||||||||\u00a0\u00bb global_colors_info=\u00a0\u00bb{}\u00a0\u00bb]<\/p>\n<p><span style=\"font-size: x-large;\"><strong>Lieu et acc\u00e8s<\/strong><\/span><\/p>\n<p>La salle se nomme <strong>\u00ab\u00a0Espace Clareti\u00e8re\u00a0\u00bb<\/strong> et est situ\u00e9e \u00e0 Fontanil-Cornillon, dans les environs de Grenoble. La salle o\u00f9 se d\u00e9roule l&rsquo;\u00e9v\u00e9nement est situ\u00e9e au 1er \u00e9tage.<\/p>\n<p>L&rsquo;adresse de la salle est : 6 Rue du Cornillon, 38120 Fontanil-Cornillon, France<\/p>\n<p>&nbsp;<\/p>\n<p>[\/et_pb_text][et_pb_text _builder_version=\u00a0\u00bb4.16&Prime; _module_preset=\u00a0\u00bb0076d6eb-5595-4dd1-a096-31982f9ed001&Prime; text_font=\u00a0\u00bb||||||||\u00a0\u00bb global_colors_info=\u00a0\u00bb{}\u00a0\u00bb]<\/p>\n<p><span style=\"font-size: x-large;\"><strong>Transport et logement<\/strong><\/span><\/p>\n<p>Afin de faciliter la venue sur place, une page d\u00e9di\u00e9e au covoiturage \u00e0 \u00e9t\u00e9 cr\u00e9\u00e9e, pour permettre aux participants \u00e0 la rencontre de proposer ou demander un covoiturage : <a target=\"_blank\" href=\"https:\/\/covoiturageretraite.wordpress.com\/grenoble-juin2022\/\" rel=\"noopener\">https:\/\/covoiturageretraite.wordpress.com\/grenoble-juin2022\/<\/a><\/p>\n<p>Egalement, si vous n&rsquo;habitez pas dans la r\u00e9gion, nous avons mis \u00e0 disposition une liste de logements dans les environs : <a target=\"_blank\" href=\"https:\/\/livha.org\/fr\/logement-rencontregrenoble2022\/\" rel=\"noopener\">https:\/\/livha.org\/fr\/logement-rencontregrenoble2022\/<\/a>\u00a0<\/p>\n<p>&nbsp;<\/p>\n<p>[\/et_pb_text][et_pb_text _builder_version=\u00a0\u00bb4.16&Prime; _module_preset=\u00a0\u00bb0076d6eb-5595-4dd1-a096-31982f9ed001&Prime; text_font=\u00a0\u00bb||||||||\u00a0\u00bb global_colors_info=\u00a0\u00bb{}\u00a0\u00bb]<\/p>\n<p><span style=\"font-size: x-large;\"><strong>Participation financi\u00e8re<\/strong><\/span><\/p>\n<p>Afin de permettre au plus grand nombre de participer, tout en respectant l&rsquo;\u00e9quilibre de ce qui est offert lors de cet \u00e9v\u00e9nement et ce qui est mis en place pour le rendre possible, il est propos\u00e9 \u00e0 chacun de choisir parmi plusieurs montants.\u00a0<\/p>\n<p>&#8211; Une participation normale, permettant d&rsquo;organiser ce type d&rsquo;\u00e9v\u00e9nement : 140\u20ac<\/p>\n<p>&#8211; Une participation bienfaiteur, qui permet de d\u00e9velopper de nouvelles activit\u00e9s \u00e0 l&rsquo;avenir : 200\u20ac ou +<\/p>\n<p>&#8211; En cas de difficult\u00e9 financi\u00e8re, il vous est possible de faire une demande afin de pouvoir verser une participation d&rsquo;un montant inf\u00e9rieur, en indiquant votre situation, ainsi nous pourrons voir si cela est possible et si cela peut \u00eatre \u00e9quilibr\u00e9. Vous pouvez nous contacter \u00e0 ce sujet \u00e0 l&rsquo;adresse <a href=\"mailto:contact@livha.org\">contact@livha.org<\/a>\u00a0<\/p>\n<p><em>Tous les fonds sont vers\u00e9s \u00e0 l&rsquo;association sans but lucratif LIVHA afin de soutenir et d\u00e9velopper ses activit\u00e9s tels que la diffusion de ces enseignements et d&rsquo;autres projets d&rsquo;harmonie et de rassemblement tel que l&rsquo;acquisition d&rsquo;une terre d&rsquo;accueil et la cr\u00e9ation d&rsquo;un \u00e9co-village au Portugal.<\/em><\/p>\n<p>&nbsp;<\/p>\n<p>[\/et_pb_text][et_pb_text _builder_version=\u00a0\u00bb4.16&Prime; _module_preset=\u00a0\u00bb0076d6eb-5595-4dd1-a096-31982f9ed001&Prime; text_font=\u00a0\u00bb||||||||\u00a0\u00bb global_colors_info=\u00a0\u00bb{}\u00a0\u00bb]<\/p>\n<p><span style=\"font-size: x-large;\"><strong>Inscription<\/strong><\/span><\/p>\n<p>L&rsquo;inscription se fait au pr\u00e9alable via cette page, en s\u00e9lectionnant le montant d&rsquo;inscription ci-dessous. Votre inscription sera enregistr\u00e9e une fois le paiement effectu\u00e9.<\/p>\n<p>L&rsquo;inscription sur place sera possible, cependant nous vous prions de bien vouloir vous inscrire \u00e0 l&rsquo;avance via cette page pour faciliter l&rsquo;organisation et la pr\u00e9paration de la salle.<\/p>\n<p>&nbsp;<\/p>\n<p>[\/et_pb_text][et_pb_text _builder_version=\u00a0\u00bb4.16&Prime; _module_preset=\u00a0\u00bb0076d6eb-5595-4dd1-a096-31982f9ed001&Prime; text_font=\u00a0\u00bb||||||||\u00a0\u00bb global_colors_info=\u00a0\u00bb{}\u00a0\u00bb]<\/p>\n<p>A tr\u00e8s bient\u00f4t &lt;3<\/p>\n<p>[\/et_pb_text][\/et_pb_column][\/et_pb_row][et_pb_row column_structure=\u00a0\u00bb1_3,1_3,1_3&Prime; use_custom_gutter=\u00a0\u00bbon\u00a0\u00bb gutter_width=\u00a0\u00bb2&Prime; _builder_version=\u00a0\u00bb4.16&Prime; _module_preset=\u00a0\u00bbdefault\u00a0\u00bb width=\u00a0\u00bb90%\u00a0\u00bb max_width=\u00a0\u00bb1200px\u00a0\u00bb custom_padding=\u00a0\u00bb27px||10px|||\u00a0\u00bb global_colors_info=\u00a0\u00bb{}\u00a0\u00bb][et_pb_column type=\u00a0\u00bb1_3&Prime; _builder_version=\u00a0\u00bb4.16&Prime; _module_preset=\u00a0\u00bbdefault\u00a0\u00bb global_colors_info=\u00a0\u00bb{}\u00a0\u00bb][et_pb_cta title=\u00a0\u00bbParticipation normale\u00a0\u00bb button_url=\u00a0\u00bbhttps:\/\/my.livha.org\/fr\/produit\/rencontre-du-17-au-19-juin-2022-participation-normale\/\u00a0\u00bb button_text=\u00a0\u00bbParticipation normale : 140\u20ac\u00a0\u00bb _builder_version=\u00a0\u00bb4.16&Prime; _module_preset=\u00a0\u00bbdefault\u00a0\u00bb header_font=\u00a0\u00bbBelleza||||||||\u00a0\u00bb header_text_color=\u00a0\u00bb#12487a\u00a0\u00bb body_text_color=\u00a0\u00bb#494949&Prime; body_font_size=\u00a0\u00bb15px\u00a0\u00bb background_color=\u00a0\u00bbRGBA(0,0,0,0)\u00a0\u00bb use_background_color_gradient=\u00a0\u00bbon\u00a0\u00bb background_color_gradient_stops=\u00a0\u00bbrgba(255,255,255,0.58) 0%|#cee2e8 100%\u00a0\u00bb background_color_gradient_start=\u00a0\u00bbrgba(255,255,255,0.58)\u00a0\u00bb background_color_gradient_end=\u00a0\u00bb#cee2e8&Prime; custom_button=\u00a0\u00bbon\u00a0\u00bb button_text_size=\u00a0\u00bb15px\u00a0\u00bb button_text_color=\u00a0\u00bb#fff5e8&Prime; button_bg_use_color_gradient=\u00a0\u00bbon\u00a0\u00bb button_bg_color_gradient_stops=\u00a0\u00bb#dcb253 0%|#db9900 100%\u00a0\u00bb button_bg_color_gradient_start=\u00a0\u00bb#dcb253&Prime; button_bg_color_gradient_end=\u00a0\u00bb#db9900&Prime; button_border_width=\u00a0\u00bb0px\u00a0\u00bb button_letter_spacing=\u00a0\u00bb2px\u00a0\u00bb button_font=\u00a0\u00bbBelleza|700||on|||||\u00a0\u00bb button_use_icon=\u00a0\u00bboff\u00a0\u00bb button_alignment=\u00a0\u00bbcenter\u00a0\u00bb button_custom_padding=\u00a0\u00bb6px|15px|6px|15px|false|false\u00a0\u00bb button_alignment_tablet=\u00a0\u00bb\u00a0\u00bb button_alignment_phone=\u00a0\u00bbcenter\u00a0\u00bb button_alignment_last_edited=\u00a0\u00bbon|phone\u00a0\u00bb border_radii=\u00a0\u00bbon|21px|21px|21px|21px\u00a0\u00bb border_width_all=\u00a0\u00bb1px\u00a0\u00bb border_color_all=\u00a0\u00bbrgba(138,211,247,0.46)\u00a0\u00bb button_text_shadow_style=\u00a0\u00bbpreset3&Prime; box_shadow_style=\u00a0\u00bbpreset1&Prime; box_shadow_style_button=\u00a0\u00bbpreset1&Prime; global_colors_info=\u00a0\u00bb{}\u00a0\u00bb button_bg_color__hover_enabled=\u00a0\u00bbon|hover\u00a0\u00bb]<\/p>\n<p>Lien pour montant \u00ab\u00a0participation normale\u00a0\u00bb. Vous aurez besoin de vous connecter \u00e0 votre compte mylivha (ou en cr\u00e9er un) pour effectuer le paiement. En cas de difficult\u00e9, n&rsquo;h\u00e9sitez pas \u00e0 nous contacter.<\/p>\n<p>[\/et_pb_cta][\/et_pb_column][et_pb_column type=\u00a0\u00bb1_3&Prime; _builder_version=\u00a0\u00bb4.16&Prime; _module_preset=\u00a0\u00bbdefault\u00a0\u00bb global_colors_info=\u00a0\u00bb{}\u00a0\u00bb][et_pb_cta title=\u00a0\u00bbParticipation bienfaiteur\u00a0\u00bb button_url=\u00a0\u00bbhttps:\/\/my.livha.org\/fr\/produit\/rencontre-du-17-au-19-juin-2022-participation-bienfaiteur\/\u00a0\u00bb button_text=\u00a0\u00bbParticipation Bienfaiteur : 200\u20ac ou +\u00a0\u00bb _builder_version=\u00a0\u00bb4.16&Prime; _module_preset=\u00a0\u00bbdefault\u00a0\u00bb header_font=\u00a0\u00bbBelleza||||||||\u00a0\u00bb header_text_color=\u00a0\u00bb#12487a\u00a0\u00bb body_text_color=\u00a0\u00bb#494949&Prime; body_font_size=\u00a0\u00bb15px\u00a0\u00bb background_color=\u00a0\u00bbRGBA(0,0,0,0)\u00a0\u00bb use_background_color_gradient=\u00a0\u00bbon\u00a0\u00bb background_color_gradient_stops=\u00a0\u00bbrgba(255,255,255,0.58) 0%|#cee2e8 100%\u00a0\u00bb background_color_gradient_start=\u00a0\u00bbrgba(255,255,255,0.58)\u00a0\u00bb background_color_gradient_end=\u00a0\u00bb#cee2e8&Prime; custom_button=\u00a0\u00bbon\u00a0\u00bb button_text_size=\u00a0\u00bb15px\u00a0\u00bb button_text_color=\u00a0\u00bb#fff5e8&Prime; button_bg_use_color_gradient=\u00a0\u00bbon\u00a0\u00bb button_bg_color_gradient_stops=\u00a0\u00bb#dcb253 0%|#db9900 100%\u00a0\u00bb button_bg_color_gradient_start=\u00a0\u00bb#dcb253&Prime; button_bg_color_gradient_end=\u00a0\u00bb#db9900&Prime; button_border_width=\u00a0\u00bb0px\u00a0\u00bb button_letter_spacing=\u00a0\u00bb2px\u00a0\u00bb button_font=\u00a0\u00bbBelleza|700||on|||||\u00a0\u00bb button_use_icon=\u00a0\u00bboff\u00a0\u00bb button_alignment=\u00a0\u00bbcenter\u00a0\u00bb button_custom_padding=\u00a0\u00bb6px|15px|6px|15px|false|false\u00a0\u00bb button_alignment_tablet=\u00a0\u00bb\u00a0\u00bb button_alignment_phone=\u00a0\u00bbcenter\u00a0\u00bb button_alignment_last_edited=\u00a0\u00bbon|phone\u00a0\u00bb border_radii=\u00a0\u00bbon|21px|21px|21px|21px\u00a0\u00bb border_width_all=\u00a0\u00bb1px\u00a0\u00bb border_color_all=\u00a0\u00bbrgba(138,211,247,0.46)\u00a0\u00bb button_text_shadow_style=\u00a0\u00bbpreset3&Prime; box_shadow_style=\u00a0\u00bbpreset1&Prime; box_shadow_style_button=\u00a0\u00bbpreset1&Prime; global_colors_info=\u00a0\u00bb{}\u00a0\u00bb button_bg_color__hover_enabled=\u00a0\u00bbon|hover\u00a0\u00bb]<\/p>\n<p>Lien pour montant \u00ab\u00a0participation bienfaiteur\u00a0\u00bb. Vous aurez besoin de vous connecter \u00e0 votre compte mylivha (ou en cr\u00e9er un) pour effectuer le paiement. En cas de difficult\u00e9, n&rsquo;h\u00e9sitez pas \u00e0 nous contacter.<\/p>\n<p>[\/et_pb_cta][\/et_pb_column][et_pb_column type=\u00a0\u00bb1_3&Prime; _builder_version=\u00a0\u00bb4.16&Prime; _module_preset=\u00a0\u00bbdefault\u00a0\u00bb global_colors_info=\u00a0\u00bb{}\u00a0\u00bb][et_pb_cta title=\u00a0\u00bbParticipation en cas de difficult\u00e9 financi\u00e8re\u00a0\u00bb button_text=\u00a0\u00bbParticipation diff. finan. : 180\u20ac (+tva)\u00a0\u00bb _builder_version=\u00a0\u00bb4.16&Prime; _module_preset=\u00a0\u00bbdefault\u00a0\u00bb header_font=\u00a0\u00bbBelleza||||||||\u00a0\u00bb header_text_color=\u00a0\u00bb#12487a\u00a0\u00bb body_text_color=\u00a0\u00bb#494949&Prime; body_font_size=\u00a0\u00bb15px\u00a0\u00bb background_color=\u00a0\u00bbRGBA(0,0,0,0)\u00a0\u00bb use_background_color_gradient=\u00a0\u00bbon\u00a0\u00bb background_color_gradient_stops=\u00a0\u00bbrgba(255,255,255,0.58) 0%|#cee2e8 100%\u00a0\u00bb background_color_gradient_start=\u00a0\u00bbrgba(255,255,255,0.58)\u00a0\u00bb background_color_gradient_end=\u00a0\u00bb#cee2e8&Prime; custom_button=\u00a0\u00bbon\u00a0\u00bb button_text_size=\u00a0\u00bb15px\u00a0\u00bb button_text_color=\u00a0\u00bb#fff5e8&Prime; button_bg_use_color_gradient=\u00a0\u00bbon\u00a0\u00bb button_bg_color_gradient_stops=\u00a0\u00bb#dcb253 0%|#db9900 100%\u00a0\u00bb button_bg_color_gradient_start=\u00a0\u00bb#dcb253&Prime; button_bg_color_gradient_end=\u00a0\u00bb#db9900&Prime; button_border_width=\u00a0\u00bb0px\u00a0\u00bb button_letter_spacing=\u00a0\u00bb2px\u00a0\u00bb button_font=\u00a0\u00bbBelleza|700||on|||||\u00a0\u00bb button_use_icon=\u00a0\u00bboff\u00a0\u00bb button_alignment=\u00a0\u00bbcenter\u00a0\u00bb button_custom_padding=\u00a0\u00bb6px|15px|6px|15px|false|false\u00a0\u00bb button_alignment_tablet=\u00a0\u00bb\u00a0\u00bb button_alignment_phone=\u00a0\u00bbcenter\u00a0\u00bb button_alignment_last_edited=\u00a0\u00bbon|phone\u00a0\u00bb border_radii=\u00a0\u00bbon|21px|21px|21px|21px\u00a0\u00bb border_width_all=\u00a0\u00bb1px\u00a0\u00bb border_color_all=\u00a0\u00bbrgba(138,211,247,0.46)\u00a0\u00bb button_text_shadow_style=\u00a0\u00bbpreset3&Prime; box_shadow_style=\u00a0\u00bbpreset1&Prime; box_shadow_style_button=\u00a0\u00bbpreset1&Prime; global_colors_info=\u00a0\u00bb{}\u00a0\u00bb button_bg_color__hover_enabled=\u00a0\u00bbon|hover\u00a0\u00bb]<\/p>\n<p>En cas de difficult\u00e9 financi\u00e8re, il vous est possible de faire une demande afin de pouvoir verser une participation d&rsquo;un montant inf\u00e9rieur, en indiquant votre situation, ainsi nous pourrons voir si cela est possible et si cela peut \u00eatre \u00e9quilibr\u00e9. Vous pouvez nous contacter \u00e0 ce sujet \u00e0 l&rsquo;adresse <a href=\"mailto:contact@livha.org\">contact@livha.org<\/a>\u00a0<\/p>\n<p>[\/et_pb_cta][\/et_pb_column][\/et_pb_row][et_pb_row use_custom_gutter=\u00a0\u00bbon\u00a0\u00bb gutter_width=\u00a0\u00bb1&Prime; _builder_version=\u00a0\u00bb4.16&Prime; _module_preset=\u00a0\u00bbdefault\u00a0\u00bb max_width=\u00a0\u00bb940px\u00a0\u00bb custom_padding=\u00a0\u00bb58px||33px|||\u00a0\u00bb global_colors_info=\u00a0\u00bb{}\u00a0\u00bb][et_pb_column type=\u00a0\u00bb4_4&Prime; _builder_version=\u00a0\u00bb4.16&Prime; _module_preset=\u00a0\u00bbdefault\u00a0\u00bb global_colors_info=\u00a0\u00bb{}\u00a0\u00bb][et_pb_gallery gallery_ids=\u00a0\u00bb234708,234713,234718,234723,234738,234784,234743,234753,234758,234768,234773&Prime; posts_number=\u00a0\u00bb8&Prime; show_title_and_caption=\u00a0\u00bboff\u00a0\u00bb _builder_version=\u00a0\u00bb4.16&Prime; _module_preset=\u00a0\u00bbdefault\u00a0\u00bb border_width_all_image=\u00a0\u00bb3px\u00a0\u00bb border_color_all_image=\u00a0\u00bb#ffffff\u00a0\u00bb global_colors_info=\u00a0\u00bb{}\u00a0\u00bb][\/et_pb_gallery][\/et_pb_column][\/et_pb_row][\/et_pb_section]<\/p>\n","protected":false},"excerpt":{"rendered":"<p>RENCONTRE avec Quentin disneur\u00a0 &#8211; 17 au 19 juin \u00e0 Fontanil Cornillon (pres de grenoble) -Bonjour \u00e0 tous, C&rsquo;est avec joie que nous vous proposons de vivre ensemble une rencontre en pr\u00e9sentiel pr\u00e8s de Grenoble, du 17 juin soir au dimanche 19 en fin d&rsquo;apr\u00e8s-midi. Vous trouverez tous les d\u00e9tails concernant l&rsquo;\u00e9v\u00e9nement ci-dessous et les informations concernant l&rsquo;inscription en bas de cette page.\u00a0 &nbsp;Quelques mots de Quentin \u00e0 propos de cette rencontre Chers \u00eatres du coeur, C&rsquo;est avec beaucoup de bonheur que nous souhaitons vous retrouver pour cette belle rencontre de Grenoble. Cette rencontre est ouverte \u00e0 tous ceux qui ressentent l&rsquo;appel r\u00e9g\u00e9n\u00e9rant de d\u00e9couvrir leur v\u00e9ritable nature, au c\u0153ur de la pr\u00e9sence, du silence, de l&rsquo;Amour et de la Lumi\u00e8re. C&rsquo;est une rencontre de coeur \u00e0 coeur qui vous est propos\u00e9e, o\u00f9 ce qu&rsquo;il s&rsquo;y passe a lieu bien au del\u00e0 des mots. Dans la spontan\u00e9it\u00e9 du vivant, des moments de partage d&rsquo;enseignement sur la nature de l&rsquo;\u00eatre et de la r\u00e9alit\u00e9 seront rythm\u00e9s naturellement avec des moments de silence et de m\u00e9ditation, des temps d\u00e9di\u00e9s pour r\u00e9pondre \u00e0 vos questions, et peut-\u00eatre des possibilit\u00e9s de se ressourcer en nature si le temps s&rsquo;y pr\u00eate. Cette rencontre est aussi [&hellip;]<\/p>\n","protected":false},"author":1,"featured_media":0,"parent":0,"menu_order":0,"comment_status":"closed","ping_status":"closed","template":"","meta":{"_et_pb_use_builder":"on","_et_pb_old_content":"","_et_gb_content_width":"","footnotes":""},"class_list":["post-234693","page","type-page","status-publish","hentry"],"_links":{"self":[{"href":"https:\/\/livha.org\/fr\/wp-json\/wp\/v2\/pages\/234693","targetHints":{"allow":["GET"]}}],"collection":[{"href":"https:\/\/livha.org\/fr\/wp-json\/wp\/v2\/pages"}],"about":[{"href":"https:\/\/livha.org\/fr\/wp-json\/wp\/v2\/types\/page"}],"author":[{"embeddable":true,"href":"https:\/\/livha.org\/fr\/wp-json\/wp\/v2\/users\/1"}],"replies":[{"embeddable":true,"href":"https:\/\/livha.org\/fr\/wp-json\/wp\/v2\/comments?post=234693"}],"version-history":[{"count":23,"href":"https:\/\/livha.org\/fr\/wp-json\/wp\/v2\/pages\/234693\/revisions"}],"predecessor-version":[{"id":235065,"href":"https:\/\/livha.org\/fr\/wp-json\/wp\/v2\/pages\/234693\/revisions\/235065"}],"wp:attachment":[{"href":"https:\/\/livha.org\/fr\/wp-json\/wp\/v2\/media?parent=234693"}],"curies":[{"name":"wp","href":"https:\/\/api.w.org\/{rel}","templated":true}]}}