{"id":235051,"date":"2022-05-27T12:53:55","date_gmt":"2022-05-27T10:53:55","guid":{"rendered":"https:\/\/livha.org\/?page_id=235051"},"modified":"2022-09-01T11:00:27","modified_gmt":"2022-09-01T09:00:27","slug":"logement-rencontregrenoble2022","status":"publish","type":"page","link":"https:\/\/livha.org\/fr\/logement-rencontregrenoble2022\/","title":{"rendered":"Possibilit\u00e9s de logement &#8211; rencontre pr\u00e8s de Grenoble du 17 au 19 juin 2022"},"content":{"rendered":"<p>[et_pb_section fb_built=\u00a0\u00bb1&Prime; _builder_version=\u00a0\u00bb4.16&Prime; _module_preset=\u00a0\u00bbdefault\u00a0\u00bb custom_padding=\u00a0\u00bb41px|||||\u00a0\u00bb top_divider_style=\u00a0\u00bbwave2&Prime; top_divider_color=\u00a0\u00bbrgba(127,203,219,0.3)\u00a0\u00bb top_divider_height=\u00a0\u00bb40px\u00a0\u00bb top_divider_flip=\u00a0\u00bbhorizontal|vertical\u00a0\u00bb bottom_divider_style=\u00a0\u00bbwave2&Prime; bottom_divider_color=\u00a0\u00bbrgba(127,203,219,0.3)\u00a0\u00bb bottom_divider_height=\u00a0\u00bb40px\u00a0\u00bb bottom_divider_flip=\u00a0\u00bbhorizontal\u00a0\u00bb global_colors_info=\u00a0\u00bb{}\u00a0\u00bb][et_pb_row _builder_version=\u00a0\u00bb4.16&Prime; _module_preset=\u00a0\u00bbdefault\u00a0\u00bb max_width=\u00a0\u00bb940px\u00a0\u00bb global_colors_info=\u00a0\u00bb{}\u00a0\u00bb][et_pb_column type=\u00a0\u00bb4_4&Prime; _builder_version=\u00a0\u00bb4.16&Prime; _module_preset=\u00a0\u00bbdefault\u00a0\u00bb global_colors_info=\u00a0\u00bb{}\u00a0\u00bb][et_pb_image src=\u00a0\u00bbhttps:\/\/livha.org\/wp-content\/uploads\/2022\/05\/salle-fontanil.jpg\u00a0\u00bb alt=\u00a0\u00bbcercle de lumi\u00e8re\u00a0\u00bb title_text=\u00a0\u00bbsalle fontanil\u00a0\u00bb _builder_version=\u00a0\u00bb4.17.3&Prime; _module_preset=\u00a0\u00bbdefault\u00a0\u00bb width=\u00a0\u00bb70%\u00a0\u00bb width_tablet=\u00a0\u00bb70%\u00a0\u00bb width_phone=\u00a0\u00bb100%\u00a0\u00bb width_last_edited=\u00a0\u00bbon|phone\u00a0\u00bb module_alignment=\u00a0\u00bbcenter\u00a0\u00bb border_radii=\u00a0\u00bbon|2px|2px|2px|2px\u00a0\u00bb global_colors_info=\u00a0\u00bb{}\u00a0\u00bb][\/et_pb_image][\/et_pb_column][\/et_pb_row][et_pb_row _builder_version=\u00a0\u00bb4.16&Prime; _module_preset=\u00a0\u00bbdefault\u00a0\u00bb max_width=\u00a0\u00bb940px\u00a0\u00bb custom_padding=\u00a0\u00bb||10px|||\u00a0\u00bb global_colors_info=\u00a0\u00bb{}\u00a0\u00bb][et_pb_column type=\u00a0\u00bb4_4&Prime; _builder_version=\u00a0\u00bb4.16&Prime; _module_preset=\u00a0\u00bbdefault\u00a0\u00bb global_colors_info=\u00a0\u00bb{}\u00a0\u00bb][et_pb_text _builder_version=\u00a0\u00bb4.16&Prime; text_font=\u00a0\u00bbPoppins||||||||\u00a0\u00bb link_font=\u00a0\u00bbChivo||||||||\u00a0\u00bb header_font=\u00a0\u00bb||||||||\u00a0\u00bb header_3_font=\u00a0\u00bbBelleza|700||on|||||\u00a0\u00bb header_3_text_align=\u00a0\u00bbcenter\u00a0\u00bb header_3_text_color=\u00a0\u00bb#2b2b2b\u00a0\u00bb header_3_font_size=\u00a0\u00bb26px\u00a0\u00bb header_3_letter_spacing=\u00a0\u00bb2px\u00a0\u00bb header_3_line_height=\u00a0\u00bb2em\u00a0\u00bb min_height=\u00a0\u00bb33px\u00a0\u00bb custom_margin=\u00a0\u00bb-25px||5px||false|false\u00a0\u00bb custom_padding=\u00a0\u00bb||0px|||\u00a0\u00bb animation_style=\u00a0\u00bbnone\u00a0\u00bb header_font_size_tablet=\u00a0\u00bb25px\u00a0\u00bb header_font_size_phone=\u00a0\u00bb\u00a0\u00bb header_font_size_last_edited=\u00a0\u00bbon|phone\u00a0\u00bb header_3_font_size_tablet=\u00a0\u00bb24px\u00a0\u00bb header_3_font_size_phone=\u00a0\u00bb22px\u00a0\u00bb header_3_font_size_last_edited=\u00a0\u00bbon|desktop\u00a0\u00bb global_colors_info=\u00a0\u00bb{}\u00a0\u00bb]<\/p>\n<h3>Liste de Logements<\/h3>\n<h3>&#8211; 5 et 6 novembre \u00e0 Fontanil Cornillon (pres de grenoble) &#8211;<\/h3>\n<p>[\/et_pb_text][et_pb_text _builder_version=\u00a0\u00bb4.16&Prime; _module_preset=\u00a0\u00bb0076d6eb-5595-4dd1-a096-31982f9ed001&Prime; text_font=\u00a0\u00bb||||||||\u00a0\u00bb global_colors_info=\u00a0\u00bb{}\u00a0\u00bb]<\/p>\n<p>Bonjour \u00e0 tous,<\/p>\n<p>Afin de faciliter vos recherches de logement dans la r\u00e9gion si vous venez de loin, voici une liste de logements disponibles \u00e0 proximit\u00e9 de la salle (l&rsquo;adresse de la salle est indiqu\u00e9e en bas de cette page). Il s&rsquo;agit uniquement d&rsquo;une liste \u00e0 titre informatif \u00e9tant donn\u00e9 que nous n&rsquo;avons pas pu visiter ces diff\u00e9rents logements, mais nous souhaitons que cela puisse faciliter les recherches de logement sur place.<\/p>\n<p>A bient\u00f4t pour ce moment de beau moment de partage et de ressourcement,\u00a0<\/p>\n<p>L&rsquo;\u00e9quipe de Living Harmony<\/p>\n<p>&nbsp;<\/p>\n<p>[\/et_pb_text][et_pb_text _builder_version=\u00a0\u00bb4.16&Prime; _module_preset=\u00a0\u00bb0076d6eb-5595-4dd1-a096-31982f9ed001&Prime; text_font=\u00a0\u00bb||||||||\u00a0\u00bb global_colors_info=\u00a0\u00bb{}\u00a0\u00bb]<\/p>\n<p><span style=\"font-size: 24px;\"><b>Liste de logements<\/b><\/span><\/p>\n<p>&gt; Tout d&rsquo;abord, sachez qu&rsquo;il y a des <strong>emplacements pour camping-car<\/strong> agr\u00e9ables dans les environs de la salle, si vous \u00eates int\u00e9ress\u00e9s pour conna\u00eetre l&rsquo;endroit exact, vous pouvez nous contacter via le <a href=\"https:\/\/livha.org\/fr\/contact\/\">formulaire de contact du site<\/a>.\u00a0<\/p>\n<p>&gt; A proximit\u00e9 de la salle, des <strong>logements airbnb<\/strong> sont disponibles \u00e0 cette p\u00e9riode :<\/p>\n<p><a href=\"https:\/\/www.airbnb.fr\/s\/Fontanil~Cornillon--France\/homes?tab_id=home_tab&amp;refinement_paths%5B%5D=%2Fhomes&amp;flexible_trip_dates%5B%5D=november&amp;flexible_trip_dates%5B%5D=may&amp;flexible_trip_lengths%5B%5D=weekend_trip&amp;date_picker_type=calendar&amp;query=38120%20Fontanil-Cornillon%2C%20France&amp;place_id=ChIJtx9qnKTxikcRzAwghzY4aI4&amp;checkin=2022-11-04&amp;checkout=2022-11-07&amp;source=structured_search_input_header&amp;search_type=user_map_move&amp;ne_lat=45.2627152392127&amp;ne_lng=5.683959693002123&amp;sw_lat=45.2390285844985&amp;sw_lng=5.648483007558696&amp;zoom=15&amp;search_by_map=true\" target=\"_blank\" rel=\"noopener\">https:\/\/www.airbnb.fr\/s\/Fontanil~Cornillon&#8211;France\/homes?tab_id=home_tab&amp;refinement_paths%5B%5D=%2Fhomes&amp;flexible_trip_dates%5B%5D=november&amp;flexible_trip_dates%5B%5D=may&amp;flexible_trip_lengths%5B%5D=weekend_trip&amp;date_picker_type=calendar&amp;query=38120%20Fontanil-Cornillon%2C%20France&amp;place_id=ChIJtx9qnKTxikcRzAwghzY4aI4&amp;checkin=2022-11-04&amp;checkout=2022-11-07&amp;source=structured_search_input_header&amp;search_type=user_map_move&amp;ne_lat=45.2627152392127&amp;ne_lng=5.683959693002123&amp;sw_lat=45.2390285844985&amp;sw_lng=5.648483007558696&amp;zoom=15&amp;search_by_map=true<\/a><\/p>\n<p>&gt; Gite pour 5 personnes Fontanil Cornillon 5mn \u00e0 pied<br \/><a href=\"https:\/\/www.gite-aquaroca.fr\/home\" target=\"_blank\" rel=\"noopener\">https:\/\/www.gite-aquaroca.fr\/home<\/a><\/p>\n<p>&gt; G\u00eete de 3 chambres (11 lits) dans la nature &#8211; 20 mn en voiture du Fontanil<br \/><a href=\"https:\/\/www.gitedusouillet.fr\" target=\"_blank\" rel=\"noopener\">https:\/\/www.gitedusouillet.fr<\/a><\/p>\n<p>&gt; Gite d\u2019\u00e9tape \u00e0 Fontaine &#8211; 15 mn en voiture du Fontanil<br \/><a href=\"https:\/\/gitedetapefontainegrenoble.com\" target=\"_blank\" rel=\"noopener\">https:\/\/gitedetapefontainegrenoble.com<\/a><\/p>\n<p>&gt; Gite pour un couple dans le village de La Buisse- 20mn en voiture du Fontanil Cornillon<br \/><a href=\"http:\/\/buxusland.e-monsite.com\" target=\"_blank\" rel=\"noopener\">http:\/\/buxusland.e-monsite.com<\/a><\/p>\n<p>&gt; G\u00eete pour 8 personnes en pleine nature en Chartreuse, 35 mn en voiture du Fontanil<br \/><a href=\"https:\/\/www.locmontagnes.com\/chartreuse\/\" target=\"_blank\" rel=\"noopener\">https:\/\/www.locmontagnes.com\/chartreuse\/<\/a><\/p>\n<p>&gt; \u00e0 Seyssinet Pariset, 20 mn en voiture du Fontanil<br \/><a href=\"https:\/\/www.surlespremierespentesduvercors.com\" target=\"_blank\" rel=\"noopener\">https:\/\/www.surlespremierespentesduvercors.com<\/a><\/p>\n<p>&gt; \u00e0 Engins en pleine nature dans le Vercors, 35 mn en voiture du Fontanil<br \/><a href=\"https:\/\/www.lagrangeagaby.com\/fr\/about-us.html\" target=\"_blank\" rel=\"noopener\">https:\/\/www.lagrangeagaby.com\/fr\/about-us.html<\/a><\/p>\n<p>&gt; Hotel ibis budget \u00e0 Voreppe, 15 mn en voiture<br \/><a href=\"https:\/\/all.accor.com\/hotel\/2545\/index.fr.shtml?utm_campaign=seo+maps&amp;utm_medium=seo+maps&amp;utm_source=google+Maps\" target=\"_blank\" rel=\"noopener\">https:\/\/all.accor.com\/hotel\/2545\/index.fr.shtml?utm_campaign=seo+maps&amp;utm_medium=seo+maps&amp;utm_source=google+Maps<\/a><\/p>\n<p>&gt; Hotel en pleine nature en Chartreuse, col de Porte, un peu \u00e9loign\u00e9, 45 mn<br \/><a href=\"http:\/\/cartusia-hotel.com\/hotel-cartusia-chartreuse.htm\" target=\"_blank\" rel=\"noopener\">http:\/\/cartusia-hotel.com\/hotel-cartusia-chartreuse.htm<\/a><\/p>\n<p>&gt; Appartements <br \/><a href=\"https:\/\/les3sommets.fr\/hebergements-en-chartreuse\/\" target=\"_blank\" rel=\"noopener\">https:\/\/les3sommets.fr\/hebergements-en-chartreuse\/<\/a><\/p>\n<p>&gt; Chambre d\u2019h\u00f4te<br \/><a href=\"https:\/\/chambres-dhotes-la-charmetiere.business.site\/?utm_source=gmb&amp;utm_medium=referral\" target=\"_blank\" rel=\"noopener\">https:\/\/chambres-dhotes-la-charmetiere.business.site\/?utm_source=gmb&amp;utm_medium=referral<\/a><\/p>\n<p>&gt; Camping<br \/><a href=\"https:\/\/camping3pucelles-grenoble.fr\u00a0\">https:\/\/camping3pucelles-grenoble.fr\u00a0<\/a><\/p>\n<p>&nbsp;<\/p>\n<p>[\/et_pb_text][et_pb_text _builder_version=\u00a0\u00bb4.16&Prime; _module_preset=\u00a0\u00bb0076d6eb-5595-4dd1-a096-31982f9ed001&Prime; text_font=\u00a0\u00bb||||||||\u00a0\u00bb global_colors_info=\u00a0\u00bb{}\u00a0\u00bb]<\/p>\n<p><span style=\"font-size: x-large;\"><strong>Lieu et acc\u00e8s<\/strong><\/span><\/p>\n<p>La salle se nomme <strong>\u00ab\u00a0Espace Clareti\u00e8re\u00a0\u00bb<\/strong> et est situ\u00e9e \u00e0 Fontanil-Cornillon, dans les environs de Grenoble. La salle o\u00f9 se d\u00e9roule l&rsquo;\u00e9v\u00e9nement est situ\u00e9e au 1er \u00e9tage.<\/p>\n<p>L&rsquo;adresse de la salle est : 6 Rue du Cornillon, 38120 Fontanil-Cornillon, France<\/p>\n<p>&nbsp;<\/p>\n<p>[\/et_pb_text][\/et_pb_column][\/et_pb_row][\/et_pb_section]<\/p>\n","protected":false},"excerpt":{"rendered":"<p>Liste de Logements &#8211; 5 et 6 novembre \u00e0 Fontanil Cornillon (pres de grenoble) -Bonjour \u00e0 tous, Afin de faciliter vos recherches de logement dans la r\u00e9gion si vous venez de loin, voici une liste de logements disponibles \u00e0 proximit\u00e9 de la salle (l&rsquo;adresse de la salle est indiqu\u00e9e en bas de cette page). Il s&rsquo;agit uniquement d&rsquo;une liste \u00e0 titre informatif \u00e9tant donn\u00e9 que nous n&rsquo;avons pas pu visiter ces diff\u00e9rents logements, mais nous souhaitons que cela puisse faciliter les recherches de logement sur place. A bient\u00f4t pour ce moment de beau moment de partage et de ressourcement,\u00a0 L&rsquo;\u00e9quipe de Living Harmony &nbsp;Liste de logements &gt; Tout d&rsquo;abord, sachez qu&rsquo;il y a des emplacements pour camping-car agr\u00e9ables dans les environs de la salle, si vous \u00eates int\u00e9ress\u00e9s pour conna\u00eetre l&rsquo;endroit exact, vous pouvez nous contacter via le formulaire de contact du site.\u00a0 &gt; A proximit\u00e9 de la salle, des logements airbnb sont disponibles \u00e0 cette p\u00e9riode : https:\/\/www.airbnb.fr\/s\/Fontanil~Cornillon&#8211;France\/homes?tab_id=home_tab&amp;refinement_paths%5B%5D=%2Fhomes&amp;flexible_trip_dates%5B%5D=november&amp;flexible_trip_dates%5B%5D=may&amp;flexible_trip_lengths%5B%5D=weekend_trip&amp;date_picker_type=calendar&amp;query=38120%20Fontanil-Cornillon%2C%20France&amp;place_id=ChIJtx9qnKTxikcRzAwghzY4aI4&amp;checkin=2022-11-04&amp;checkout=2022-11-07&amp;source=structured_search_input_header&amp;search_type=user_map_move&amp;ne_lat=45.2627152392127&amp;ne_lng=5.683959693002123&amp;sw_lat=45.2390285844985&amp;sw_lng=5.648483007558696&amp;zoom=15&amp;search_by_map=true &gt; Gite pour 5 personnes Fontanil Cornillon 5mn \u00e0 piedhttps:\/\/www.gite-aquaroca.fr\/home &gt; G\u00eete de 3 chambres (11 lits) dans la nature &#8211; 20 mn en voiture du Fontanilhttps:\/\/www.gitedusouillet.fr &gt; Gite d\u2019\u00e9tape \u00e0 Fontaine &#8211; 15 mn en voiture du Fontanilhttps:\/\/gitedetapefontainegrenoble.com &gt; Gite [&hellip;]<\/p>\n","protected":false},"author":1,"featured_media":0,"parent":0,"menu_order":0,"comment_status":"closed","ping_status":"closed","template":"","meta":{"_et_pb_use_builder":"on","_et_pb_old_content":"","_et_gb_content_width":"","footnotes":""},"class_list":["post-235051","page","type-page","status-publish","hentry"],"_links":{"self":[{"href":"https:\/\/livha.org\/fr\/wp-json\/wp\/v2\/pages\/235051","targetHints":{"allow":["GET"]}}],"collection":[{"href":"https:\/\/livha.org\/fr\/wp-json\/wp\/v2\/pages"}],"about":[{"href":"https:\/\/livha.org\/fr\/wp-json\/wp\/v2\/types\/page"}],"author":[{"embeddable":true,"href":"https:\/\/livha.org\/fr\/wp-json\/wp\/v2\/users\/1"}],"replies":[{"embeddable":true,"href":"https:\/\/livha.org\/fr\/wp-json\/wp\/v2\/comments?post=235051"}],"version-history":[{"count":8,"href":"https:\/\/livha.org\/fr\/wp-json\/wp\/v2\/pages\/235051\/revisions"}],"predecessor-version":[{"id":235463,"href":"https:\/\/livha.org\/fr\/wp-json\/wp\/v2\/pages\/235051\/revisions\/235463"}],"wp:attachment":[{"href":"https:\/\/livha.org\/fr\/wp-json\/wp\/v2\/media?parent=235051"}],"curies":[{"name":"wp","href":"https:\/\/api.w.org\/{rel}","templated":true}]}}