{"id":236066,"date":"2023-07-26T12:45:20","date_gmt":"2023-07-26T10:45:20","guid":{"rendered":"https:\/\/livha.org\/?page_id=236066"},"modified":"2023-07-26T12:52:47","modified_gmt":"2023-07-26T10:52:47","slug":"portes-enseignement-damour-et-de-lumiere-participants","status":"publish","type":"page","link":"https:\/\/livha.org\/fr\/portes-enseignement-damour-et-de-lumiere-participants\/","title":{"rendered":"Acc\u00e8s au cours \u00ab\u00a0Les Portes sur l&rsquo;enseignement d&rsquo;Amour et de Lumi\u00e8re diffus\u00e9 par Quentin\u00a0\u00bb [participants retraite de d\u00e9cembre]"},"content":{"rendered":"<p>[et_pb_section fb_built=\u00a0\u00bb1&Prime; _builder_version=\u00a0\u00bb4.16&Prime; _module_preset=\u00a0\u00bbdefault\u00a0\u00bb custom_padding=\u00a0\u00bb41px|||||\u00a0\u00bb top_divider_style=\u00a0\u00bbwave2&Prime; top_divider_color=\u00a0\u00bbrgba(127,203,219,0.3)\u00a0\u00bb top_divider_height=\u00a0\u00bb40px\u00a0\u00bb top_divider_flip=\u00a0\u00bbhorizontal|vertical\u00a0\u00bb bottom_divider_style=\u00a0\u00bbwave2&Prime; bottom_divider_color=\u00a0\u00bbrgba(127,203,219,0.3)\u00a0\u00bb bottom_divider_height=\u00a0\u00bb40px\u00a0\u00bb bottom_divider_flip=\u00a0\u00bbhorizontal\u00a0\u00bb global_colors_info=\u00a0\u00bb{}\u00a0\u00bb][et_pb_row _builder_version=\u00a0\u00bb4.16&Prime; _module_preset=\u00a0\u00bbdefault\u00a0\u00bb max_width=\u00a0\u00bb940px\u00a0\u00bb global_colors_info=\u00a0\u00bb{}\u00a0\u00bb][et_pb_column type=\u00a0\u00bb4_4&Prime; _builder_version=\u00a0\u00bb4.16&Prime; _module_preset=\u00a0\u00bbdefault\u00a0\u00bb global_colors_info=\u00a0\u00bb{}\u00a0\u00bb][et_pb_image src=\u00a0\u00bbhttps:\/\/livha.org\/wp-content\/uploads\/2023\/07\/thumbnail-cours-5.png\u00a0\u00bb alt=\u00a0\u00bbcercle de lumi\u00e8re\u00a0\u00bb title_text=\u00a0\u00bbthumbnail cours 5&Prime; _builder_version=\u00a0\u00bb4.21.0&Prime; _module_preset=\u00a0\u00bbdefault\u00a0\u00bb width=\u00a0\u00bb90%\u00a0\u00bb width_tablet=\u00a0\u00bb70%\u00a0\u00bb width_phone=\u00a0\u00bb100%\u00a0\u00bb width_last_edited=\u00a0\u00bbon|phone\u00a0\u00bb module_alignment=\u00a0\u00bbcenter\u00a0\u00bb border_radii=\u00a0\u00bbon|2px|2px|2px|2px\u00a0\u00bb global_colors_info=\u00a0\u00bb{}\u00a0\u00bb][\/et_pb_image][\/et_pb_column][\/et_pb_row][et_pb_row _builder_version=\u00a0\u00bb4.16&Prime; _module_preset=\u00a0\u00bbdefault\u00a0\u00bb max_width=\u00a0\u00bb940px\u00a0\u00bb custom_padding=\u00a0\u00bb||10px|||\u00a0\u00bb global_colors_info=\u00a0\u00bb{}\u00a0\u00bb][et_pb_column type=\u00a0\u00bb4_4&Prime; _builder_version=\u00a0\u00bb4.16&Prime; _module_preset=\u00a0\u00bbdefault\u00a0\u00bb global_colors_info=\u00a0\u00bb{}\u00a0\u00bb][et_pb_text _builder_version=\u00a0\u00bb4.16&Prime; text_font=\u00a0\u00bbPoppins||||||||\u00a0\u00bb link_font=\u00a0\u00bbChivo||||||||\u00a0\u00bb header_font=\u00a0\u00bb||||||||\u00a0\u00bb header_3_font=\u00a0\u00bbBelleza|700||on|||||\u00a0\u00bb header_3_text_align=\u00a0\u00bbcenter\u00a0\u00bb header_3_text_color=\u00a0\u00bb#2b2b2b\u00a0\u00bb header_3_font_size=\u00a0\u00bb26px\u00a0\u00bb header_3_letter_spacing=\u00a0\u00bb2px\u00a0\u00bb header_3_line_height=\u00a0\u00bb2em\u00a0\u00bb min_height=\u00a0\u00bb33px\u00a0\u00bb custom_margin=\u00a0\u00bb-25px||5px||false|false\u00a0\u00bb custom_padding=\u00a0\u00bb||0px|||\u00a0\u00bb animation_style=\u00a0\u00bbnone\u00a0\u00bb header_font_size_tablet=\u00a0\u00bb25px\u00a0\u00bb header_font_size_phone=\u00a0\u00bb\u00a0\u00bb header_font_size_last_edited=\u00a0\u00bbon|phone\u00a0\u00bb header_3_font_size_tablet=\u00a0\u00bb24px\u00a0\u00bb header_3_font_size_phone=\u00a0\u00bb22px\u00a0\u00bb header_3_font_size_last_edited=\u00a0\u00bbon|desktop\u00a0\u00bb global_colors_info=\u00a0\u00bb{}\u00a0\u00bb]<\/p>\n<h3><\/h3>\n<h3>Les Portes sur l&rsquo;enseignement d&rsquo;Amour et de Lumi\u00e8re<\/h3>\n<h3>diffus\u00e9 par Quentin<\/h3>\n<p>[\/et_pb_text][et_pb_text _builder_version=\u00a0\u00bb4.21.0&Prime; _module_preset=\u00a0\u00bb0076d6eb-5595-4dd1-a096-31982f9ed001&Prime; text_font=\u00a0\u00bb||||||||\u00a0\u00bb text_font_size=\u00a0\u00bb18px\u00a0\u00bb custom_margin=\u00a0\u00bb||4px|||\u00a0\u00bb global_colors_info=\u00a0\u00bb{}\u00a0\u00bb]<\/p>\n<p style=\"text-align: center;\"><em>Le contenu du cours et le lien d&rsquo;inscription sont indiqu\u00e9s en bas de la page<\/em><\/p>\n<p>[\/et_pb_text][et_pb_text _builder_version=\u00a0\u00bb4.16&Prime; _module_preset=\u00a0\u00bb0076d6eb-5595-4dd1-a096-31982f9ed001&Prime; text_font=\u00a0\u00bb||||||||\u00a0\u00bb custom_padding=\u00a0\u00bb||0px|8px||\u00a0\u00bb global_colors_info=\u00a0\u00bb{}\u00a0\u00bb]<\/p>\n<p>&nbsp;<\/p>\n<p>Chers Fr\u00e8res et Soeurs,<\/p>\n<p>Je salue la Lumi\u00e8re que vous \u00eates. \ud83d\ude4f\u2764\ufe0f<\/p>\n<p>Lors de la retraite \u00e0 Tijola en d\u00e9cembre dernier, j&rsquo;ai eu l&rsquo;occasion de partager aux \u00eatres pr\u00e9sents une fa\u00e7on in\u00e9dite de rassembler tous les aspects de l&rsquo;enseignement et des pratiques que je vous ai partag\u00e9s jusqu&rsquo;\u00e0 pr\u00e9sent, ainsi que certains aspects \u00e0 venir.<\/p>\n<p>C&rsquo;\u00e9tait maintenant le moment de le faire, et cette vision d&rsquo;ensemble permet d&rsquo;ancrer le socle \u00e0 partir duquel tout le reste va maintenant pouvoir se d\u00e9velopper.<\/p>\n<p>Et c&rsquo;est de cette \u00ab\u00a0fa\u00e7on in\u00e9dite\u00a0\u00bb dont j&rsquo;aimerais vous parler aujourd&rsquo;hui.<\/p>\n<p>Comme vous le savez, j&rsquo;ai souvent partag\u00e9 ces derniers mois \u00e0 propos d&rsquo;une \u00e9volution des enseignements \u00e0 venir, avec une vision d&rsquo;ensemble qui permettra de trouver des synergies entre toutes les parties, et qui couvrent tous les aspects de l&rsquo;\u00eatre et domaines de la vie. \u00c9tant donn\u00e9 que tout est Un et donc que chaque aspect de l&rsquo;\u00eatre est interd\u00e9pendant, on ne peut pleinement s&rsquo;accomplir et se r\u00e9aliser sur son chemin que si on ne laisse aucune partie de soi-m\u00eame de c\u00f4t\u00e9. Aussi, quand je parle d&rsquo;enseignement, je parle aussi des vibrations qui le constituent. Et gr\u00e2ce \u00e0 cela qui descend aujourd&rsquo;hui de plus en plus, gr\u00e2ce \u00e0 ce temps nouveau qui arrive, cette coh\u00e9rence d&rsquo;ensemble peut prendre forme progressivement.<\/p>\n<p>C&rsquo;est un peu comme si chaque partie de l&rsquo;enseignement &#8211; \u00e9nergie \u00e9tait une note et que progressivement chacune d&rsquo;entre elles arrivait \u00e0 descendre pour se toucher et ainsi former la m\u00e9lodie d&rsquo;ensemble. La m\u00e9lodie r\u00e9sonne avec l&rsquo;\u00eatre v\u00e9ritable, qui embrasse toutes les parties, toutes les notes.<\/p>\n<p>Cela va mettre encore un peu de temps pour accoucher. Nous en sommes aux contractions (:-) ), pas encore \u00e0 la perte des eaux. Toutes les vibrations prennent chair progressivement pour na\u00eetre dans ce plan.<\/p>\n<p>Ainsi, ce socle que j&rsquo;ai partag\u00e9 en d\u00e9cembre dernier est un premier aper\u00e7u, une premi\u00e8re vision d&rsquo;ensemble et s&rsquo;est construit comme un ensemble de portes. L&rsquo;enseignement \u00e9tant vaste et parce que ce serait trop indigeste de pr\u00e9senter tout d&rsquo;un coup, cela a pris forme d&rsquo;un ensemble de portes, elles-m\u00eames pr\u00e9sent\u00e9es au travers de diff\u00e9rentes facettes du m\u00eame tout.<\/p>\n<p>Et je souhaiterais que les Fr\u00e8res et Soeurs qui r\u00e9sonnent avec cela puissent avoir la possibilit\u00e9 de le d\u00e9couvrir et d&rsquo;int\u00e9grer chacune de ces portes.<\/p>\n<p>Au travers de quelques mots-cl\u00e9s, ces portes qui se dessinent sont vibratoires, ce sont des acc\u00e8s ou des cl\u00e9s vers diff\u00e9rentes \u00e9nergies qui permettent de voir cette synergie d&rsquo;ensemble qui en ressort \u00e0 mesure que la vision d&rsquo;ensemble se d\u00e9voile.<\/p>\n<p>Cela clarifie, rassemble, embrasse toutes les parties de l&rsquo;\u00eatre, et permet d&rsquo;ancrer tout cela plus profond\u00e9ment dans la terre. Pour ce nouveau cycle.<\/p>\n<p>Ainsi, aux vues de la grande valeur que ce condens\u00e9 global d&rsquo;enseignements repr\u00e9sente et ce que cela peut apporter, j&rsquo;ai trouv\u00e9 int\u00e9ressant de permettre \u00e0 ceux qui ressentent une r\u00e9sonance avec cela qui descend, de pouvoir d\u00e9couvrir ce que j&rsquo;ai pr\u00e9sent\u00e9 lors de cette retraite. Et cela est possible gr\u00e2ce \u00e0 l&rsquo;enregistrement qui a \u00e9t\u00e9 effectu\u00e9 de ce partage qui a dur\u00e9 4 jours.<\/p>\n<p>Nous avons donc d\u00e9cid\u00e9 de rendre disponible la pr\u00e9sentation de l&rsquo;ensemble de ces portes vibratoires sous une forme de cours en ligne, compos\u00e9 de 4 vid\u00e9os de deux heures chacune.<\/p>\n<p>Comme vous le verrez, cela s&rsquo;est aussi fait d&rsquo;une fa\u00e7on ludique, avec un tableau comme support, ce qui aide beaucoup \u00e0 ancrer l&rsquo;ensemble des portes.<br \/>Aussi, puisque tout cela s&rsquo;est pass\u00e9 en direct et que tous les mots ne sont pas toujours visibles \u00e0 l&rsquo;\u00e9cran, on a \u00e9galement inclus dans le cours des photos prises de chaque tableau que j&rsquo;ai \u00e9crit, afin que vous puissiez suivre de la m\u00eame fa\u00e7on que si vous \u00e9tiez \u00e0 tijola en direct.<\/p>\n<p>Mais j&rsquo;ai trouv\u00e9 que la valeur de ce qui a \u00e9t\u00e9 partag\u00e9 est si grande qu&rsquo;il serait dommage que ces vid\u00e9os soient simplement regard\u00e9es une fois, sans que vous n&rsquo;ayez la possibilit\u00e9 de vraiment int\u00e9grer chacune de ces portes, et ainsi en retirer les fruits.<\/p>\n<p>Ainsi pour que vraiment cela puisse le plus possible vous apporter, j&rsquo;ai souhait\u00e9 mettre en place une fa\u00e7on de pouvoir vous transmettre au mieux possible la valeur de ce qui s&rsquo;y trouve.<\/p>\n<p>Comprenez que comme je vous l&rsquo;ai dit plus haut, il s&rsquo;agit d&rsquo;un socle \u00e0 partir duquel va prendre forme la m\u00e9lodie des diff\u00e9rentes parties de l&rsquo;enseignement \u00e0 venir. La fa\u00e7on dont tout descend se fait aussi dans le vivant, le concret, donc en co-cr\u00e9ation avec la fa\u00e7on dont vous raisonnez avec cela, l&rsquo;int\u00e9grez, et le rendez vivant \u00e0 votre tour. Ainsi c&rsquo;est chacun de nous qui faisons descendre cela.<\/p>\n<p>Pour ces raisons, pour pouvoir au mieux b\u00e9n\u00e9ficier de ces fruits, j&rsquo;aimerais organiser quelques partages en ligne sous forme forme d&rsquo;appels zoom en groupe, qui vont se construire suite \u00e0 vos retours, vos questions, vos impressions et commentaires et qui permettront d&rsquo;approfondir certains des grands th\u00e8mes abord\u00e9s dans ces vid\u00e9os. Ces s\u00e9ances seront \u00e0 mi-chemin entre des r\u00e9ponses aux questions et des ateliers, de sorte que vous puissiez r\u00e9ellement bien ancrer tout ce qui vous est partag\u00e9 et que cela devienne vivant.<\/p>\n<p>SI vous ressentez l&rsquo;appel \u00e0 d\u00e9couvrir tout cela, <strong>vous pouvez avoir acc\u00e8s \u00e0 ce cours d\u00e8s maintenant via le lien situ\u00e9 en bas de cette page.<\/strong><\/p>\n<p>Les dates des 4 s\u00e9ances seront par contre fix\u00e9es ult\u00e9rieurement en fonction de votre avancement.<\/p>\n<p>Je souhaite \u00eatre parvenu \u00e0 vous transmettre la valeur dont il est question, et la beaut\u00e9 de ce mouvement de descente qui a lieu en ce moment, en harmonie avec ce nouveau cycle qui prend de plus en plus forme. Quelle joie. \ud83d\ude42<\/p>\n<p>Merci pour votre d\u00e9marche.<\/p>\n<p>En communion,<br \/>Quentin<\/p>\n<p><span style=\"color: rgba(33, 31, 147, 0.6);\">[Remarque : Les montants indiqu\u00e9s ci-dessous sont inf\u00e9rieurs aux montants demand\u00e9s aux \u00eatres n&rsquo;ayant pas particip\u00e9 \u00e0 la retraite de d\u00e9cembre, pour prendre en compte le fait que vous avez d\u00e9j\u00e0 pu \u00e9couter ces enseignements en direct lors de la retraite. Ce montant a \u00e9t\u00e9 senti appropri\u00e9 par rapport \u00e0 ce que cela peut vous apporter sous cette nouvelle forme, qui est plus structur\u00e9e et est \u00e9toff\u00e9e des s\u00e9ances\/ateliers par zoom. Cela peut aussi \u00eatre une mani\u00e8re de soutenir les activit\u00e9s de l&rsquo;association \ud83d\ude4f]<\/span><\/p>\n<div><\/div>\n<div><\/div>\n<p>Pour acc\u00e9der \u00e0 ce cours, <strong>nous vous proposons d&rsquo;effectuer une participation de 120\u20ac (+tva) mais vous pouvez aussi donner plus si vous le souhaitez via la participation bienfaiteur de 180\u20ac ou plus (+tva), afin de soutenir les diff\u00e9rentes activit\u00e9s de l&rsquo;association<\/strong>.<\/p>\n<p><em>Pour rappel, tous les fonds sont vers\u00e9s \u00e0 l&rsquo;association sans but lucratif LIVHA afin de soutenir et d\u00e9velopper ses activit\u00e9s tels que la diffusion de ces enseignements et d&rsquo;autres projets d&rsquo;harmonie et de rassemblement tel que l&rsquo;acquisition d&rsquo;une terre d&rsquo;accueil et la cr\u00e9ation d&rsquo;un \u00e9co-village au Portugal.<\/em><\/p>\n<p>[\/et_pb_text][et_pb_text _builder_version=\u00a0\u00bb4.16&Prime; _module_preset=\u00a0\u00bb0076d6eb-5595-4dd1-a096-31982f9ed001&Prime; text_font=\u00a0\u00bb||||||||\u00a0\u00bb custom_margin=\u00a0\u00bb||6px|||\u00a0\u00bb global_colors_info=\u00a0\u00bb{}\u00a0\u00bb]<\/p>\n<p><span style=\"font-size: x-large;\"><strong>Contenu du cours :<\/strong><\/span><\/p>\n<p>Dur\u00e9e totale du cours : 8h05<\/p>\n<p><span>1. L&rsquo;Amour et la Connaissance : les 2 p\u00f4les fondamentaux : 2h02<\/span><\/p>\n<p><span>2. Diff\u00e9rentes voies &#8211; pratiques et outils : 1h58<\/span><\/p>\n<p><span>3. Les diff\u00e9rents \u00eatres sur le chemin : 2h04<\/span><\/p>\n<p><span>4. Les diff\u00e9rentes portes en l&rsquo;\u00eatre et le processus de transformation int\u00e9rieure : 2h00<\/span><\/p>\n<p>+ Les s\u00e9ances d&rsquo;ateliers\/questions-r\u00e9ponses pour approfondir le cours (dates annonc\u00e9es par la suite)<span><\/span><\/p>\n<p><span><\/span><\/p>\n<p>[\/et_pb_text][\/et_pb_column][\/et_pb_row][et_pb_row _builder_version=\u00a0\u00bb4.16&Prime; _module_preset=\u00a0\u00bbdefault\u00a0\u00bb max_width=\u00a0\u00bb940px\u00a0\u00bb custom_padding=\u00a0\u00bb||4px|||\u00a0\u00bb global_colors_info=\u00a0\u00bb{}\u00a0\u00bb][et_pb_column type=\u00a0\u00bb4_4&Prime; _builder_version=\u00a0\u00bb4.16&Prime; _module_preset=\u00a0\u00bbdefault\u00a0\u00bb global_colors_info=\u00a0\u00bb{}\u00a0\u00bb][et_pb_text _builder_version=\u00a0\u00bb4.16&Prime; _module_preset=\u00a0\u00bb0076d6eb-5595-4dd1-a096-31982f9ed001&Prime; text_font=\u00a0\u00bb||||||||\u00a0\u00bb custom_margin=\u00a0\u00bb||19px|||\u00a0\u00bb global_colors_info=\u00a0\u00bb{}\u00a0\u00bb]<\/p>\n<p style=\"text-align: center;\"><span style=\"font-size: large;\"><em><strong>Voici un petit extrait du d\u00e9but du cours :<\/strong><\/em><\/span><\/p>\n<p>[\/et_pb_text][et_pb_video src=\u00a0\u00bbhttps:\/\/vimeo.com\/847976459\/11df1f2be3&Prime; _builder_version=\u00a0\u00bb4.21.0&Prime; _module_preset=\u00a0\u00bbdefault\u00a0\u00bb width=\u00a0\u00bb80%\u00a0\u00bb module_alignment=\u00a0\u00bbcenter\u00a0\u00bb custom_margin=\u00a0\u00bb||||false|false\u00a0\u00bb custom_padding=\u00a0\u00bb||||false|false\u00a0\u00bb global_colors_info=\u00a0\u00bb{}\u00a0\u00bb][\/et_pb_video][et_pb_text _builder_version=\u00a0\u00bb4.21.0&Prime; _module_preset=\u00a0\u00bb0076d6eb-5595-4dd1-a096-31982f9ed001&Prime; text_font=\u00a0\u00bb||||||||\u00a0\u00bb custom_margin=\u00a0\u00bb||2px|||\u00a0\u00bb global_colors_info=\u00a0\u00bb{}\u00a0\u00bb]<\/p>\n<p style=\"text-align: center;\"><span style=\"font-size: large;\"><em><strong>Et quelques instantan\u00e9s issus des diff\u00e9rents partages :<\/strong><\/em><\/span><\/p>\n<p>[\/et_pb_text][\/et_pb_column][\/et_pb_row][et_pb_row column_structure=\u00a0\u00bb1_3,1_3,1_3&Prime; use_custom_gutter=\u00a0\u00bbon\u00a0\u00bb gutter_width=\u00a0\u00bb1&Prime; _builder_version=\u00a0\u00bb4.21.0&Prime; _module_preset=\u00a0\u00bbdefault\u00a0\u00bb width=\u00a0\u00bb100%\u00a0\u00bb custom_padding=\u00a0\u00bb15px|||||\u00a0\u00bb global_colors_info=\u00a0\u00bb{}\u00a0\u00bb][et_pb_column type=\u00a0\u00bb1_3&Prime; _builder_version=\u00a0\u00bb4.21.0&Prime; _module_preset=\u00a0\u00bbdefault\u00a0\u00bb global_colors_info=\u00a0\u00bb{}\u00a0\u00bb][et_pb_image src=\u00a0\u00bbhttps:\/\/livha.org\/wp-content\/uploads\/2023\/07\/17-1.png\u00a0\u00bb title_text=\u00a0\u00bb17&Prime; align=\u00a0\u00bbright\u00a0\u00bb _builder_version=\u00a0\u00bb4.21.0&Prime; _module_preset=\u00a0\u00bbdefault\u00a0\u00bb custom_padding=\u00a0\u00bb|||29px|false|false\u00a0\u00bb global_colors_info=\u00a0\u00bb{}\u00a0\u00bb][\/et_pb_image][\/et_pb_column][et_pb_column type=\u00a0\u00bb1_3&Prime; _builder_version=\u00a0\u00bb4.21.0&Prime; _module_preset=\u00a0\u00bbdefault\u00a0\u00bb global_colors_info=\u00a0\u00bb{}\u00a0\u00bb][et_pb_image src=\u00a0\u00bbhttps:\/\/livha.org\/wp-content\/uploads\/2023\/07\/4.png\u00a0\u00bb title_text=\u00a0\u00bb4&Prime; _builder_version=\u00a0\u00bb4.21.0&Prime; _module_preset=\u00a0\u00bbdefault\u00a0\u00bb global_colors_info=\u00a0\u00bb{}\u00a0\u00bb][\/et_pb_image][\/et_pb_column][et_pb_column type=\u00a0\u00bb1_3&Prime; _builder_version=\u00a0\u00bb4.21.0&Prime; _module_preset=\u00a0\u00bbdefault\u00a0\u00bb global_colors_info=\u00a0\u00bb{}\u00a0\u00bb][et_pb_image src=\u00a0\u00bbhttps:\/\/livha.org\/wp-content\/uploads\/2023\/07\/14.png\u00a0\u00bb title_text=\u00a0\u00bb14&Prime; _builder_version=\u00a0\u00bb4.21.0&Prime; _module_preset=\u00a0\u00bbdefault\u00a0\u00bb global_colors_info=\u00a0\u00bb{}\u00a0\u00bb][\/et_pb_image][\/et_pb_column][\/et_pb_row][et_pb_row _builder_version=\u00a0\u00bb4.16&Prime; _module_preset=\u00a0\u00bbdefault\u00a0\u00bb max_width=\u00a0\u00bb940px\u00a0\u00bb custom_padding=\u00a0\u00bb||10px|||\u00a0\u00bb global_colors_info=\u00a0\u00bb{}\u00a0\u00bb][et_pb_column type=\u00a0\u00bb4_4&Prime; _builder_version=\u00a0\u00bb4.16&Prime; _module_preset=\u00a0\u00bbdefault\u00a0\u00bb global_colors_info=\u00a0\u00bb{}\u00a0\u00bb][et_pb_text _builder_version=\u00a0\u00bb4.16&Prime; _module_preset=\u00a0\u00bb0076d6eb-5595-4dd1-a096-31982f9ed001&Prime; text_font=\u00a0\u00bb||||||||\u00a0\u00bb global_colors_info=\u00a0\u00bb{}\u00a0\u00bb]<\/p>\n<p><span style=\"font-size: x-large;\"><strong>Pour acc\u00e9der au cours<\/strong><\/span><\/p>\n<p>Cliquez simplement sur le bouton ci-dessous, vous acc\u00e9derez alors \u00e0 la page vous permettant d&rsquo;effectuer le paiement. Puis une fois celui-ci effectu\u00e9, vous recevrez l&rsquo;acc\u00e8s au cours dans votre espace mylivha.\u00a0\u00a0<\/p>\n<p>[\/et_pb_text][et_pb_text _builder_version=\u00a0\u00bb4.17.3&Prime; _module_preset=\u00a0\u00bb0076d6eb-5595-4dd1-a096-31982f9ed001&Prime; text_font=\u00a0\u00bb||||||||\u00a0\u00bb global_colors_info=\u00a0\u00bb{}\u00a0\u00bb]<\/p>\n<p>A tr\u00e8s bient\u00f4t &lt;3<\/p>\n<p>Quentin et l&rsquo;\u00e9quipe<\/p>\n<p>[\/et_pb_text][\/et_pb_column][\/et_pb_row][et_pb_row column_structure=\u00a0\u00bb1_2,1_2&Prime; use_custom_gutter=\u00a0\u00bbon\u00a0\u00bb gutter_width=\u00a0\u00bb2&Prime; _builder_version=\u00a0\u00bb4.21.0&Prime; _module_preset=\u00a0\u00bbdefault\u00a0\u00bb max_width=\u00a0\u00bb1000px\u00a0\u00bb custom_margin=\u00a0\u00bb||100px||false|false\u00a0\u00bb custom_padding=\u00a0\u00bb27px||10px|||\u00a0\u00bb global_colors_info=\u00a0\u00bb{}\u00a0\u00bb][et_pb_column type=\u00a0\u00bb1_2&Prime; _builder_version=\u00a0\u00bb4.16&Prime; _module_preset=\u00a0\u00bbdefault\u00a0\u00bb global_colors_info=\u00a0\u00bb{}\u00a0\u00bb][et_pb_cta title=\u00a0\u00bbAcc\u00e8s au cours (participation normale &#8211; participants \u00e0 la retraite)\u00a0\u00bb button_url=\u00a0\u00bbhttps:\/\/my.livha.org\/fr\/produit\/les-portes-sur-lenseignement-damour-et-de-lumiere-diffuse-par-quentin-participation-normale-participants-retraite\/\u00a0\u00bb button_text=\u00a0\u00bbAcc\u00e9der au cours\u00a0\u00bb _builder_version=\u00a0\u00bb4.21.0&Prime; _module_preset=\u00a0\u00bbdefault\u00a0\u00bb header_font=\u00a0\u00bbBelleza||||||||\u00a0\u00bb header_text_color=\u00a0\u00bb#12487a\u00a0\u00bb body_text_color=\u00a0\u00bb#494949&Prime; body_font_size=\u00a0\u00bb15px\u00a0\u00bb background_color=\u00a0\u00bbRGBA(0,0,0,0)\u00a0\u00bb use_background_color_gradient=\u00a0\u00bbon\u00a0\u00bb background_color_gradient_stops=\u00a0\u00bbrgba(255,255,255,0.58) 0%|#cee2e8 100%\u00a0\u00bb background_color_gradient_start=\u00a0\u00bbrgba(255,255,255,0.58)\u00a0\u00bb background_color_gradient_end=\u00a0\u00bb#cee2e8&Prime; custom_button=\u00a0\u00bbon\u00a0\u00bb button_text_size=\u00a0\u00bb15px\u00a0\u00bb button_text_color=\u00a0\u00bb#fff5e8&Prime; button_bg_use_color_gradient=\u00a0\u00bbon\u00a0\u00bb button_bg_color_gradient_stops=\u00a0\u00bb#dcb253 0%|#db9900 100%\u00a0\u00bb button_bg_color_gradient_start=\u00a0\u00bb#dcb253&Prime; button_bg_color_gradient_end=\u00a0\u00bb#db9900&Prime; button_border_width=\u00a0\u00bb0px\u00a0\u00bb button_letter_spacing=\u00a0\u00bb2px\u00a0\u00bb button_font=\u00a0\u00bbBelleza|700||on|||||\u00a0\u00bb button_use_icon=\u00a0\u00bboff\u00a0\u00bb button_alignment=\u00a0\u00bbcenter\u00a0\u00bb button_custom_padding=\u00a0\u00bb6px|15px|6px|15px|false|false\u00a0\u00bb button_alignment_tablet=\u00a0\u00bb\u00a0\u00bb button_alignment_phone=\u00a0\u00bbcenter\u00a0\u00bb button_alignment_last_edited=\u00a0\u00bbon|phone\u00a0\u00bb border_radii=\u00a0\u00bbon|21px|21px|21px|21px\u00a0\u00bb border_width_all=\u00a0\u00bb1px\u00a0\u00bb border_color_all=\u00a0\u00bbrgba(138,211,247,0.46)\u00a0\u00bb button_text_shadow_style=\u00a0\u00bbpreset3&Prime; box_shadow_style=\u00a0\u00bbpreset1&Prime; box_shadow_style_button=\u00a0\u00bbpreset1&Prime; global_colors_info=\u00a0\u00bb{}\u00a0\u00bb button_bg_color__hover_enabled=\u00a0\u00bbon|hover\u00a0\u00bb]<\/p>\n<p>(participation de 120\u20ac+tva)<\/p>\n<p>Vous aurez besoin de vous connecter \u00e0 votre compte mylivha (ou en cr\u00e9er un) pour effectuer le paiement. En cas de difficult\u00e9, n&rsquo;h\u00e9sitez pas \u00e0 nous contacter.<\/p>\n<p>[\/et_pb_cta][\/et_pb_column][et_pb_column type=\u00a0\u00bb1_2&Prime; _builder_version=\u00a0\u00bb4.21.0&Prime; _module_preset=\u00a0\u00bbdefault\u00a0\u00bb global_colors_info=\u00a0\u00bb{}\u00a0\u00bb][et_pb_cta title=\u00a0\u00bbAcc\u00e8s au cours (participation bienfaiteur &#8211; participants \u00e0 la retraite)\u00a0\u00bb button_url=\u00a0\u00bbhttps:\/\/my.livha.org\/fr\/produit\/les-portes-sur-lenseignement-damour-et-de-lumiere-diffuse-par-quentin-participation-bienfaiteur-participants-retraite\/\u00a0\u00bb button_text=\u00a0\u00bbAcc\u00e9der au cours\u00a0\u00bb _builder_version=\u00a0\u00bb4.21.0&Prime; _module_preset=\u00a0\u00bbdefault\u00a0\u00bb header_font=\u00a0\u00bbBelleza||||||||\u00a0\u00bb header_text_color=\u00a0\u00bb#12487a\u00a0\u00bb body_text_color=\u00a0\u00bb#494949&Prime; body_font_size=\u00a0\u00bb15px\u00a0\u00bb background_color=\u00a0\u00bbRGBA(0,0,0,0)\u00a0\u00bb use_background_color_gradient=\u00a0\u00bbon\u00a0\u00bb background_color_gradient_stops=\u00a0\u00bbrgba(255,255,255,0.58) 0%|#cee2e8 100%\u00a0\u00bb background_color_gradient_start=\u00a0\u00bbrgba(255,255,255,0.58)\u00a0\u00bb background_color_gradient_end=\u00a0\u00bb#cee2e8&Prime; custom_button=\u00a0\u00bbon\u00a0\u00bb button_text_size=\u00a0\u00bb15px\u00a0\u00bb button_text_color=\u00a0\u00bb#fff5e8&Prime; button_bg_use_color_gradient=\u00a0\u00bbon\u00a0\u00bb button_bg_color_gradient_stops=\u00a0\u00bb#dcb253 0%|#db9900 100%\u00a0\u00bb button_bg_color_gradient_start=\u00a0\u00bb#dcb253&Prime; button_bg_color_gradient_end=\u00a0\u00bb#db9900&Prime; button_border_width=\u00a0\u00bb0px\u00a0\u00bb button_letter_spacing=\u00a0\u00bb2px\u00a0\u00bb button_font=\u00a0\u00bbBelleza|700||on|||||\u00a0\u00bb button_use_icon=\u00a0\u00bboff\u00a0\u00bb button_alignment=\u00a0\u00bbcenter\u00a0\u00bb button_custom_padding=\u00a0\u00bb6px|15px|6px|15px|false|false\u00a0\u00bb hover_enabled=\u00a0\u00bb0&Prime; button_alignment_tablet=\u00a0\u00bb\u00a0\u00bb button_alignment_phone=\u00a0\u00bbcenter\u00a0\u00bb button_alignment_last_edited=\u00a0\u00bbon|phone\u00a0\u00bb border_radii=\u00a0\u00bbon|21px|21px|21px|21px\u00a0\u00bb border_width_all=\u00a0\u00bb1px\u00a0\u00bb border_color_all=\u00a0\u00bbrgba(138,211,247,0.46)\u00a0\u00bb button_text_shadow_style=\u00a0\u00bbpreset3&Prime; box_shadow_style=\u00a0\u00bbpreset1&Prime; box_shadow_style_button=\u00a0\u00bbpreset1&Prime; global_colors_info=\u00a0\u00bb{}\u00a0\u00bb button_bg_color__hover_enabled=\u00a0\u00bbon|hover\u00a0\u00bb sticky_enabled=\u00a0\u00bb0&Prime;]<\/p>\n<p>(participation de 180\u20ac ou plus +tva)<\/p>\n<p>Vous aurez besoin de vous connecter \u00e0 votre compte mylivha (ou en cr\u00e9er un) pour effectuer le paiement. En cas de difficult\u00e9, n&rsquo;h\u00e9sitez pas \u00e0 nous contacter.<\/p>\n<p>[\/et_pb_cta][\/et_pb_column][\/et_pb_row][\/et_pb_section]<\/p>\n","protected":false},"excerpt":{"rendered":"<p>Les Portes sur l&rsquo;enseignement d&rsquo;Amour et de Lumi\u00e8re diffus\u00e9 par QuentinLe contenu du cours et le lien d&rsquo;inscription sont indiqu\u00e9s en bas de la page&nbsp; Chers Fr\u00e8res et Soeurs, Je salue la Lumi\u00e8re que vous \u00eates. \ud83d\ude4f\u2764\ufe0f Lors de la retraite \u00e0 Tijola en d\u00e9cembre dernier, j&rsquo;ai eu l&rsquo;occasion de partager aux \u00eatres pr\u00e9sents une fa\u00e7on in\u00e9dite de rassembler tous les aspects de l&rsquo;enseignement et des pratiques que je vous ai partag\u00e9s jusqu&rsquo;\u00e0 pr\u00e9sent, ainsi que certains aspects \u00e0 venir. C&rsquo;\u00e9tait maintenant le moment de le faire, et cette vision d&rsquo;ensemble permet d&rsquo;ancrer le socle \u00e0 partir duquel tout le reste va maintenant pouvoir se d\u00e9velopper. Et c&rsquo;est de cette \u00ab\u00a0fa\u00e7on in\u00e9dite\u00a0\u00bb dont j&rsquo;aimerais vous parler aujourd&rsquo;hui. Comme vous le savez, j&rsquo;ai souvent partag\u00e9 ces derniers mois \u00e0 propos d&rsquo;une \u00e9volution des enseignements \u00e0 venir, avec une vision d&rsquo;ensemble qui permettra de trouver des synergies entre toutes les parties, et qui couvrent tous les aspects de l&rsquo;\u00eatre et domaines de la vie. \u00c9tant donn\u00e9 que tout est Un et donc que chaque aspect de l&rsquo;\u00eatre est interd\u00e9pendant, on ne peut pleinement s&rsquo;accomplir et se r\u00e9aliser sur son chemin que si on ne laisse aucune partie de soi-m\u00eame de c\u00f4t\u00e9. Aussi, [&hellip;]<\/p>\n","protected":false},"author":1,"featured_media":0,"parent":0,"menu_order":0,"comment_status":"closed","ping_status":"closed","template":"","meta":{"_et_pb_use_builder":"on","_et_pb_old_content":"","_et_gb_content_width":"","footnotes":""},"class_list":["post-236066","page","type-page","status-publish","hentry"],"_links":{"self":[{"href":"https:\/\/livha.org\/fr\/wp-json\/wp\/v2\/pages\/236066","targetHints":{"allow":["GET"]}}],"collection":[{"href":"https:\/\/livha.org\/fr\/wp-json\/wp\/v2\/pages"}],"about":[{"href":"https:\/\/livha.org\/fr\/wp-json\/wp\/v2\/types\/page"}],"author":[{"embeddable":true,"href":"https:\/\/livha.org\/fr\/wp-json\/wp\/v2\/users\/1"}],"replies":[{"embeddable":true,"href":"https:\/\/livha.org\/fr\/wp-json\/wp\/v2\/comments?post=236066"}],"version-history":[{"count":5,"href":"https:\/\/livha.org\/fr\/wp-json\/wp\/v2\/pages\/236066\/revisions"}],"predecessor-version":[{"id":236072,"href":"https:\/\/livha.org\/fr\/wp-json\/wp\/v2\/pages\/236066\/revisions\/236072"}],"wp:attachment":[{"href":"https:\/\/livha.org\/fr\/wp-json\/wp\/v2\/media?parent=236066"}],"curies":[{"name":"wp","href":"https:\/\/api.w.org\/{rel}","templated":true}]}}