{"id":236544,"date":"2024-01-29T19:12:28","date_gmt":"2024-01-29T18:12:28","guid":{"rendered":"https:\/\/livha.org\/?page_id=236544"},"modified":"2024-01-30T16:16:09","modified_gmt":"2024-01-30T15:16:09","slug":"enregistrement-retraite-milhas-26-juin-au-3-juillet","status":"publish","type":"page","link":"https:\/\/livha.org\/fr\/enregistrement-retraite-milhas-26-juin-au-3-juillet\/","title":{"rendered":"Enregistrement de la RETRAITE AVEC QUENTIN DISNEUR \u2013 26 juin au 3 juillet 2023 &#8211;"},"content":{"rendered":"<p>[et_pb_section fb_built=\u00a0\u00bb1&Prime; _builder_version=\u00a0\u00bb4.16&Prime; _module_preset=\u00a0\u00bbdefault\u00a0\u00bb custom_padding=\u00a0\u00bb41px|||||\u00a0\u00bb top_divider_style=\u00a0\u00bbwave2&Prime; top_divider_color=\u00a0\u00bbrgba(127,203,219,0.3)\u00a0\u00bb top_divider_height=\u00a0\u00bb40px\u00a0\u00bb top_divider_flip=\u00a0\u00bbhorizontal|vertical\u00a0\u00bb bottom_divider_style=\u00a0\u00bbwave2&Prime; bottom_divider_color=\u00a0\u00bbrgba(127,203,219,0.3)\u00a0\u00bb bottom_divider_height=\u00a0\u00bb40px\u00a0\u00bb bottom_divider_flip=\u00a0\u00bbhorizontal\u00a0\u00bb global_colors_info=\u00a0\u00bb{}\u00a0\u00bb][et_pb_row _builder_version=\u00a0\u00bb4.16&Prime; _module_preset=\u00a0\u00bbdefault\u00a0\u00bb max_width=\u00a0\u00bb940px\u00a0\u00bb global_colors_info=\u00a0\u00bb{}\u00a0\u00bb][et_pb_column type=\u00a0\u00bb4_4&Prime; _builder_version=\u00a0\u00bb4.16&Prime; _module_preset=\u00a0\u00bbdefault\u00a0\u00bb global_colors_info=\u00a0\u00bb{}\u00a0\u00bb][et_pb_image src=\u00a0\u00bbhttps:\/\/livha.org\/wp-content\/uploads\/2023\/12\/montage-entete-rediffusion.png\u00a0\u00bb alt=\u00a0\u00bbcercle de lumi\u00e8re\u00a0\u00bb title_text=\u00a0\u00bbmontage-entete-rediffusion\u00a0\u00bb _builder_version=\u00a0\u00bb4.23.1&Prime; _module_preset=\u00a0\u00bbdefault\u00a0\u00bb width=\u00a0\u00bb90%\u00a0\u00bb width_tablet=\u00a0\u00bb70%\u00a0\u00bb width_phone=\u00a0\u00bb100%\u00a0\u00bb width_last_edited=\u00a0\u00bbon|phone\u00a0\u00bb module_alignment=\u00a0\u00bbcenter\u00a0\u00bb border_radii=\u00a0\u00bbon|2px|2px|2px|2px\u00a0\u00bb global_colors_info=\u00a0\u00bb{}\u00a0\u00bb][\/et_pb_image][\/et_pb_column][\/et_pb_row][et_pb_row _builder_version=\u00a0\u00bb4.16&Prime; _module_preset=\u00a0\u00bbdefault\u00a0\u00bb max_width=\u00a0\u00bb940px\u00a0\u00bb custom_padding=\u00a0\u00bb||10px|||\u00a0\u00bb global_colors_info=\u00a0\u00bb{}\u00a0\u00bb][et_pb_column type=\u00a0\u00bb4_4&Prime; _builder_version=\u00a0\u00bb4.16&Prime; _module_preset=\u00a0\u00bbdefault\u00a0\u00bb global_colors_info=\u00a0\u00bb{}\u00a0\u00bb][et_pb_text _builder_version=\u00a0\u00bb4.23.1&Prime; text_font=\u00a0\u00bbPoppins||||||||\u00a0\u00bb link_font=\u00a0\u00bbChivo||||||||\u00a0\u00bb header_font=\u00a0\u00bb||||||||\u00a0\u00bb header_3_font=\u00a0\u00bbBelleza|700||on|||||\u00a0\u00bb header_3_text_align=\u00a0\u00bbcenter\u00a0\u00bb header_3_text_color=\u00a0\u00bb#2b2b2b\u00a0\u00bb header_3_font_size=\u00a0\u00bb26px\u00a0\u00bb header_3_letter_spacing=\u00a0\u00bb2px\u00a0\u00bb header_3_line_height=\u00a0\u00bb2em\u00a0\u00bb min_height=\u00a0\u00bb33px\u00a0\u00bb custom_margin=\u00a0\u00bb-25px||5px||false|false\u00a0\u00bb custom_padding=\u00a0\u00bb||0px|||\u00a0\u00bb animation_style=\u00a0\u00bbnone\u00a0\u00bb header_font_size_tablet=\u00a0\u00bb25px\u00a0\u00bb header_font_size_phone=\u00a0\u00bb\u00a0\u00bb header_font_size_last_edited=\u00a0\u00bbon|phone\u00a0\u00bb header_3_font_size_tablet=\u00a0\u00bb24px\u00a0\u00bb header_3_font_size_phone=\u00a0\u00bb22px\u00a0\u00bb header_3_font_size_last_edited=\u00a0\u00bbon|desktop\u00a0\u00bb global_colors_info=\u00a0\u00bb{}\u00a0\u00bb]<\/p>\n<h3>Enregistrement de la RETRAITE avec Quentin disneur<\/h3>\n<h3>&#8211; 26 juin au 3 juillet 2023 au Domaine de Milhas &#8211;<\/h3>\n<p>[\/et_pb_text][et_pb_text _builder_version=\u00a0\u00bb4.23.1&Prime; _module_preset=\u00a0\u00bb0076d6eb-5595-4dd1-a096-31982f9ed001&Prime; text_font=\u00a0\u00bb||||||||\u00a0\u00bb global_colors_info=\u00a0\u00bb{}\u00a0\u00bb]<\/p>\n<p>&nbsp;<\/p>\n<p>Chers \u00eatres du coeur,<\/p>\n<p>C&rsquo;est avec Joie que je vous annonce aujourd&rsquo;hui que l&rsquo;enregistrement de la retraite au domaine de Milhas du mois de juillet 2023 est enfin disponible. Cela a pris plus de temps que pr\u00e9vu car nous n&rsquo;avons pas pu nous en occuper rapidement, et malgr\u00e9 le fait que la retraite ait d\u00e9j\u00e0 eu lieu il y a un long moment, plusieurs d&rsquo;entre vous nous ont partag\u00e9 qu&rsquo;ils seraient tr\u00e8s int\u00e9ress\u00e9s d&rsquo;avoir les enregistrements. Nous avons donc r\u00e9cemment pu terminer ce qui \u00e9tait n\u00e9cessaire pour pouvoir vous les partager.<\/p>\n<p>Nous vous demandons simplement une donation en conscience pour couvrir les frais et permettre ce travail de mise \u00e0 disposition des enregistrements.<\/p>\n<p>Je vous invite \u00e0 prendre conscience, notamment lors de cette donation, de l\u2019immense valeur qui se trouve contenue dans les enregistrements de cette retraite (en contenu comme en vibration).<\/p>\n<p>Vous pouvez ainsi vous ressourcer dans ces belles \u00e9nergies et beaux moments de partages v\u00e9cus ensemble.<\/p>\n<p>Cette rediffusion vous donne aussi la possibilit\u00e9 fort utile de r\u00e9entendre et d\u2019approfondir certains partages dont la substance est tr\u00e8s riche, pour lesquels il est parfois difficile d\u2019en int\u00e9grer l\u2019enti\u00e8ret\u00e9 en une seule \u00e9coute.<\/p>\n<p>Comme vous le savez pour l\u2019avoir v\u00e9cu, des moments de Silence et de Sacr\u00e9 tr\u00e8s profonds ont \u00e9t\u00e9 partag\u00e9s partag\u00e9s lors de cette retraite, et ces enregistrements sont pour vous l\u2019occasion de retrouver cela, de vous y reconnecter et vous y ressourcer.<\/p>\n<p>Merci pour cette belle retraite que vous avez permise et manifest\u00e9e, par votre d\u00e9marche sinc\u00e8re et votre pr\u00e9sence.<\/p>\n<p>\u00c0 tout le temps.<\/p>\n<p>En communion,<br \/>Quentin et toute l&rsquo;\u00e9quipe<\/p>\n<p>&nbsp;<\/p>\n<p><em>Pour rappel, tous les fonds sont vers\u00e9s \u00e0 l&rsquo;association sans but lucratif LIVHA afin de soutenir et d\u00e9velopper ses activit\u00e9s tels que la diffusion de ces enseignements et d&rsquo;autres projets d&rsquo;harmonie et de rassemblement tel que la cr\u00e9ation d&rsquo;un \u00e9co-village au Portugal.<\/em><\/p>\n<p><strong>Le lien pour obtenir l&rsquo;acc\u00e8s est en bas de cette page.\u00a0<\/strong><\/p>\n<p>[\/et_pb_text][et_pb_text _builder_version=\u00a0\u00bb4.16&Prime; _module_preset=\u00a0\u00bb0076d6eb-5595-4dd1-a096-31982f9ed001&Prime; text_font=\u00a0\u00bb||||||||\u00a0\u00bb global_colors_info=\u00a0\u00bb{}\u00a0\u00bb]<\/p>\n<p><span style=\"font-size: x-large;\"><strong>Liste des enregistrements :<\/strong><\/span><\/p>\n<p>26 juin soir : 1h38<\/p>\n<p>27 juin matin : 2h48<\/p>\n<p>27 juin soir : 1h30<\/p>\n<p>28 juin matin : 1h34<\/p>\n<p>28 juin soir : 2h05<\/p>\n<p>29 juin matin : 2h44<\/p>\n<p>29 juin soir : 2h13<\/p>\n<p>30 juin matin : 2h39<\/p>\n<p>30 juin soir : 1h52<\/p>\n<p>1er juillet matin : 2h46<\/p>\n<p>1er juillet apr\u00e8s-midi : 1h03<\/p>\n<p>1er juillet soir : 2h42<\/p>\n<p>2 juillet matin : 2h48<\/p>\n<p>2 juillet apr\u00e8s-midi : 1h44<\/p>\n<p>2 juillet soir : 24mn<\/p>\n<p>3 juillet matin : 2h52<\/p>\n<p>&nbsp;<\/p>\n<p>[\/et_pb_text][et_pb_text _builder_version=\u00a0\u00bb4.16&Prime; _module_preset=\u00a0\u00bb0076d6eb-5595-4dd1-a096-31982f9ed001&Prime; text_font=\u00a0\u00bb||||||||\u00a0\u00bb global_colors_info=\u00a0\u00bb{}\u00a0\u00bb]<\/p>\n<p><span style=\"font-size: x-large;\"><strong>Acc\u00e8s aux enregistrements<\/strong><\/span><\/p>\n<p>Cliquez simplement sur le bouton ci-dessous, vous acc\u00e9derez alors \u00e0 la page vous permettant d&rsquo;effectuer une donation. Puis une fois celle-ci effectu\u00e9e, vous recevrez l&rsquo;acc\u00e8s \u00e0 l&rsquo;enregistrement dans votre espace mylivha.\u00a0\u00a0<\/p>\n<p>[\/et_pb_text][et_pb_text _builder_version=\u00a0\u00bb4.17.3&Prime; _module_preset=\u00a0\u00bb0076d6eb-5595-4dd1-a096-31982f9ed001&Prime; text_font=\u00a0\u00bb||||||||\u00a0\u00bb global_colors_info=\u00a0\u00bb{}\u00a0\u00bb]<\/p>\n<p>A tr\u00e8s bient\u00f4t &lt;3<\/p>\n<p>Quentin et l&rsquo;\u00e9quipe Livha<\/p>\n<p>[\/et_pb_text][\/et_pb_column][\/et_pb_row][et_pb_row column_structure=\u00a0\u00bb1_3,1_3,1_3&Prime; use_custom_gutter=\u00a0\u00bbon\u00a0\u00bb gutter_width=\u00a0\u00bb2&Prime; _builder_version=\u00a0\u00bb4.16&Prime; _module_preset=\u00a0\u00bbdefault\u00a0\u00bb width=\u00a0\u00bb90%\u00a0\u00bb max_width=\u00a0\u00bb1200px\u00a0\u00bb custom_padding=\u00a0\u00bb27px||10px|||\u00a0\u00bb global_colors_info=\u00a0\u00bb{}\u00a0\u00bb][et_pb_column type=\u00a0\u00bb1_3&Prime; _builder_version=\u00a0\u00bb4.16&Prime; _module_preset=\u00a0\u00bbdefault\u00a0\u00bb global_colors_info=\u00a0\u00bb{}\u00a0\u00bb][\/et_pb_column][et_pb_column type=\u00a0\u00bb1_3&Prime; _builder_version=\u00a0\u00bb4.16&Prime; _module_preset=\u00a0\u00bbdefault\u00a0\u00bb global_colors_info=\u00a0\u00bb{}\u00a0\u00bb][et_pb_cta title=\u00a0\u00bbDonation en conscience\u00a0\u00bb button_url=\u00a0\u00bbhttps:\/\/my.livha.org\/fr\/produit\/acces-enregistrement-retraite-occitanie-participants\/\u00a0\u00bb button_text=\u00a0\u00bbAcc\u00e9der aux enregistrements\u00a0\u00bb _builder_version=\u00a0\u00bb4.23.4&Prime; _module_preset=\u00a0\u00bbdefault\u00a0\u00bb header_font=\u00a0\u00bbBelleza||||||||\u00a0\u00bb header_text_color=\u00a0\u00bb#12487a\u00a0\u00bb body_text_color=\u00a0\u00bb#494949&Prime; body_font_size=\u00a0\u00bb15px\u00a0\u00bb background_color=\u00a0\u00bbRGBA(0,0,0,0)\u00a0\u00bb use_background_color_gradient=\u00a0\u00bbon\u00a0\u00bb background_color_gradient_stops=\u00a0\u00bbrgba(255,255,255,0.58) 0%|#cee2e8 100%\u00a0\u00bb background_color_gradient_start=\u00a0\u00bbrgba(255,255,255,0.58)\u00a0\u00bb background_color_gradient_end=\u00a0\u00bb#cee2e8&Prime; custom_button=\u00a0\u00bbon\u00a0\u00bb button_text_size=\u00a0\u00bb15px\u00a0\u00bb button_text_color=\u00a0\u00bb#fff5e8&Prime; button_bg_use_color_gradient=\u00a0\u00bbon\u00a0\u00bb button_bg_color_gradient_stops=\u00a0\u00bb#dcb253 0%|#db9900 100%\u00a0\u00bb button_bg_color_gradient_start=\u00a0\u00bb#dcb253&Prime; button_bg_color_gradient_end=\u00a0\u00bb#db9900&Prime; button_border_width=\u00a0\u00bb0px\u00a0\u00bb button_letter_spacing=\u00a0\u00bb2px\u00a0\u00bb button_font=\u00a0\u00bbBelleza|700||on|||||\u00a0\u00bb button_use_icon=\u00a0\u00bboff\u00a0\u00bb button_alignment=\u00a0\u00bbcenter\u00a0\u00bb button_custom_padding=\u00a0\u00bb6px|15px|6px|15px|false|false\u00a0\u00bb hover_enabled=\u00a0\u00bb0&Prime; button_alignment_tablet=\u00a0\u00bb\u00a0\u00bb button_alignment_phone=\u00a0\u00bbcenter\u00a0\u00bb button_alignment_last_edited=\u00a0\u00bbon|phone\u00a0\u00bb border_radii=\u00a0\u00bbon|21px|21px|21px|21px\u00a0\u00bb border_width_all=\u00a0\u00bb1px\u00a0\u00bb border_color_all=\u00a0\u00bbrgba(138,211,247,0.46)\u00a0\u00bb button_text_shadow_style=\u00a0\u00bbpreset3&Prime; box_shadow_style=\u00a0\u00bbpreset1&Prime; box_shadow_style_button=\u00a0\u00bbpreset1&Prime; global_colors_info=\u00a0\u00bb{}\u00a0\u00bb button_bg_color__hover_enabled=\u00a0\u00bbon|hover\u00a0\u00bb sticky_enabled=\u00a0\u00bb0&Prime;]<\/p>\n<p>(donation \u00e0 partir de 50\u20ac)<\/p>\n<p>Vous aurez besoin de vous connecter \u00e0 votre compte mylivha (ou en cr\u00e9er un) pour effectuer le paiement. En cas de difficult\u00e9, n&rsquo;h\u00e9sitez pas \u00e0 nous contacter.<\/p>\n<p>[\/et_pb_cta][\/et_pb_column][et_pb_column type=\u00a0\u00bb1_3&Prime; _builder_version=\u00a0\u00bb4.16&Prime; _module_preset=\u00a0\u00bbdefault\u00a0\u00bb global_colors_info=\u00a0\u00bb{}\u00a0\u00bb][\/et_pb_column][\/et_pb_row][et_pb_row use_custom_gutter=\u00a0\u00bbon\u00a0\u00bb gutter_width=\u00a0\u00bb1&Prime; _builder_version=\u00a0\u00bb4.16&Prime; _module_preset=\u00a0\u00bbdefault\u00a0\u00bb max_width=\u00a0\u00bb940px\u00a0\u00bb custom_padding=\u00a0\u00bb58px||33px|||\u00a0\u00bb global_colors_info=\u00a0\u00bb{}\u00a0\u00bb][et_pb_column type=\u00a0\u00bb4_4&Prime; _builder_version=\u00a0\u00bb4.16&Prime; _module_preset=\u00a0\u00bbdefault\u00a0\u00bb global_colors_info=\u00a0\u00bb{}\u00a0\u00bb][et_pb_gallery gallery_ids=\u00a0\u00bb236353,236313,236328,236343,236338,236358,236288,236248,236213,236198,236263,236278&Prime; posts_number=\u00a0\u00bb8&Prime; show_title_and_caption=\u00a0\u00bboff\u00a0\u00bb _builder_version=\u00a0\u00bb4.23.1&Prime; _module_preset=\u00a0\u00bbdefault\u00a0\u00bb border_width_all_image=\u00a0\u00bb3px\u00a0\u00bb border_color_all_image=\u00a0\u00bb#ffffff\u00a0\u00bb global_colors_info=\u00a0\u00bb{}\u00a0\u00bb][\/et_pb_gallery][\/et_pb_column][\/et_pb_row][\/et_pb_section]<\/p>\n","protected":false},"excerpt":{"rendered":"<p>Enregistrement de la RETRAITE avec Quentin disneur &#8211; 26 juin au 3 juillet 2023 au Domaine de Milhas &#8211;&nbsp; Chers \u00eatres du coeur, C&rsquo;est avec Joie que je vous annonce aujourd&rsquo;hui que l&rsquo;enregistrement de la retraite au domaine de Milhas du mois de juillet 2023 est enfin disponible. Cela a pris plus de temps que pr\u00e9vu car nous n&rsquo;avons pas pu nous en occuper rapidement, et malgr\u00e9 le fait que la retraite ait d\u00e9j\u00e0 eu lieu il y a un long moment, plusieurs d&rsquo;entre vous nous ont partag\u00e9 qu&rsquo;ils seraient tr\u00e8s int\u00e9ress\u00e9s d&rsquo;avoir les enregistrements. Nous avons donc r\u00e9cemment pu terminer ce qui \u00e9tait n\u00e9cessaire pour pouvoir vous les partager. Nous vous demandons simplement une donation en conscience pour couvrir les frais et permettre ce travail de mise \u00e0 disposition des enregistrements. Je vous invite \u00e0 prendre conscience, notamment lors de cette donation, de l\u2019immense valeur qui se trouve contenue dans les enregistrements de cette retraite (en contenu comme en vibration). Vous pouvez ainsi vous ressourcer dans ces belles \u00e9nergies et beaux moments de partages v\u00e9cus ensemble. Cette rediffusion vous donne aussi la possibilit\u00e9 fort utile de r\u00e9entendre et d\u2019approfondir certains partages dont la substance est tr\u00e8s riche, pour lesquels [&hellip;]<\/p>\n","protected":false},"author":1,"featured_media":0,"parent":0,"menu_order":0,"comment_status":"closed","ping_status":"closed","template":"","meta":{"_et_pb_use_builder":"on","_et_pb_old_content":"","_et_gb_content_width":"","footnotes":""},"class_list":["post-236544","page","type-page","status-publish","hentry"],"_links":{"self":[{"href":"https:\/\/livha.org\/fr\/wp-json\/wp\/v2\/pages\/236544","targetHints":{"allow":["GET"]}}],"collection":[{"href":"https:\/\/livha.org\/fr\/wp-json\/wp\/v2\/pages"}],"about":[{"href":"https:\/\/livha.org\/fr\/wp-json\/wp\/v2\/types\/page"}],"author":[{"embeddable":true,"href":"https:\/\/livha.org\/fr\/wp-json\/wp\/v2\/users\/1"}],"replies":[{"embeddable":true,"href":"https:\/\/livha.org\/fr\/wp-json\/wp\/v2\/comments?post=236544"}],"version-history":[{"count":7,"href":"https:\/\/livha.org\/fr\/wp-json\/wp\/v2\/pages\/236544\/revisions"}],"predecessor-version":[{"id":236553,"href":"https:\/\/livha.org\/fr\/wp-json\/wp\/v2\/pages\/236544\/revisions\/236553"}],"wp:attachment":[{"href":"https:\/\/livha.org\/fr\/wp-json\/wp\/v2\/media?parent=236544"}],"curies":[{"name":"wp","href":"https:\/\/api.w.org\/{rel}","templated":true}]}}