{"id":236940,"date":"2024-11-08T09:15:10","date_gmt":"2024-11-08T08:15:10","guid":{"rendered":"https:\/\/livha.org\/?page_id=236940"},"modified":"2024-12-13T20:00:18","modified_gmt":"2024-12-13T19:00:18","slug":"rencontre-en-ligne-avec-meriam-13-au-15-dec-2024","status":"publish","type":"page","link":"https:\/\/livha.org\/fr\/rencontre-en-ligne-avec-meriam-13-au-15-dec-2024\/","title":{"rendered":"Rencontre en ligne avec Meriam &#8211; weekend du 13 au 15 d\u00e9cembre 2024"},"content":{"rendered":"<p>[et_pb_section fb_built=\u00a0\u00bb1&Prime; _builder_version=\u00a0\u00bb4.16&Prime; _module_preset=\u00a0\u00bbdefault\u00a0\u00bb custom_padding=\u00a0\u00bb41px||89px|||\u00a0\u00bb top_divider_style=\u00a0\u00bbwave2&Prime; top_divider_color=\u00a0\u00bbrgba(127,203,219,0.3)\u00a0\u00bb top_divider_height=\u00a0\u00bb40px\u00a0\u00bb top_divider_flip=\u00a0\u00bbhorizontal|vertical\u00a0\u00bb bottom_divider_style=\u00a0\u00bbwave2&Prime; bottom_divider_color=\u00a0\u00bbrgba(127,203,219,0.3)\u00a0\u00bb bottom_divider_height=\u00a0\u00bb40px\u00a0\u00bb bottom_divider_flip=\u00a0\u00bbhorizontal\u00a0\u00bb global_colors_info=\u00a0\u00bb{}\u00a0\u00bb][et_pb_row _builder_version=\u00a0\u00bb4.22.0&Prime; _module_preset=\u00a0\u00bbdefault\u00a0\u00bb width=\u00a0\u00bb70%\u00a0\u00bb max_width=\u00a0\u00bb940px\u00a0\u00bb custom_padding=\u00a0\u00bb||10px|||\u00a0\u00bb global_colors_info=\u00a0\u00bb{}\u00a0\u00bb][et_pb_column type=\u00a0\u00bb4_4&Prime; _builder_version=\u00a0\u00bb4.16&Prime; _module_preset=\u00a0\u00bbdefault\u00a0\u00bb global_colors_info=\u00a0\u00bb{}\u00a0\u00bb][et_pb_text _builder_version=\u00a0\u00bb4.17.3&Prime; text_font=\u00a0\u00bbPoppins||||||||\u00a0\u00bb link_font=\u00a0\u00bbChivo||||||||\u00a0\u00bb header_font=\u00a0\u00bb||||||||\u00a0\u00bb header_3_font=\u00a0\u00bbBelleza|700||on|||||\u00a0\u00bb header_3_text_align=\u00a0\u00bbcenter\u00a0\u00bb header_3_text_color=\u00a0\u00bb#2b2b2b\u00a0\u00bb header_3_font_size=\u00a0\u00bb26px\u00a0\u00bb header_3_letter_spacing=\u00a0\u00bb2px\u00a0\u00bb header_3_line_height=\u00a0\u00bb2em\u00a0\u00bb min_height=\u00a0\u00bb33px\u00a0\u00bb custom_margin=\u00a0\u00bb-25px||5px||false|false\u00a0\u00bb custom_padding=\u00a0\u00bb||0px|||\u00a0\u00bb animation_style=\u00a0\u00bbnone\u00a0\u00bb header_font_size_tablet=\u00a0\u00bb25px\u00a0\u00bb header_font_size_phone=\u00a0\u00bb\u00a0\u00bb header_font_size_last_edited=\u00a0\u00bbon|phone\u00a0\u00bb header_3_font_size_tablet=\u00a0\u00bb24px\u00a0\u00bb header_3_font_size_phone=\u00a0\u00bb22px\u00a0\u00bb header_3_font_size_last_edited=\u00a0\u00bbon|desktop\u00a0\u00bb global_colors_info=\u00a0\u00bb{}\u00a0\u00bb]<\/p>\n<h3>\u00a0rencontre par internet avec Meriam<\/h3>\n<h3><em><\/em><\/h3>\n<h3><em>\u00a0\u00bb La lumi\u00e8re que nous sommes \u00a0\u00bb\u00a0<\/em><\/h3>\n<h3><em><\/em>\u2013 13 au 15 d\u00e9cembre 2024 &#8211;<\/h3>\n<h3><em><\/em><\/h3>\n<h3><em><\/em><\/h3>\n<p>[\/et_pb_text][et_pb_image src=\u00a0\u00bbhttps:\/\/livha.org\/wp-content\/uploads\/2024\/11\/DALL\u00b7E-2024-11-07-20.16.29.webp\u00a0\u00bb title_text=\u00a0\u00bbDALL\u00b7E 2024-11-07 20.16.29&Prime; align=\u00a0\u00bbcenter\u00a0\u00bb _builder_version=\u00a0\u00bb4.27.2&Prime; _module_preset=\u00a0\u00bbdefault\u00a0\u00bb width=\u00a0\u00bb64%\u00a0\u00bb width_tablet=\u00a0\u00bb100%\u00a0\u00bb width_phone=\u00a0\u00bb100%\u00a0\u00bb width_last_edited=\u00a0\u00bbon|desktop\u00a0\u00bb global_colors_info=\u00a0\u00bb{}\u00a0\u00bb][\/et_pb_image][et_pb_text _builder_version=\u00a0\u00bb4.16&Prime; _module_preset=\u00a0\u00bbdefault\u00a0\u00bb text_font_size=\u00a0\u00bb16px\u00a0\u00bb custom_margin=\u00a0\u00bb||35px|||\u00a0\u00bb global_colors_info=\u00a0\u00bb{}\u00a0\u00bb]<\/p>\n<p style=\"text-align: center;\"><strong>Vous trouverez sur cette page les d\u00e9tails concernant la rencontre que vous pourrez suivre par internet depuis votre ordinateur, tablette ou smartphone. La rencontre aura lieu en direct du vendredi 13 d\u00e9cembre soir au dimanche 15 d\u00e9cembre 2024.<\/strong><\/p>\n<p style=\"text-align: center;\"><strong>En bas de la page se situe le lien pour vous y inscrire si vous le souhaitez.<\/strong><\/p>\n<p>[\/et_pb_text][et_pb_text _builder_version=\u00a0\u00bb4.16&Prime; _module_preset=\u00a0\u00bb0076d6eb-5595-4dd1-a096-31982f9ed001&Prime; text_font=\u00a0\u00bb||||||||\u00a0\u00bb custom_padding=\u00a0\u00bb1px||0px|||\u00a0\u00bb inline_fonts=\u00a0\u00bbAbhaya Libre\u00a0\u00bb global_colors_info=\u00a0\u00bb{}\u00a0\u00bb]<\/p>\n<p><em><\/em><\/p>\n<p><em><span style=\"font-size: 16px;\">Chers fr\u00e8res et s\u0153urs,<\/span><\/em><\/p>\n<p><em>Je souhaite que tout aille pour le mieux dans vos vies\u00a0\ud83d\ude0a<\/em><\/p>\n<p><em>Je vous \u00e9cris aujourd\u2019hui pour vous annoncer la prochaine rencontre que je souhaite vous proposer.<\/em><\/p>\n<p><em>Les deux derni\u00e8res rencontres ont \u00e9t\u00e9 tr\u00e8s belles, les moments partag\u00e9s avec vous sont toujours des cadeaux \ud83e\udd17. La premi\u00e8re rencontre \u00e9tait sur le th\u00e8me du corps, des \u00e9nergies et des soins et la seconde parlait des relations conscientes et de la communication consciente. Elles se sont d\u00e9roul\u00e9es avec des dynamiques assez diff\u00e9rentes et cela a \u00e9t\u00e9 tr\u00e8s instructif pour moi, j\u2019ai pu voir \u00e0 travers vos r\u00e9actions, ce qui vous parlait et comment vous receviez les informations. Cela me permet de m\u2019adapter et de modifier mon approche. Je remercie vraiment tous ceux qui y ont contribu\u00e9, nous grandissons ensemble \ud83d\ude4f<\/em><\/p>\n<p><em>Cette fois-ci je vais laisser la porte grande ouverte \u00e0 tous les sujets qui pourront se placer lors de ce weekend, nous allons nous retrouver tout d\u2019abord dans une reliance de c\u0153ur \u00e0 c\u0153ur, nous retrouver en conscience et en pr\u00e9sence.<\/em><\/p>\n<p><em>Les dates que je propose toucheront d\u00e9j\u00e0 les \u00e9nergies mariales et christiques li\u00e9es \u00e0 la p\u00e9riode de No\u00ebl et cela pourra permettre de pr\u00e9parer ensemble cette fin d\u2019ann\u00e9e sur des bases lumineuses.<\/em><\/p>\n<p><em>Je sens qu\u2019il est int\u00e9ressant de se connecter\/se reconnecter \u00e0 soi, \u00e0 ce qu\u2019il y a de plus d\u00e9licat en soi et de former un \u00e9quilibre avec notre force int\u00e9rieure. Je souhaite que cette rencontre puisse vous \u00e9clairer en vous-m\u00eame, vous permettre de vous rallier \u00e0 la lumi\u00e8re, de rester baign\u00e9s dans cette lumi\u00e8re ou du moins d\u2019avoir certaines cl\u00e9s pour s\u2019y reconnecter facilement. Et aussi, de trouver ou retrouver cette force d\u2019encrage, la l\u00e9gitimit\u00e9 d\u2019\u00eatre, apprendre \u00e0 avoir confiance en nous-m\u00eame, en nos capacit\u00e9s et nos talents, pouvoir les d\u00e9voiler et cr\u00e9er une base stable sur laquelle nous poser.<\/em><\/p>\n<p><em>Nous pourrons parler de sujets cosmiques et lumineux ainsi que de sujets tr\u00e8s concrets et li\u00e9s \u00e0 la mati\u00e8re.<\/em><\/p>\n<p><em>Je propose une dynamique un peu sp\u00e9ciale pour cette rencontre, nous aurons un temps de soin et de m\u00e9ditation en matin\u00e9e, je pourrai vous guider de mani\u00e8re subtile vers la lumi\u00e8re que vous \u00eates, lors de ces moments, j\u2019ouvrirai des portes de compr\u00e9hension, de r\u00e9flexion et d\u2019apaisement en vous-m\u00eame. L\u2019apr\u00e8s-midi sera port\u00e9e sur des partages, des enseignements et des temps de questions\/r\u00e9ponses.<\/em><\/p>\n<p><em>Ce mail est adress\u00e9 \u00e0 certains membres de la communaut\u00e9 qui suit Quentin mais <strong>cette rencontre est ouverte \u00e0 tous<\/strong>, donc si vous sentez que cela pourrait apporter \u00e0 quelqu\u2019un de votre entourage ou si vous voyez qu\u2019une personne de la communaut\u00e9 pourrait \u00eatre int\u00e9ress\u00e9e et n\u2019a pas re\u00e7u ce mail, n\u2019h\u00e9sitez pas \u00e0 lui transmettre, sentez-vous libre de les inviter\u00a0\ud83d\ude0a<\/em><\/p>\n<p><em>Si vous avez des questions ou si vous souhaitez partager quelque chose, n\u2019h\u00e9sitez pas \u00e0 m\u2019\u00e9crire sur l\u2019adresse \u00a0<a href=\"mailto:meriam@livha.org\" target=\"_blank\" rel=\"noopener\">meriam@livha.org<\/a> \u00a0et j\u2019essaierai d\u2019y r\u00e9pondre au mieux lors de cet \u00e9v\u00e8nement.<\/em><\/p>\n<p><em>Je vous remercie de permettre cette belle rencontre, j\u2019ai h\u00e2te de vous y retrouver.<br \/>De tout c\u0153ur<br class=\"\" \/>Meriam<\/em><\/p>\n<p style=\"text-align: center;\">\u00a0***************************************<\/p>\n<p>[\/et_pb_text][et_pb_text _builder_version=\u00a0\u00bb4.27.2&Prime; _module_preset=\u00a0\u00bb0076d6eb-5595-4dd1-a096-31982f9ed001&Prime; text_font=\u00a0\u00bb||||||||\u00a0\u00bb inline_fonts=\u00a0\u00bbAbhaya Libre\u00a0\u00bb global_colors_info=\u00a0\u00bb{}\u00a0\u00bb]<\/p>\n<p><strong><\/strong><\/p>\n<p><span style=\"font-size: large;\"><strong>Programme :<\/strong><\/span><\/p>\n<p>Tous les horaires sont indiqu\u00e9s \u00e0 l\u2019heure fran\u00e7aise.<\/p>\n<ul>\n<li><strong>Vendredi 13 soir : de 20h30 \u00e0 21h30 &#8211; Introduction<\/strong><\/li>\n<li><strong>Samedi 14 et dimanche 15 :<\/strong><\/li>\n<\/ul>\n<p style=\"padding-left: 40px; line-height: 0.5em;\"><strong style=\"font-size: 16px;\">&#8211; de 11h00 \u00e0 12:30 &#8211; soins et m\u00e9ditations en communion<\/strong><\/p>\n<p style=\"padding-left: 40px; line-height: 1em; padding-bottom: 25px;\"><strong style=\"font-size: 16px;\">&#8211; de 14h00 \u00e0 18h30 &#8211; partages (incluant des pauses)<\/strong><\/p>\n<p style=\"font-weight: 400;\"><strong>Vous aurez acc\u00e8s \u00e0 la rediffusion vid\u00e9o apr\u00e8s chaque partage et vous conserverez l\u2019acc\u00e8s apr\u00e8s l\u2019\u00e9v\u00e9nement<\/strong>. Vous pouvez donc visionner en d\u00e9cal\u00e9 un partage donn\u00e9. Vous aurez acc\u00e8s \u00e0 l\u2019enregistrement audio de tous les partages une fois l\u2019\u00e9v\u00e9nement termin\u00e9. <span style=\"text-decoration: underline;\">Ce qui vous permet de voir la rencontre m\u00eame si vous n\u2019\u00eates pas disponible pour les lives.<\/span><\/p>\n<p style=\"font-weight: 400;\"><strong>Comment acc\u00e9der \u00e0 l\u2019\u00e9v\u00e8nement ?<\/strong><span>\u00a0<\/span>Une fois votre inscription compl\u00e9t\u00e9e, vous recevrez par email peu avant l\u2019\u00e9v\u00e8nement\u00a0le lien d\u2019acc\u00e8s pour y assister. Pour assister au direct, vous pouvez utiliser id\u00e9alement un ordinateur ou une tablette, cependant un t\u00e9l\u00e9phone\u00a0avec connexion internet peut \u00e9galement fonctionner. Le logiciel Zoom est requis pour acc\u00e9der \u00e0 la diffusion en direct (Liens de t\u00e9l\u00e9chargement de zoom : version<span>\u00a0<\/span><a href=\"https:\/\/zoom.us\/download\" rel=\"noopener\" target=\"_blank\">windows<\/a>, version<span>\u00a0<\/span><a href=\"https:\/\/play.google.com\/store\/apps\/details?id=us.zoom.videomeetings\" rel=\"noopener\" target=\"_blank\">android<\/a>, version<span>\u00a0<\/span><a href=\"https:\/\/itunes.apple.com\/us\/app\/id546505307\" rel=\"noopener\" target=\"_blank\">iphone\/ipad<\/a>\u00a0)<\/p>\n<p>&nbsp;<\/p>\n<p><span style=\"font-size: large;\"><strong>Participation financi\u00e8re :\u00a0<\/strong><\/span><\/p>\n<p>La contribution demand\u00e9e pour acc\u00e9der \u00e0 cet \u00e9v\u00e8nement est <strong>enti\u00e8rement vers\u00e9e \u00e0 l\u2019association \u00e0 but non lucratif \u00ab LIVHA \u00bb<\/strong>.<\/p>\n<p style=\"font-weight: 400;\">Nous souhaitons que cela soit le plus abordable possible et en ce sens, nous proposons 3 niveaux de participation, que nous consid\u00e9rons comme \u00e9tant juste et \u00e9quilibr\u00e9 par rapport \u00e0 ce qui est propos\u00e9. Sachant qu\u2019il s\u2019agit d\u2019un contexte d\u00e9licat o\u00f9 certaines personnes peuvent vivre des difficult\u00e9s financi\u00e8res, si malgr\u00e9 ces 3 propositions, vous rencontrez des difficult\u00e9s particuli\u00e8res qui vous emp\u00eacheraient de vous inscrire, bien que vous ressentiez un appel intense \u00e0 y participer, vous pouvez nous contacter afin que nous puissions trouver une solution ensemble.<\/p>\n<p style=\"font-weight: 400;\"><span>Pour vous inscrire choisissez l&rsquo;une des options ci-dessous et cliquez sur le bouton. Une fois votre inscription faite un email de confirmation vous sera envoy\u00e9.<\/span><\/p>\n<p>[\/et_pb_text][\/et_pb_column][\/et_pb_row][et_pb_row column_structure=\u00a0\u00bb1_2,1_2&Prime; use_custom_gutter=\u00a0\u00bbon\u00a0\u00bb gutter_width=\u00a0\u00bb2&Prime; _builder_version=\u00a0\u00bb4.27.2&Prime; _module_preset=\u00a0\u00bbdefault\u00a0\u00bb max_width=\u00a0\u00bb940px\u00a0\u00bb custom_margin=\u00a0\u00bb||||false|false\u00a0\u00bb custom_padding=\u00a0\u00bb13px||10px|||\u00a0\u00bb global_colors_info=\u00a0\u00bb{}\u00a0\u00bb][et_pb_column type=\u00a0\u00bb1_2&Prime; _builder_version=\u00a0\u00bb4.16&Prime; _module_preset=\u00a0\u00bbdefault\u00a0\u00bb global_colors_info=\u00a0\u00bb{}\u00a0\u00bb][et_pb_cta title=\u00a0\u00bbParticipation normale\u00a0\u00bb button_url=\u00a0\u00bbhttps:\/\/my.livha.org\/fr\/produit\/rencontre-par-internet-du-13-au-15-decembre-2024-participation-normale\/\u00a0\u00bb button_text=\u00a0\u00bbParticipation normale : 150\u20ac (+tva)\u00a0\u00bb _builder_version=\u00a0\u00bb4.27.2&Prime; _module_preset=\u00a0\u00bbdefault\u00a0\u00bb header_font=\u00a0\u00bbBelleza||||||||\u00a0\u00bb header_text_color=\u00a0\u00bb#12487a\u00a0\u00bb body_text_color=\u00a0\u00bb#494949&Prime; body_font_size=\u00a0\u00bb15px\u00a0\u00bb background_color=\u00a0\u00bbRGBA(0,0,0,0)\u00a0\u00bb use_background_color_gradient=\u00a0\u00bbon\u00a0\u00bb background_color_gradient_stops=\u00a0\u00bbrgba(255,255,255,0.58) 0%|#cee2e8 100%\u00a0\u00bb background_color_gradient_start=\u00a0\u00bbrgba(255,255,255,0.58)\u00a0\u00bb background_color_gradient_end=\u00a0\u00bb#cee2e8&Prime; custom_button=\u00a0\u00bbon\u00a0\u00bb button_text_size=\u00a0\u00bb15px\u00a0\u00bb button_text_color=\u00a0\u00bb#fff5e8&Prime; button_bg_use_color_gradient=\u00a0\u00bbon\u00a0\u00bb button_bg_color_gradient_stops=\u00a0\u00bb#dcb253 0%|#db9900 100%\u00a0\u00bb button_bg_color_gradient_start=\u00a0\u00bb#dcb253&Prime; button_bg_color_gradient_end=\u00a0\u00bb#db9900&Prime; button_border_width=\u00a0\u00bb0px\u00a0\u00bb button_letter_spacing=\u00a0\u00bb2px\u00a0\u00bb button_font=\u00a0\u00bbBelleza|700||on|||||\u00a0\u00bb button_use_icon=\u00a0\u00bboff\u00a0\u00bb button_alignment=\u00a0\u00bbcenter\u00a0\u00bb button_custom_padding=\u00a0\u00bb6px|35px|6px|35px|false|false\u00a0\u00bb width=\u00a0\u00bb90%\u00a0\u00bb module_alignment=\u00a0\u00bbcenter\u00a0\u00bb button_alignment_tablet=\u00a0\u00bb\u00a0\u00bb button_alignment_phone=\u00a0\u00bbcenter\u00a0\u00bb button_alignment_last_edited=\u00a0\u00bbon|phone\u00a0\u00bb border_radii=\u00a0\u00bbon|21px|21px|21px|21px\u00a0\u00bb border_width_all=\u00a0\u00bb1px\u00a0\u00bb border_color_all=\u00a0\u00bbrgba(138,211,247,0.46)\u00a0\u00bb button_text_shadow_style=\u00a0\u00bbpreset3&Prime; box_shadow_style=\u00a0\u00bbpreset1&Prime; box_shadow_style_button=\u00a0\u00bbpreset1&Prime; global_colors_info=\u00a0\u00bb{}\u00a0\u00bb button_bg_color__hover_enabled=\u00a0\u00bbon|hover\u00a0\u00bb]<\/p>\n<p>Lien pour montant \u00ab participation normale \u00bb. Vous aurez besoin de vous connecter \u00e0 votre compte mylivha (ou en cr\u00e9er un gratuitement) pour effectuer le paiement. En cas de difficult\u00e9, n\u2019h\u00e9sitez pas \u00e0 nous contacter.<\/p>\n<p>[\/et_pb_cta][\/et_pb_column][et_pb_column type=\u00a0\u00bb1_2&Prime; _builder_version=\u00a0\u00bb4.16&Prime; _module_preset=\u00a0\u00bbdefault\u00a0\u00bb global_colors_info=\u00a0\u00bb{}\u00a0\u00bb][et_pb_cta title=\u00a0\u00bbDonation bienfaiteur\u00a0\u00bb button_url=\u00a0\u00bbhttps:\/\/my.livha.org\/fr\/produit\/rencontre-par-internet-du-13-au-15-decembre-participation-bienfaiteur\/\u00a0\u00bb button_text=\u00a0\u00bbParticipation Bienfaiteur : \u00e0 partir de 200\u20ac\u00a0\u00bb _builder_version=\u00a0\u00bb4.27.2&Prime; _module_preset=\u00a0\u00bbdefault\u00a0\u00bb header_font=\u00a0\u00bbBelleza||||||||\u00a0\u00bb header_text_color=\u00a0\u00bb#12487a\u00a0\u00bb body_text_color=\u00a0\u00bb#494949&Prime; body_font_size=\u00a0\u00bb15px\u00a0\u00bb background_color=\u00a0\u00bbRGBA(0,0,0,0)\u00a0\u00bb use_background_color_gradient=\u00a0\u00bbon\u00a0\u00bb background_color_gradient_stops=\u00a0\u00bbrgba(255,255,255,0.58) 0%|#cee2e8 100%\u00a0\u00bb background_color_gradient_start=\u00a0\u00bbrgba(255,255,255,0.58)\u00a0\u00bb background_color_gradient_end=\u00a0\u00bb#cee2e8&Prime; custom_button=\u00a0\u00bbon\u00a0\u00bb button_text_size=\u00a0\u00bb15px\u00a0\u00bb button_text_color=\u00a0\u00bb#fff5e8&Prime; button_bg_use_color_gradient=\u00a0\u00bbon\u00a0\u00bb button_bg_color_gradient_stops=\u00a0\u00bb#dcb253 0%|#db9900 100%\u00a0\u00bb button_bg_color_gradient_start=\u00a0\u00bb#dcb253&Prime; button_bg_color_gradient_end=\u00a0\u00bb#db9900&Prime; button_border_width=\u00a0\u00bb0px\u00a0\u00bb button_letter_spacing=\u00a0\u00bb2px\u00a0\u00bb button_font=\u00a0\u00bbBelleza|700||on|||||\u00a0\u00bb button_use_icon=\u00a0\u00bboff\u00a0\u00bb button_alignment=\u00a0\u00bbcenter\u00a0\u00bb button_custom_padding=\u00a0\u00bb6px|35px|6px|35px|false|false\u00a0\u00bb width=\u00a0\u00bb90%\u00a0\u00bb button_alignment_tablet=\u00a0\u00bb\u00a0\u00bb button_alignment_phone=\u00a0\u00bbcenter\u00a0\u00bb button_alignment_last_edited=\u00a0\u00bbon|phone\u00a0\u00bb border_radii=\u00a0\u00bbon|21px|21px|21px|21px\u00a0\u00bb border_width_all=\u00a0\u00bb1px\u00a0\u00bb border_color_all=\u00a0\u00bbrgba(138,211,247,0.46)\u00a0\u00bb button_text_shadow_style=\u00a0\u00bbpreset3&Prime; box_shadow_style=\u00a0\u00bbpreset1&Prime; box_shadow_style_button=\u00a0\u00bbpreset1&Prime; global_colors_info=\u00a0\u00bb{}\u00a0\u00bb button_bg_color__hover_enabled=\u00a0\u00bbon|hover\u00a0\u00bb]<\/p>\n<p><span>Lien pour montant \u00ab donation bienfaiteur \u00bb (montant libre <strong>\u00e0 partir de 200\u20ac, exempt\u00e9 de tva<\/strong>). Vous aurez besoin de vous connecter \u00e0 votre compte mylivha (ou en cr\u00e9er un gratuitement) pour effectuer le paiement.\u00a0<\/span><\/p>\n<p>[\/et_pb_cta][\/et_pb_column][\/et_pb_row][et_pb_row use_custom_gutter=\u00a0\u00bbon\u00a0\u00bb gutter_width=\u00a0\u00bb2&Prime; _builder_version=\u00a0\u00bb4.27.2&Prime; _module_preset=\u00a0\u00bbdefault\u00a0\u00bb width=\u00a0\u00bb90%\u00a0\u00bb max_width=\u00a0\u00bb940px\u00a0\u00bb global_colors_info=\u00a0\u00bb{}\u00a0\u00bb][et_pb_column type=\u00a0\u00bb4_4&Prime; _builder_version=\u00a0\u00bb4.16&Prime; _module_preset=\u00a0\u00bbdefault\u00a0\u00bb global_colors_info=\u00a0\u00bb{}\u00a0\u00bb][et_pb_text _builder_version=\u00a0\u00bb4.27.2&Prime; _module_preset=\u00a0\u00bbdefault\u00a0\u00bb text_font_size=\u00a0\u00bb15px\u00a0\u00bb custom_margin=\u00a0\u00bb||30px||false|false\u00a0\u00bb global_colors_info=\u00a0\u00bb{}\u00a0\u00bb]<\/p>\n<p><em><strong><span style=\"text-decoration: underline;\">En cas de difficult\u00e9 financi\u00e8re<\/span><\/strong>, il vous est possible de faire une demande afin de pouvoir verser une participation d\u2019un montant inf\u00e9rieur, en indiquant votre situation, ainsi nous pourrons voir si cela est possible et si cela peut \u00eatre \u00e9quilibr\u00e9. Vous pouvez nous contacter \u00e0 ce sujet \u00e0 l\u2019adresse<span>\u00a0<\/span><a href=\"mailto:contact@livha.org\">contact@livha.org<\/a><\/em><\/p>\n<p>[\/et_pb_text][et_pb_text _builder_version=\u00a0\u00bb4.16&Prime; _module_preset=\u00a0\u00bbdefault\u00a0\u00bb text_font_size=\u00a0\u00bb15px\u00a0\u00bb global_colors_info=\u00a0\u00bb{}\u00a0\u00bb]<\/p>\n<p style=\"text-align: justify;\"><em><strong>Informations concernant les aspects m\u00e9dicaux (sant\u00e9 mentale et physique) :<\/strong><\/em><\/p>\n<p style=\"text-align: justify;\"><em>En m&rsquo;inscrivant, j&rsquo;indique avoir pris connaissance des recommandations concernant les aspects m\u00e9dicaux (sant\u00e9 mentale et physique) : cet \u00e9v\u00e8nement int\u00e8gre des pratiques favorisant des introspections (via par exemple la m\u00e9ditation), et entrainant parfois des remises en question. Ce type de pratiques n&rsquo;est pas forc\u00e9ment adapt\u00e9 \u00e0 tous, celles-ci pouvant d\u00e9boucher sur la r\u00e9v\u00e9lation de couches psychiques parfois jusque-l\u00e0 insconscientes en l&rsquo;\u00eatre, processus pouvant dans certains cas \u00eatre exp\u00e9riment\u00e9 de mani\u00e8re intense ou inconfortable. Ces pratiques ne remplacent pas une th\u00e9rapie, et dans le cas o\u00f9 vous auriez connu des difficult\u00e9s d&rsquo;ordre psychique par le pass\u00e9, nous vous invitons \u00e0 v\u00e9rifier aupr\u00e8s de votre m\u00e9decin ou d&rsquo;un sp\u00e9cialiste que ce type de d\u00e9marche est adapt\u00e9 \u00e0 votre situation.<\/em><\/p>\n<p>[\/et_pb_text][\/et_pb_column][\/et_pb_row][\/et_pb_section]<\/p>\n","protected":false},"excerpt":{"rendered":"<p>\u00a0rencontre par internet avec Meriam \u00a0\u00bb La lumi\u00e8re que nous sommes \u00a0\u00bb\u00a0 \u2013 13 au 15 d\u00e9cembre 2024 &#8211; Vous trouverez sur cette page les d\u00e9tails concernant la rencontre que vous pourrez suivre par internet depuis votre ordinateur, tablette ou smartphone. La rencontre aura lieu en direct du vendredi 13 d\u00e9cembre soir au dimanche 15 d\u00e9cembre 2024. En bas de la page se situe le lien pour vous y inscrire si vous le souhaitez. Chers fr\u00e8res et s\u0153urs, Je souhaite que tout aille pour le mieux dans vos vies\u00a0\ud83d\ude0a Je vous \u00e9cris aujourd\u2019hui pour vous annoncer la prochaine rencontre que je souhaite vous proposer. Les deux derni\u00e8res rencontres ont \u00e9t\u00e9 tr\u00e8s belles, les moments partag\u00e9s avec vous sont toujours des cadeaux \ud83e\udd17. La premi\u00e8re rencontre \u00e9tait sur le th\u00e8me du corps, des \u00e9nergies et des soins et la seconde parlait des relations conscientes et de la communication consciente. Elles se sont d\u00e9roul\u00e9es avec des dynamiques assez diff\u00e9rentes et cela a \u00e9t\u00e9 tr\u00e8s instructif pour moi, j\u2019ai pu voir \u00e0 travers vos r\u00e9actions, ce qui vous parlait et comment vous receviez les informations. Cela me permet de m\u2019adapter et de modifier mon approche. Je remercie vraiment tous ceux qui y ont [&hellip;]<\/p>\n","protected":false},"author":1,"featured_media":0,"parent":0,"menu_order":0,"comment_status":"closed","ping_status":"closed","template":"","meta":{"_et_pb_use_builder":"on","_et_pb_old_content":"","_et_gb_content_width":"","footnotes":""},"class_list":["post-236940","page","type-page","status-publish","hentry"],"_links":{"self":[{"href":"https:\/\/livha.org\/fr\/wp-json\/wp\/v2\/pages\/236940","targetHints":{"allow":["GET"]}}],"collection":[{"href":"https:\/\/livha.org\/fr\/wp-json\/wp\/v2\/pages"}],"about":[{"href":"https:\/\/livha.org\/fr\/wp-json\/wp\/v2\/types\/page"}],"author":[{"embeddable":true,"href":"https:\/\/livha.org\/fr\/wp-json\/wp\/v2\/users\/1"}],"replies":[{"embeddable":true,"href":"https:\/\/livha.org\/fr\/wp-json\/wp\/v2\/comments?post=236940"}],"version-history":[{"count":15,"href":"https:\/\/livha.org\/fr\/wp-json\/wp\/v2\/pages\/236940\/revisions"}],"predecessor-version":[{"id":236972,"href":"https:\/\/livha.org\/fr\/wp-json\/wp\/v2\/pages\/236940\/revisions\/236972"}],"wp:attachment":[{"href":"https:\/\/livha.org\/fr\/wp-json\/wp\/v2\/media?parent=236940"}],"curies":[{"name":"wp","href":"https:\/\/api.w.org\/{rel}","templated":true}]}}