{"id":237377,"date":"2025-10-13T12:42:53","date_gmt":"2025-10-13T10:42:53","guid":{"rendered":"https:\/\/livha.org\/?page_id=237377"},"modified":"2025-10-25T13:37:02","modified_gmt":"2025-10-25T11:37:02","slug":"rencontre-avec-meriam-automne-2025","status":"publish","type":"page","link":"https:\/\/livha.org\/fr\/rencontre-avec-meriam-automne-2025\/","title":{"rendered":"Rencontre en ligne avec Meriam &#8211; weekend du 1er au 2 novembre 2025"},"content":{"rendered":"<p>[et_pb_section fb_built=\u00a0\u00bb1&Prime; _builder_version=\u00a0\u00bb4.16&Prime; _module_preset=\u00a0\u00bbdefault\u00a0\u00bb custom_padding=\u00a0\u00bb41px||89px|||\u00a0\u00bb top_divider_style=\u00a0\u00bbwave2&Prime; top_divider_color=\u00a0\u00bbrgba(127,203,219,0.3)\u00a0\u00bb top_divider_height=\u00a0\u00bb40px\u00a0\u00bb top_divider_flip=\u00a0\u00bbhorizontal|vertical\u00a0\u00bb bottom_divider_style=\u00a0\u00bbwave2&Prime; bottom_divider_color=\u00a0\u00bbrgba(127,203,219,0.3)\u00a0\u00bb bottom_divider_height=\u00a0\u00bb40px\u00a0\u00bb bottom_divider_flip=\u00a0\u00bbhorizontal\u00a0\u00bb global_colors_info=\u00a0\u00bb{}\u00a0\u00bb][et_pb_row _builder_version=\u00a0\u00bb4.22.0&Prime; _module_preset=\u00a0\u00bbdefault\u00a0\u00bb width=\u00a0\u00bb70%\u00a0\u00bb max_width=\u00a0\u00bb940px\u00a0\u00bb custom_padding=\u00a0\u00bb||10px|||\u00a0\u00bb global_colors_info=\u00a0\u00bb{}\u00a0\u00bb][et_pb_column type=\u00a0\u00bb4_4&Prime; _builder_version=\u00a0\u00bb4.16&Prime; _module_preset=\u00a0\u00bbdefault\u00a0\u00bb global_colors_info=\u00a0\u00bb{}\u00a0\u00bb][et_pb_text _builder_version=\u00a0\u00bb4.27.4&Prime; text_font=\u00a0\u00bbPoppins||||||||\u00a0\u00bb link_font=\u00a0\u00bbChivo||||||||\u00a0\u00bb header_font=\u00a0\u00bb||||||||\u00a0\u00bb header_3_font=\u00a0\u00bbBelleza|700||on|||||\u00a0\u00bb header_3_text_align=\u00a0\u00bbcenter\u00a0\u00bb header_3_text_color=\u00a0\u00bb#2b2b2b\u00a0\u00bb header_3_font_size=\u00a0\u00bb26px\u00a0\u00bb header_3_letter_spacing=\u00a0\u00bb2px\u00a0\u00bb header_3_line_height=\u00a0\u00bb2em\u00a0\u00bb min_height=\u00a0\u00bb33px\u00a0\u00bb custom_margin=\u00a0\u00bb-25px||5px||false|false\u00a0\u00bb custom_padding=\u00a0\u00bb||0px|||\u00a0\u00bb animation_style=\u00a0\u00bbnone\u00a0\u00bb header_font_size_tablet=\u00a0\u00bb25px\u00a0\u00bb header_font_size_phone=\u00a0\u00bb\u00a0\u00bb header_font_size_last_edited=\u00a0\u00bbon|phone\u00a0\u00bb header_3_font_size_tablet=\u00a0\u00bb24px\u00a0\u00bb header_3_font_size_phone=\u00a0\u00bb22px\u00a0\u00bb header_3_font_size_last_edited=\u00a0\u00bbon|desktop\u00a0\u00bb global_colors_info=\u00a0\u00bb{}\u00a0\u00bb]<\/p>\n<h3><span>Rencontre saisonni\u00e8re avec Meriam<\/span><\/h3>\n<h3><em><\/em><\/h3>\n<h3><span style=\"font-size: xx-large;\"><em>\u00ab\u00a0<\/em><\/span><span style=\"text-align: left; font-size: 32px;\"><i>Retrouvailles d\u2019automne<\/i><\/span><em style=\"font-size: xx-large;\">\u00a0\u00bb\u00a0<\/em><\/h3>\n<h3><em><\/em>\u2013 Les 1er et 2 novembre 2025 &#8211;<\/h3>\n<h3><em><\/em><\/h3>\n<h3><em><\/em><\/h3>\n<p>[\/et_pb_text][et_pb_image src=\u00a0\u00bbhttps:\/\/livha.org\/wp-content\/uploads\/2025\/10\/image-rencontre-automne-2025-meriam.png\u00a0\u00bb title_text=\u00a0\u00bbimage rencontre automne 2025 meriam\u00a0\u00bb align=\u00a0\u00bbcenter\u00a0\u00bb _builder_version=\u00a0\u00bb4.27.4&Prime; _module_preset=\u00a0\u00bbdefault\u00a0\u00bb width=\u00a0\u00bb64%\u00a0\u00bb width_tablet=\u00a0\u00bb100%\u00a0\u00bb width_phone=\u00a0\u00bb100%\u00a0\u00bb width_last_edited=\u00a0\u00bbon|desktop\u00a0\u00bb global_colors_info=\u00a0\u00bb{}\u00a0\u00bb][\/et_pb_image][et_pb_text _builder_version=\u00a0\u00bb4.27.4&Prime; _module_preset=\u00a0\u00bbdefault\u00a0\u00bb text_font_size=\u00a0\u00bb16px\u00a0\u00bb custom_margin=\u00a0\u00bb||35px|||\u00a0\u00bb global_colors_info=\u00a0\u00bb{}\u00a0\u00bb]<\/p>\n<p style=\"text-align: center;\"><strong>Vous trouverez sur cette page les d\u00e9tails concernant la rencontre que vous pourrez suivre par internet depuis votre ordinateur, tablette ou smartphone. La rencontre a lieu en direct le samedi 1er et le dimanche 2 novembre 2025.<\/strong><\/p>\n<p style=\"text-align: center;\"><strong>En bas de la page se situe le lien pour vous y inscrire si vous le souhaitez.<\/strong><\/p>\n<p>[\/et_pb_text][et_pb_text _builder_version=\u00a0\u00bb4.27.4&Prime; _module_preset=\u00a0\u00bb0076d6eb-5595-4dd1-a096-31982f9ed001&Prime; text_font=\u00a0\u00bb||||||||\u00a0\u00bb custom_padding=\u00a0\u00bb1px||0px|||\u00a0\u00bb inline_fonts=\u00a0\u00bbAbhaya Libre\u00a0\u00bb global_colors_info=\u00a0\u00bb{}\u00a0\u00bb]<\/p>\n<p><em>Bonjour les \u00c2mis,<\/em><\/p>\n<p><em>Je commence ce message en reconnaissant le manque de communication que j\u2019ai eu avec vous concernant les rencontres saisonni\u00e8res online que je propose. Rien ne s\u2019est pass\u00e9 et rien n\u2019a \u00e9t\u00e9 communiqu\u00e9. Et pour cela, je m\u2019excuse sinc\u00e8rement.<\/em><\/p>\n<p><em>Je suis, comme vous, en chemin. J\u2019apprends beaucoup de mes exp\u00e9riences et je souhaite am\u00e9liorer et fluidifier la communication entre nous.<\/em><\/p>\n<p><em>J\u2019ai chang\u00e9 et je change constamment, j\u2019\u00e9volue et vous aussi \ud83d\ude0a<\/em><\/p>\n<p><em>Depuis notre derni\u00e8re retrouvaille, j\u2019ai eu des p\u00e9riodes o\u00f9 j\u2019ai pu faire un point sur ce que je vis, ce qui m\u2019inspire et ce que je souhaite faire pour la suite.<\/em><\/p>\n<p><em>Je n\u2019ai pas donn\u00e9 \u00ab signe de vie \u00bb pour la rencontre online d\u2019automne qui devait se d\u00e9rouler le weekend pr\u00e9c\u00e9dent (et pour cela je m\u2019en excuse encore).<\/em><\/p>\n<p><em>Si vous le souhaitez, que vous sentez que cela peut vous apporter, je vous invite \u00e0 une nouvelle retrouvaille saisonni\u00e8re. Elle n\u2019aura pas tout \u00e0 fait la m\u00eame forme que les pr\u00e9c\u00e9dentes car naturellement, les rencontres que je propose \u00e9voluent comme j\u2019\u00e9volue.<\/em><\/p>\n<p><em>Ces rencontres saisonni\u00e8res peuvent \u00eatre vues comme des retrouvailles entre \u00eatres en chemin qui souhaitent partager un moment de conscience avec d\u2019autres \u00eatres dans une m\u00eame d\u00e9marche.<\/em><\/p>\n<p><em>Je vous propose encore la rencontre d\u2019automne sous forme de weekend et normalement, celle d\u2019hiver fermera un cycle et en ouvrira un autre. Je vous ai initialement propos\u00e9 la date du 27 et 28 d\u00e9cembre pour celle d\u2019hiver, ces dates vont surement changer, je vous tiendrai au courant. Pas mal de changement pour moi cette fin d\u2019ann\u00e9e, normalement, je lancerai ma propre activit\u00e9 d\u00e8s le d\u00e9but 2026 \ud83e\udd17<\/em><\/p>\n<p><em>Alors, si ce weekend de retrouvailles automnale vous parle, vous \u00eates les bienvenus. C\u2019est un chemin o\u00f9 chacun est libre d\u2019aller et venir. Ces retrouvailles saisonni\u00e8res sont jusqu\u2019aujourd\u2019hui compos\u00e9e de membres qui se parlent comme ils parleraient en famille, certains se c\u00f4toient depuis de nombreuses ann\u00e9es, c\u2019est tr\u00e8s beau et c\u2019est un cadeau je trouve, c\u2019est toujours une grande chance de pouvoir partager ces moments avec vous \ud83d\ude4f<br \/><\/em><em><\/em><\/p>\n<p><em>Petit rappel du d\u00e9roulement du weekend :<\/em><\/p>\n<p><em>&gt; <span style=\"text-decoration: underline;\">Le samedi matin :<\/span> cette matin\u00e9e est d\u00e9di\u00e9e au soin et au ressourcement, il sera propos\u00e9 un espace de silence et de m\u00e9ditation ensemble, nous pourrons apporter conscience et soin \u00e0 notre corps et \u00e0 notre lieu de vie.<\/em><\/p>\n<p><em>&gt; <span style=\"text-decoration: underline;\">Le samedi apr\u00e8s-midi :<\/span> il y aura un espace de partages et de questions\/r\u00e9ponses qui sera propos\u00e9. Cette apr\u00e8s-midi est ouverte \u00e0 tous les possibles, nous pourrons autant aborder des th\u00e8mes tr\u00e8s concrets li\u00e9s \u00e0 notre quotidien que des th\u00e8mes plus \u00e9lev\u00e9s et spirituels. Il vous sera aussi partag\u00e9 des ressentis et des pratiques pour cette belle saison.<br \/><\/em><\/p>\n<p><em>&gt; <span style=\"text-decoration: underline;\">Le dimanche matin :<\/span> cet espace est un temps libre, aucune session ne sera propos\u00e9e et il vous sera conseill\u00e9 de profiter de cette matin\u00e9e pour vous reposer, vous ressourcer et vous accorder un temps rien que pour vous, votre corps, votre esprit, votre lieu de vie\u2026<\/em><\/p>\n<p><em>&gt; <span style=\"text-decoration: underline;\">Le dimanche apr\u00e8s-midi :<\/span> Il y aura un cercle d\u2019harmonie, un espace de t\u00e9moignage, o\u00f9 chacun peut s\u2019ouvrir \u00e0 l\u2019\u00e9coute et la parole, o\u00f9 des mises en lumi\u00e8res pourront \u00eatre faites et o\u00f9 on s\u2019enrichi les uns les autres des v\u00e9cus et exp\u00e9riences de chacun. <\/em><\/p>\n<p><em>Si vous avez des questions ou des sujets que vous aimeriez aborder en particulier lors de cette rencontre, vous pouvez m\u2019\u00e9crire \u00e0 l\u2019adresse suivante : <a href=\"mailto:meriam@livha.org\">meriam@livha.org<\/a><\/em><\/p>\n<p><em>Je suis heureuse de pouvoir vous proposer cette rencontre et je vous remercie pour votre d\u00e9marche\ud83c\udf39<\/em><\/p>\n<p><em>De tout c\u0153ur<\/em><br \/><em>Meriam<\/em><\/p>\n<p>***************************************<\/p>\n<p>[\/et_pb_text][et_pb_text _builder_version=\u00a0\u00bb4.27.2&Prime; _module_preset=\u00a0\u00bb0076d6eb-5595-4dd1-a096-31982f9ed001&Prime; text_font=\u00a0\u00bb||||||||\u00a0\u00bb inline_fonts=\u00a0\u00bbAbhaya Libre\u00a0\u00bb global_colors_info=\u00a0\u00bb{}\u00a0\u00bb]<\/p>\n<p><strong style=\"font-size: large;\">Programme :<\/strong><strong><\/strong><\/p>\n<p>Tous les horaires sont indiqu\u00e9s \u00e0 <strong>l\u2019heure fran\u00e7aise.<\/strong><\/p>\n<p style=\"padding-left: 40px; line-height: 0.5em;\">&#8211; Le\u00a0samedi\u00a0matin\u00a0:\u00a0de\u00a010h\u00a0\u00e0\u00a012h30\u00a0<\/p>\n<p style=\"padding-left: 40px; line-height: 0.5em;\">&#8211; Le\u00a0samedi\u00a0apr\u00e8s-midi\u00a0:\u00a0de\u00a014h30\u00a0\u00e0\u00a018h30\u00a0(pauses\u00a0incluses)\u00a0<\/p>\n<p style=\"padding-left: 40px; line-height: 0.5em;\">&#8211; Le\u00a0dimanche\u00a0matin\u00a0:\u00a0espace\u00a0libre\u00a0de\u00a0ressourcement\u00a0et\u00a0de\u00a0soin\u00a0<\/p>\n<p style=\"padding-left: 40px; line-height: 1em; padding-bottom: 25px;\">&#8211; Le dimanche apr\u00e8s-midi : de 14h30 \u00e0 18h30<span style=\"font-size: 16px;\">\u00a0<\/span><\/p>\n<div class=\"zw-paragraph heading105\" data-width=\"601.92\" data-tabpoints=\"[]\" data-header=\"105\" data-textformat=\"{&quot;size&quot;:11}\" doc-id=\"para_05827886859809388\" node-id=\"node_07055238113686613\">\n<div class=\"zw-line-div\" doc-id=\"line_07747050564160085\">\n<div class=\"zw-line-content\"><span class=\"EOP-readonly EOP\" doc-id=\"segment_05623123814755495\"><\/span><\/div>\n<div class=\"zw-line-content\"><span class=\"EOP-readonly EOP\" doc-id=\"segment_05623123814755495\"><\/span><\/div>\n<div class=\"zw-line-content\"><span class=\"EOP-readonly EOP\" doc-id=\"segment_05623123814755495\"><\/span><\/div>\n<\/div>\n<\/div>\n<p style=\"font-weight: 400;\"><strong>Vous aurez acc\u00e8s \u00e0 la rediffusion vid\u00e9o apr\u00e8s chaque partage et vous conserverez l\u2019acc\u00e8s apr\u00e8s l\u2019\u00e9v\u00e9nement<\/strong>. Vous pouvez donc visionner en d\u00e9cal\u00e9 un partage donn\u00e9. Ceci \u00e9tant dit, il est quand m\u00eame bon de pouvoir \u00eatre pr\u00e9sent aux directs pour pouvoir recevoir un maximum ce qui sera donn\u00e9 lors de cette rencontre et pour pouvoir vous y exprimer.<\/p>\n<p style=\"font-weight: 400;\"><strong>Comment acc\u00e9der \u00e0 l\u2019\u00e9v\u00e8nement ?<\/strong><span>\u00a0<\/span>Une fois votre inscription compl\u00e9t\u00e9e, vous recevrez par email peu avant l\u2019\u00e9v\u00e8nement\u00a0le lien d\u2019acc\u00e8s pour y assister. Pour assister au direct, vous pouvez utiliser id\u00e9alement un ordinateur ou une tablette, cependant un t\u00e9l\u00e9phone\u00a0avec connexion internet peut \u00e9galement fonctionner. Le logiciel Zoom est requis pour acc\u00e9der \u00e0 la diffusion en direct (Liens de t\u00e9l\u00e9chargement de zoom : version<span>\u00a0<\/span><a href=\"https:\/\/zoom.us\/download\" rel=\"noopener\" target=\"_blank\">windows<\/a>, version<span>\u00a0<\/span><a href=\"https:\/\/play.google.com\/store\/apps\/details?id=us.zoom.videomeetings\" rel=\"noopener\" target=\"_blank\">android<\/a>, version<span>\u00a0<\/span><a href=\"https:\/\/itunes.apple.com\/us\/app\/id546505307\" rel=\"noopener\" target=\"_blank\">iphone\/ipad<\/a>\u00a0)<\/p>\n<p>&nbsp;<\/p>\n<p><span style=\"font-size: large;\"><strong>Participation financi\u00e8re :\u00a0<\/strong><\/span><\/p>\n<p>La contribution demand\u00e9e pour acc\u00e9der \u00e0 cet \u00e9v\u00e8nement est <strong>enti\u00e8rement vers\u00e9e \u00e0 l\u2019association \u00e0 but non lucratif portugaise \u00ab LIVHA \u00bb<\/strong>. Cette participation aide financi\u00e8rement le mouvement de Livha et permet de contribuer \u00e0 faire grandir Terra Livha.<\/p>\n<p style=\"font-weight: 400;\">Nous souhaitons que cela soit le plus abordable possible et en ce sens, nous proposons 3 niveaux de participation, que nous consid\u00e9rons comme \u00e9tant juste et \u00e9quilibr\u00e9 par rapport \u00e0 ce qui est propos\u00e9. Si malgr\u00e9 ces 3 propositions, vous rencontrez des difficult\u00e9s particuli\u00e8res qui vous emp\u00eacheraient de vous inscrire, bien que vous ressentiez un appel intense \u00e0 y participer, vous pouvez <a href=\"mailto:meriam@livha.org\">me contacter<\/a> afin que nous puissions trouver une solution ensemble.<\/p>\n<p><strong>Vous avez 3 options d\u2019inscription en plus du fait de me contacter si vous avez des soucis financiers : un prix normal, un prix bienfaiteur et un prix avec 10% de ristourne (uniquement valable pour les \u00eatres qui ont suivi la rencontre de l&rsquo;\u00e9t\u00e9 2025 qui souhaitent en b\u00e9n\u00e9ficier).<\/strong><\/p>\n<p>[\/et_pb_text][\/et_pb_column][\/et_pb_row][et_pb_row column_structure=\u00a0\u00bb1_3,1_3,1_3&Prime; use_custom_gutter=\u00a0\u00bbon\u00a0\u00bb gutter_width=\u00a0\u00bb2&Prime; _builder_version=\u00a0\u00bb4.27.4&Prime; _module_preset=\u00a0\u00bbdefault\u00a0\u00bb custom_margin=\u00a0\u00bb||||false|false\u00a0\u00bb custom_padding=\u00a0\u00bb13px||10px|||\u00a0\u00bb global_colors_info=\u00a0\u00bb{}\u00a0\u00bb][et_pb_column type=\u00a0\u00bb1_3&Prime; _builder_version=\u00a0\u00bb4.27.4&Prime; _module_preset=\u00a0\u00bbdefault\u00a0\u00bb global_colors_info=\u00a0\u00bb{}\u00a0\u00bb][et_pb_cta title=\u00a0\u00bbParticipation normale\u00a0\u00bb button_text=\u00a0\u00bbParticipation normale : 150\u20ac (+TVA)\u00a0\u00bb _builder_version=\u00a0\u00bb4.27.4&Prime; _module_preset=\u00a0\u00bbdefault\u00a0\u00bb header_font=\u00a0\u00bbBelleza||||||||\u00a0\u00bb header_text_color=\u00a0\u00bb#12487a\u00a0\u00bb body_text_color=\u00a0\u00bb#494949&Prime; body_font_size=\u00a0\u00bb15px\u00a0\u00bb background_color=\u00a0\u00bbRGBA(0,0,0,0)\u00a0\u00bb use_background_color_gradient=\u00a0\u00bbon\u00a0\u00bb background_color_gradient_stops=\u00a0\u00bbrgba(255,255,255,0.58) 0%|#cee2e8 100%\u00a0\u00bb background_color_gradient_start=\u00a0\u00bbrgba(255,255,255,0.58)\u00a0\u00bb background_color_gradient_end=\u00a0\u00bb#cee2e8&Prime; custom_button=\u00a0\u00bbon\u00a0\u00bb button_text_size=\u00a0\u00bb15px\u00a0\u00bb button_text_color=\u00a0\u00bb#fff5e8&Prime; button_bg_use_color_gradient=\u00a0\u00bbon\u00a0\u00bb button_bg_color_gradient_stops=\u00a0\u00bb#dcb253 0%|#db9900 100%\u00a0\u00bb button_bg_color_gradient_start=\u00a0\u00bb#dcb253&Prime; button_bg_color_gradient_end=\u00a0\u00bb#db9900&Prime; button_border_width=\u00a0\u00bb0px\u00a0\u00bb button_letter_spacing=\u00a0\u00bb2px\u00a0\u00bb button_font=\u00a0\u00bbBelleza|700||on|||||\u00a0\u00bb button_use_icon=\u00a0\u00bboff\u00a0\u00bb button_alignment=\u00a0\u00bbcenter\u00a0\u00bb button_custom_padding=\u00a0\u00bb6px|35px|6px|35px|false|false\u00a0\u00bb width=\u00a0\u00bb90%\u00a0\u00bb module_alignment=\u00a0\u00bbcenter\u00a0\u00bb hover_enabled=\u00a0\u00bb0&Prime; button_alignment_tablet=\u00a0\u00bb\u00a0\u00bb button_alignment_phone=\u00a0\u00bbcenter\u00a0\u00bb button_alignment_last_edited=\u00a0\u00bbon|phone\u00a0\u00bb border_radii=\u00a0\u00bbon|21px|21px|21px|21px\u00a0\u00bb border_width_all=\u00a0\u00bb1px\u00a0\u00bb border_color_all=\u00a0\u00bbrgba(138,211,247,0.46)\u00a0\u00bb button_text_shadow_style=\u00a0\u00bbpreset3&Prime; box_shadow_style=\u00a0\u00bbpreset1&Prime; box_shadow_style_button=\u00a0\u00bbpreset1&Prime; global_colors_info=\u00a0\u00bb{}\u00a0\u00bb button_bg_color__hover_enabled=\u00a0\u00bbon|hover\u00a0\u00bb sticky_enabled=\u00a0\u00bb0&Prime;]<\/p>\n<p>Vous aurez besoin de vous connecter \u00e0 votre compte mylivha (ou en cr\u00e9er un gratuitement) pour effectuer le paiement.<\/p>\n<p>[\/et_pb_cta][\/et_pb_column][et_pb_column type=\u00a0\u00bb1_3&Prime; _builder_version=\u00a0\u00bb4.16&Prime; _module_preset=\u00a0\u00bbdefault\u00a0\u00bb global_colors_info=\u00a0\u00bb{}\u00a0\u00bb][et_pb_cta title=\u00a0\u00bbParticipation normale (r\u00e9duction pour participants \u00e0 la rencontre de l&rsquo;\u00e9t\u00e9)\u00a0\u00bb button_text=\u00a0\u00bbParticipation normale : 135\u20ac (+TVA)\u00a0\u00bb _builder_version=\u00a0\u00bb4.27.4&Prime; _module_preset=\u00a0\u00bbdefault\u00a0\u00bb header_font=\u00a0\u00bbBelleza||||||||\u00a0\u00bb header_text_color=\u00a0\u00bb#12487a\u00a0\u00bb body_text_color=\u00a0\u00bb#494949&Prime; body_font_size=\u00a0\u00bb15px\u00a0\u00bb background_color=\u00a0\u00bbRGBA(0,0,0,0)\u00a0\u00bb use_background_color_gradient=\u00a0\u00bbon\u00a0\u00bb background_color_gradient_stops=\u00a0\u00bbrgba(255,255,255,0.58) 0%|#cee2e8 100%\u00a0\u00bb background_color_gradient_start=\u00a0\u00bbrgba(255,255,255,0.58)\u00a0\u00bb background_color_gradient_end=\u00a0\u00bb#cee2e8&Prime; custom_button=\u00a0\u00bbon\u00a0\u00bb button_text_size=\u00a0\u00bb15px\u00a0\u00bb button_text_color=\u00a0\u00bb#fff5e8&Prime; button_bg_use_color_gradient=\u00a0\u00bbon\u00a0\u00bb button_bg_color_gradient_stops=\u00a0\u00bb#dcb253 0%|#db9900 100%\u00a0\u00bb button_bg_color_gradient_start=\u00a0\u00bb#dcb253&Prime; button_bg_color_gradient_end=\u00a0\u00bb#db9900&Prime; button_border_width=\u00a0\u00bb0px\u00a0\u00bb button_letter_spacing=\u00a0\u00bb2px\u00a0\u00bb button_font=\u00a0\u00bbBelleza|700||on|||||\u00a0\u00bb button_use_icon=\u00a0\u00bboff\u00a0\u00bb button_alignment=\u00a0\u00bbcenter\u00a0\u00bb button_custom_padding=\u00a0\u00bb6px|35px|6px|35px|false|false\u00a0\u00bb width=\u00a0\u00bb90%\u00a0\u00bb module_alignment=\u00a0\u00bbcenter\u00a0\u00bb hover_enabled=\u00a0\u00bb0&Prime; button_alignment_tablet=\u00a0\u00bb\u00a0\u00bb button_alignment_phone=\u00a0\u00bbcenter\u00a0\u00bb button_alignment_last_edited=\u00a0\u00bbon|phone\u00a0\u00bb border_radii=\u00a0\u00bbon|21px|21px|21px|21px\u00a0\u00bb border_width_all=\u00a0\u00bb1px\u00a0\u00bb border_color_all=\u00a0\u00bbrgba(138,211,247,0.46)\u00a0\u00bb button_text_shadow_style=\u00a0\u00bbpreset3&Prime; box_shadow_style=\u00a0\u00bbpreset1&Prime; box_shadow_style_button=\u00a0\u00bbpreset1&Prime; global_colors_info=\u00a0\u00bb{}\u00a0\u00bb button_bg_color__hover_enabled=\u00a0\u00bbon|hover\u00a0\u00bb sticky_enabled=\u00a0\u00bb0&Prime;]<\/p>\n<p>R\u00e9duction de 10% (lien \u00e0 utiliser si vous avez particip\u00e9 \u00e0 la rencontre du Printemps ou \u00e9t\u00e9). Vous aurez besoin de vous connecter \u00e0 votre compte mylivha pour effectuer le paiement.<\/p>\n<p>[\/et_pb_cta][\/et_pb_column][et_pb_column type=\u00a0\u00bb1_3&Prime; _builder_version=\u00a0\u00bb4.16&Prime; _module_preset=\u00a0\u00bbdefault\u00a0\u00bb global_colors_info=\u00a0\u00bb{}\u00a0\u00bb][et_pb_cta title=\u00a0\u00bbDonation bienfaiteur\u00a0\u00bb button_text=\u00a0\u00bbParticipation Bienfaiteur : \u00e0 partir de 200\u20ac\u00a0\u00bb _builder_version=\u00a0\u00bb4.27.4&Prime; _module_preset=\u00a0\u00bbdefault\u00a0\u00bb header_font=\u00a0\u00bbBelleza||||||||\u00a0\u00bb header_text_color=\u00a0\u00bb#12487a\u00a0\u00bb body_text_color=\u00a0\u00bb#494949&Prime; body_font_size=\u00a0\u00bb15px\u00a0\u00bb background_color=\u00a0\u00bbRGBA(0,0,0,0)\u00a0\u00bb use_background_color_gradient=\u00a0\u00bbon\u00a0\u00bb background_color_gradient_stops=\u00a0\u00bbrgba(255,255,255,0.58) 0%|#cee2e8 100%\u00a0\u00bb background_color_gradient_start=\u00a0\u00bbrgba(255,255,255,0.58)\u00a0\u00bb background_color_gradient_end=\u00a0\u00bb#cee2e8&Prime; custom_button=\u00a0\u00bbon\u00a0\u00bb button_text_size=\u00a0\u00bb15px\u00a0\u00bb button_text_color=\u00a0\u00bb#fff5e8&Prime; button_bg_use_color_gradient=\u00a0\u00bbon\u00a0\u00bb button_bg_color_gradient_stops=\u00a0\u00bb#dcb253 0%|#db9900 100%\u00a0\u00bb button_bg_color_gradient_start=\u00a0\u00bb#dcb253&Prime; button_bg_color_gradient_end=\u00a0\u00bb#db9900&Prime; button_border_width=\u00a0\u00bb0px\u00a0\u00bb button_letter_spacing=\u00a0\u00bb2px\u00a0\u00bb button_font=\u00a0\u00bbBelleza|700||on|||||\u00a0\u00bb button_use_icon=\u00a0\u00bboff\u00a0\u00bb button_alignment=\u00a0\u00bbcenter\u00a0\u00bb button_custom_padding=\u00a0\u00bb6px|35px|6px|35px|false|false\u00a0\u00bb width=\u00a0\u00bb90%\u00a0\u00bb hover_enabled=\u00a0\u00bb0&Prime; button_alignment_tablet=\u00a0\u00bb\u00a0\u00bb button_alignment_phone=\u00a0\u00bbcenter\u00a0\u00bb button_alignment_last_edited=\u00a0\u00bbon|phone\u00a0\u00bb border_radii=\u00a0\u00bbon|21px|21px|21px|21px\u00a0\u00bb border_width_all=\u00a0\u00bb1px\u00a0\u00bb border_color_all=\u00a0\u00bbrgba(138,211,247,0.46)\u00a0\u00bb button_text_shadow_style=\u00a0\u00bbpreset3&Prime; box_shadow_style=\u00a0\u00bbpreset1&Prime; box_shadow_style_button=\u00a0\u00bbpreset1&Prime; global_colors_info=\u00a0\u00bb{}\u00a0\u00bb button_bg_color__hover_enabled=\u00a0\u00bbon|hover\u00a0\u00bb sticky_enabled=\u00a0\u00bb0&Prime;]<\/p>\n<p><span>Montant libre <strong>\u00e0 partir de 200\u20ac, exempt\u00e9 de tva<\/strong>. Vous aurez besoin de vous connecter \u00e0 votre compte mylivha (ou en cr\u00e9er un gratuitement) pour effectuer le paiement.\u00a0<\/span><\/p>\n<p>[\/et_pb_cta][\/et_pb_column][\/et_pb_row][et_pb_row use_custom_gutter=\u00a0\u00bbon\u00a0\u00bb gutter_width=\u00a0\u00bb2&Prime; _builder_version=\u00a0\u00bb4.27.2&Prime; _module_preset=\u00a0\u00bbdefault\u00a0\u00bb width=\u00a0\u00bb90%\u00a0\u00bb max_width=\u00a0\u00bb940px\u00a0\u00bb global_colors_info=\u00a0\u00bb{}\u00a0\u00bb][et_pb_column type=\u00a0\u00bb4_4&Prime; _builder_version=\u00a0\u00bb4.16&Prime; _module_preset=\u00a0\u00bbdefault\u00a0\u00bb global_colors_info=\u00a0\u00bb{}\u00a0\u00bb][et_pb_text _builder_version=\u00a0\u00bb4.16&Prime; _module_preset=\u00a0\u00bbdefault\u00a0\u00bb text_font_size=\u00a0\u00bb15px\u00a0\u00bb global_colors_info=\u00a0\u00bb{}\u00a0\u00bb]<\/p>\n<p style=\"text-align: justify;\"><em><strong>Informations concernant les aspects m\u00e9dicaux (sant\u00e9 mentale et physique) :<\/strong><\/em><\/p>\n<p style=\"text-align: justify;\"><em>En m&rsquo;inscrivant, j&rsquo;indique avoir pris connaissance des recommandations concernant les aspects m\u00e9dicaux (sant\u00e9 mentale et physique) : cet \u00e9v\u00e8nement int\u00e8gre des pratiques favorisant des introspections (via par exemple la m\u00e9ditation), et entrainant parfois des remises en question. Ce type de pratiques n&rsquo;est pas forc\u00e9ment adapt\u00e9 \u00e0 tous, celles-ci pouvant d\u00e9boucher sur la r\u00e9v\u00e9lation de couches psychiques parfois jusque-l\u00e0 insconscientes en l&rsquo;\u00eatre, processus pouvant dans certains cas \u00eatre exp\u00e9riment\u00e9 de mani\u00e8re intense ou inconfortable. Ces pratiques ne remplacent pas une th\u00e9rapie, et dans le cas o\u00f9 vous auriez connu des difficult\u00e9s d&rsquo;ordre psychique par le pass\u00e9, nous vous invitons \u00e0 v\u00e9rifier aupr\u00e8s de votre m\u00e9decin ou d&rsquo;un sp\u00e9cialiste que ce type de d\u00e9marche est adapt\u00e9 \u00e0 votre situation.<\/em><\/p>\n<p>[\/et_pb_text][\/et_pb_column][\/et_pb_row][\/et_pb_section]<\/p>\n","protected":false},"excerpt":{"rendered":"<p>Rencontre saisonni\u00e8re avec Meriam \u00ab\u00a0Retrouvailles d\u2019automne\u00a0\u00bb\u00a0 \u2013 Les 1er et 2 novembre 2025 &#8211; Vous trouverez sur cette page les d\u00e9tails concernant la rencontre que vous pourrez suivre par internet depuis votre ordinateur, tablette ou smartphone. La rencontre a lieu en direct le samedi 1er et le dimanche 2 novembre 2025. En bas de la page se situe le lien pour vous y inscrire si vous le souhaitez.Bonjour les \u00c2mis, Je commence ce message en reconnaissant le manque de communication que j\u2019ai eu avec vous concernant les rencontres saisonni\u00e8res online que je propose. Rien ne s\u2019est pass\u00e9 et rien n\u2019a \u00e9t\u00e9 communiqu\u00e9. Et pour cela, je m\u2019excuse sinc\u00e8rement. Je suis, comme vous, en chemin. J\u2019apprends beaucoup de mes exp\u00e9riences et je souhaite am\u00e9liorer et fluidifier la communication entre nous. J\u2019ai chang\u00e9 et je change constamment, j\u2019\u00e9volue et vous aussi \ud83d\ude0a Depuis notre derni\u00e8re retrouvaille, j\u2019ai eu des p\u00e9riodes o\u00f9 j\u2019ai pu faire un point sur ce que je vis, ce qui m\u2019inspire et ce que je souhaite faire pour la suite. Je n\u2019ai pas donn\u00e9 \u00ab signe de vie \u00bb pour la rencontre online d\u2019automne qui devait se d\u00e9rouler le weekend pr\u00e9c\u00e9dent (et pour cela je m\u2019en excuse encore). Si [&hellip;]<\/p>\n","protected":false},"author":1,"featured_media":0,"parent":0,"menu_order":0,"comment_status":"closed","ping_status":"closed","template":"","meta":{"_et_pb_use_builder":"on","_et_pb_old_content":"","_et_gb_content_width":"","footnotes":""},"class_list":["post-237377","page","type-page","status-publish","hentry"],"_links":{"self":[{"href":"https:\/\/livha.org\/fr\/wp-json\/wp\/v2\/pages\/237377","targetHints":{"allow":["GET"]}}],"collection":[{"href":"https:\/\/livha.org\/fr\/wp-json\/wp\/v2\/pages"}],"about":[{"href":"https:\/\/livha.org\/fr\/wp-json\/wp\/v2\/types\/page"}],"author":[{"embeddable":true,"href":"https:\/\/livha.org\/fr\/wp-json\/wp\/v2\/users\/1"}],"replies":[{"embeddable":true,"href":"https:\/\/livha.org\/fr\/wp-json\/wp\/v2\/comments?post=237377"}],"version-history":[{"count":13,"href":"https:\/\/livha.org\/fr\/wp-json\/wp\/v2\/pages\/237377\/revisions"}],"predecessor-version":[{"id":237397,"href":"https:\/\/livha.org\/fr\/wp-json\/wp\/v2\/pages\/237377\/revisions\/237397"}],"wp:attachment":[{"href":"https:\/\/livha.org\/fr\/wp-json\/wp\/v2\/media?parent=237377"}],"curies":[{"name":"wp","href":"https:\/\/api.w.org\/{rel}","templated":true}]}}